{"id":59856,"date":"2024-02-15T10:31:20","date_gmt":"2024-09-13T16:05:30","guid":{"rendered":"https:\/\/staging.nbg.eu\/product\/geissele-super-configurable-safety-selector-black\/"},"modified":"2024-09-13T16:06:14","modified_gmt":"2024-09-13T16:06:14","slug":"geissele-super-saeaedettaevae-turvakytkin-musta","status":"publish","type":"product","link":"https:\/\/staging.nbg.eu\/fi\/tuote\/geissele-super-saeaedettaevae-turvakytkin-musta\/","title":{"rendered":"Geissele Super S\u00e4\u00e4dett\u00e4v\u00e4 Turvakytkin &#8211; Musta"},"content":{"rendered":"<div class=\"product-description\">\n<h2>Geissele S\u00e4\u00e4dett\u00e4v\u00e4 Varmistin &#8211; Musta<\/h2>\n<p>Kaksipuolinen varmistin. Vaihdettavat vivut. Jousij\u00e4nnitteinen lukitusmekanismi. Ruostumattomasta ter\u00e4ksest\u00e4 valmistettu runko. Parantaa aseen turvallisuutta ja k\u00e4ytett\u00e4vyytt\u00e4.<\/p>\n<\/div>\n","protected":false},"excerpt":{"rendered":"<p>Molemmille k\u00e4sille sopiva, s\u00e4\u00e4dett\u00e4v\u00e4 varmistinvalitsin AR-15:lle. Kest\u00e4v\u00e4\u00e4 ter\u00e4st\u00e4.<\/p>\n","protected":false},"featured_media":59857,"template":"","meta":{"_acf_changed":false},"product_brand":[11378],"product_cat":[13225,13174],"product_tag":[],"class_list":{"0":"post-59856","1":"product","2":"type-product","3":"status-publish","4":"has-post-thumbnail","6":"product_brand-geissele","7":"product_cat-kivaeaeri","8":"product_cat-kivaeaerin-viritys","10":"first","11":"instock","12":"taxable","13":"shipping-taxable","14":"product-type-simple"},"acf":[],"_links":{"self":[{"href":"https:\/\/staging.nbg.eu\/fi\/wp-json\/wp\/v2\/product\/59856","targetHints":{"allow":["GET"]}}],"collection":[{"href":"https:\/\/staging.nbg.eu\/fi\/wp-json\/wp\/v2\/product"}],"about":[{"href":"https:\/\/staging.nbg.eu\/fi\/wp-json\/wp\/v2\/types\/product"}],"wp:featuredmedia":[{"embeddable":true,"href":"https:\/\/staging.nbg.eu\/fi\/wp-json\/wp\/v2\/media\/59857"}],"wp:attachment":[{"href":"https:\/\/staging.nbg.eu\/fi\/wp-json\/wp\/v2\/media?parent=59856"}],"wp:term":[{"taxonomy":"product_brand","embeddable":true,"href":"https:\/\/staging.nbg.eu\/fi\/wp-json\/wp\/v2\/product_brand?post=59856"},{"taxonomy":"product_cat","embeddable":true,"href":"https:\/\/staging.nbg.eu\/fi\/wp-json\/wp\/v2\/product_cat?post=59856"},{"taxonomy":"product_tag","embeddable":true,"href":"https:\/\/staging.nbg.eu\/fi\/wp-json\/wp\/v2\/product_tag?post=59856"}],"curies":[{"name":"wp","href":"https:\/\/api.w.org\/{rel}","templated":true}]}}