{"id":59694,"date":"2024-02-15T10:48:43","date_gmt":"2024-09-13T16:01:52","guid":{"rendered":"https:\/\/staging.nbg.eu\/product\/geissele-maritime-bolt-catch\/"},"modified":"2024-09-13T16:02:37","modified_gmt":"2024-09-13T16:02:37","slug":"geissele-maritime-lukon-salpa","status":"publish","type":"product","link":"https:\/\/staging.nbg.eu\/fi\/tuote\/geissele-maritime-lukon-salpa\/","title":{"rendered":"Geissele Maritime Lukon Salpa"},"content":{"rendered":"<p>\nGeissele Maritime Bolt Catch parantaa AR-15:n toimintaa:<\/p>\n<ul>\n<li>Yhteensopiva mil-spec M16\/M4 ala-aseiden kanssa<\/li>\n<li>Suurempi pinta-ala helpompaa k\u00e4ytt\u00f6\u00e4 varten<\/li>\n<li>Pidennetyt hallintalaitteet vasenk\u00e4tisille ampujille<\/li>\n<li>Karkea pinta varmempaa otetta varten<\/li>\n<li>Sopii k\u00e4ytett\u00e4v\u00e4ksi hansikkailla tai h\u00e4m\u00e4r\u00e4ss\u00e4<\/li>\n<\/ul>\n<p>T\u00e4m\u00e4 lukonpid\u00e4tin on suunniteltu sek\u00e4 ammattilaisille ett\u00e4 harrastajille.<\/p>\n","protected":false},"excerpt":{"rendered":"<p>Paranneltu lukonpid\u00e4tin suuremmalla pinnalla helpompaa k\u00e4ytt\u00f6\u00e4 varten.<\/p>\n","protected":false},"featured_media":59695,"template":"","meta":{"_acf_changed":false},"product_brand":[11378],"product_cat":[13225,13174],"product_tag":[],"class_list":{"0":"post-59694","1":"product","2":"type-product","3":"status-publish","4":"has-post-thumbnail","6":"product_brand-geissele","7":"product_cat-kivaeaeri","8":"product_cat-kivaeaerin-viritys","10":"first","11":"instock","12":"taxable","13":"shipping-taxable","14":"product-type-simple"},"acf":[],"_links":{"self":[{"href":"https:\/\/staging.nbg.eu\/fi\/wp-json\/wp\/v2\/product\/59694","targetHints":{"allow":["GET"]}}],"collection":[{"href":"https:\/\/staging.nbg.eu\/fi\/wp-json\/wp\/v2\/product"}],"about":[{"href":"https:\/\/staging.nbg.eu\/fi\/wp-json\/wp\/v2\/types\/product"}],"wp:featuredmedia":[{"embeddable":true,"href":"https:\/\/staging.nbg.eu\/fi\/wp-json\/wp\/v2\/media\/59695"}],"wp:attachment":[{"href":"https:\/\/staging.nbg.eu\/fi\/wp-json\/wp\/v2\/media?parent=59694"}],"wp:term":[{"taxonomy":"product_brand","embeddable":true,"href":"https:\/\/staging.nbg.eu\/fi\/wp-json\/wp\/v2\/product_brand?post=59694"},{"taxonomy":"product_cat","embeddable":true,"href":"https:\/\/staging.nbg.eu\/fi\/wp-json\/wp\/v2\/product_cat?post=59694"},{"taxonomy":"product_tag","embeddable":true,"href":"https:\/\/staging.nbg.eu\/fi\/wp-json\/wp\/v2\/product_tag?post=59694"}],"curies":[{"name":"wp","href":"https:\/\/api.w.org\/{rel}","templated":true}]}}