{"id":59494,"date":"2024-02-15T11:08:39","date_gmt":"2024-09-13T15:58:06","guid":{"rendered":"https:\/\/staging.nbg.eu\/product\/geissele-picatinny-rail-for-m-lok-7-slots\/"},"modified":"2024-09-13T15:58:58","modified_gmt":"2024-09-13T15:58:58","slug":"geissele-picatinny-kisko-m-loklle-7-uraa","status":"publish","type":"product","link":"https:\/\/staging.nbg.eu\/fi\/tuote\/geissele-picatinny-kisko-m-loklle-7-uraa\/","title":{"rendered":"Geissele Picatinny Kisko M-LOK:lle, 7 Uraa"},"content":{"rendered":"<div class=\"product-description\">\n<h2>Geissele Picatinny-kisko M-LOK:lle, 7 paikkaa<\/h2>\n<p>Geisselen Picatinny-lis\u00e4varustelista AR-15:lle. T\u00e4ss\u00e4 7-paikkaisessa kiskossa on 7075-T6 alumiinirakenne ja anodisoitu pinta. Se on suunniteltu kiinnitt\u00e4m\u00e4\u00e4n lis\u00e4varusteita M-LOK-k\u00e4densuojukseen. Kisko on valmistettu tarkkojen mittojen mukaan.<\/p>\n<\/div>\n","protected":false},"excerpt":{"rendered":"<p>Tarkka 7-urainen Picatinny-kisko M-LOK:ille. Turvallinen AR-15-lis\u00e4varustekiinnitys.<\/p>\n","protected":false},"featured_media":59495,"template":"","meta":{"_acf_changed":false},"product_brand":[11378],"product_cat":[13173,13225],"product_tag":[],"class_list":{"0":"post-59494","1":"product","2":"type-product","3":"status-publish","4":"has-post-thumbnail","6":"product_brand-geissele","7":"product_cat-kiskot","8":"product_cat-kivaeaeri","10":"first","11":"instock","12":"taxable","13":"shipping-taxable","14":"product-type-variable","15":"wvs-archive-product-wrapper"},"acf":[],"_links":{"self":[{"href":"https:\/\/staging.nbg.eu\/fi\/wp-json\/wp\/v2\/product\/59494","targetHints":{"allow":["GET"]}}],"collection":[{"href":"https:\/\/staging.nbg.eu\/fi\/wp-json\/wp\/v2\/product"}],"about":[{"href":"https:\/\/staging.nbg.eu\/fi\/wp-json\/wp\/v2\/types\/product"}],"wp:featuredmedia":[{"embeddable":true,"href":"https:\/\/staging.nbg.eu\/fi\/wp-json\/wp\/v2\/media\/59495"}],"wp:attachment":[{"href":"https:\/\/staging.nbg.eu\/fi\/wp-json\/wp\/v2\/media?parent=59494"}],"wp:term":[{"taxonomy":"product_brand","embeddable":true,"href":"https:\/\/staging.nbg.eu\/fi\/wp-json\/wp\/v2\/product_brand?post=59494"},{"taxonomy":"product_cat","embeddable":true,"href":"https:\/\/staging.nbg.eu\/fi\/wp-json\/wp\/v2\/product_cat?post=59494"},{"taxonomy":"product_tag","embeddable":true,"href":"https:\/\/staging.nbg.eu\/fi\/wp-json\/wp\/v2\/product_tag?post=59494"}],"curies":[{"name":"wp","href":"https:\/\/api.w.org\/{rel}","templated":true}]}}