{"id":59032,"date":"2024-02-15T11:15:35","date_gmt":"2024-09-13T15:20:12","guid":{"rendered":"https:\/\/staging.nbg.eu\/product\/geissele-rail-panels-black-ddc\/"},"modified":"2024-09-13T15:21:04","modified_gmt":"2024-09-13T15:21:04","slug":"geissele-kiskopaneelit-mustaddc","status":"publish","type":"product","link":"https:\/\/staging.nbg.eu\/fi\/tuote\/geissele-kiskopaneelit-mustaddc\/","title":{"rendered":"Geissele Kiskopaneelit (Musta\/DDC)"},"content":{"rendered":"<div class=\"product-description\">\n<h2>Geissele M-Lok-kiskopaneelit (Musta\/DDC)<\/h2>\n<p>URGI-kiskoon sopivat Geissele M-Lok-kiskopaneelit. Ominaisuudet:<\/p>\n<ul>\n<li>Karhea pinta parantaa otetta<\/li>\n<li>Valmistettu puolustusluokan polymeerist\u00e4<\/li>\n<li>Kest\u00e4v\u00e4 kovassa k\u00e4yt\u00f6ss\u00e4<\/li>\n<li>Toimii l\u00e4mp\u00f6suojana<\/li>\n<li>Saatavana mustana ja DDC-v\u00e4risen\u00e4<\/li>\n<\/ul>\n<p>N\u00e4m\u00e4 kiskopaneelit parantavat aseen k\u00e4sittely\u00e4 ja suojaavat k\u00e4si\u00e4.<\/p>\n<\/div>\n","protected":false},"excerpt":{"rendered":"<p>Kest\u00e4v\u00e4t, teksturoidut M-LOK-kiskopaneelit parantavat otetta ja toimivat l\u00e4mp\u00f6suojana.<\/p>\n","protected":false},"featured_media":59033,"template":"","meta":{"_acf_changed":false},"product_brand":[11378],"product_cat":[13173,13225],"product_tag":[],"class_list":{"0":"post-59032","1":"product","2":"type-product","3":"status-publish","4":"has-post-thumbnail","6":"product_brand-geissele","7":"product_cat-kiskot","8":"product_cat-kivaeaeri","10":"first","11":"instock","12":"taxable","13":"shipping-taxable","14":"product-type-variable","15":"wvs-archive-product-wrapper"},"acf":[],"_links":{"self":[{"href":"https:\/\/staging.nbg.eu\/fi\/wp-json\/wp\/v2\/product\/59032","targetHints":{"allow":["GET"]}}],"collection":[{"href":"https:\/\/staging.nbg.eu\/fi\/wp-json\/wp\/v2\/product"}],"about":[{"href":"https:\/\/staging.nbg.eu\/fi\/wp-json\/wp\/v2\/types\/product"}],"wp:featuredmedia":[{"embeddable":true,"href":"https:\/\/staging.nbg.eu\/fi\/wp-json\/wp\/v2\/media\/59033"}],"wp:attachment":[{"href":"https:\/\/staging.nbg.eu\/fi\/wp-json\/wp\/v2\/media?parent=59032"}],"wp:term":[{"taxonomy":"product_brand","embeddable":true,"href":"https:\/\/staging.nbg.eu\/fi\/wp-json\/wp\/v2\/product_brand?post=59032"},{"taxonomy":"product_cat","embeddable":true,"href":"https:\/\/staging.nbg.eu\/fi\/wp-json\/wp\/v2\/product_cat?post=59032"},{"taxonomy":"product_tag","embeddable":true,"href":"https:\/\/staging.nbg.eu\/fi\/wp-json\/wp\/v2\/product_tag?post=59032"}],"curies":[{"name":"wp","href":"https:\/\/api.w.org\/{rel}","templated":true}]}}