{"id":58833,"date":"2024-02-15T19:41:39","date_gmt":"2024-09-13T15:17:22","guid":{"rendered":"https:\/\/staging.nbg.eu\/product\/geissele-super-gas-block-black\/"},"modified":"2024-09-13T15:18:07","modified_gmt":"2024-09-13T15:18:07","slug":"geissele-super-kaasulohko-musta","status":"publish","type":"product","link":"https:\/\/staging.nbg.eu\/fi\/tuote\/geissele-super-kaasulohko-musta\/","title":{"rendered":"Geissele Super Kaasulohko &#8211; Musta"},"content":{"rendered":"<div class=\"product-description\">\n<h2>Geissele Super kaasuportti &#8211; Musta<\/h2>\n<p>Geissele Super kaasuportti on matalaprofiilinen, tarkkuusvalmistettu komponentti, joka sopii useimpien vapaasti kelluvien k\u00e4densuojusten alle. Se on valmistettu 17-4 erkautuskarkenevasta ruostumattomasta ter\u00e4ksest\u00e4, mik\u00e4 tarjoaa erinomaisen korroosionkest\u00e4vyyden ja kest\u00e4vyyden.<\/p>\n<ul>\n<li>Kest\u00e4\u00e4 tuhansia laukauksia<\/li>\n<li>Sis\u00e4lt\u00e4\u00e4 vakioasetusruuvin ja &#8221;Bombproof Installation&#8221; -asennusmenetelm\u00e4t<\/li>\n<li>Kierretappi lukitsee kaasuportin paikoilleen vakauden varmistamiseksi<\/li>\n<li>Ruostumaton ter\u00e4stapit varmistavat t\u00e4ydellisen kohdistuksen Geissele CHF -piippujen kanssa<\/li>\n<\/ul>\n<p>Geissele Super kaasuportti on suunniteltu toimimaan luotettavasti kaikissa k\u00e4ytt\u00f6olosuhteissa.<\/p>\n<\/div>\n","protected":false},"excerpt":{"rendered":"<p>Matalaprofiilinen, kest\u00e4v\u00e4 ruostumattomasta ter\u00e4ksest\u00e4 valmistettu kaasuns\u00e4\u00e4din AR-15-kiv\u00e4\u00e4reihin.<\/p>\n","protected":false},"featured_media":58834,"template":"","meta":{"_acf_changed":false},"product_brand":[11378],"product_cat":[13225,13174],"product_tag":[],"class_list":{"0":"post-58833","1":"product","2":"type-product","3":"status-publish","4":"has-post-thumbnail","6":"product_brand-geissele","7":"product_cat-kivaeaeri","8":"product_cat-kivaeaerin-viritys","10":"first","11":"instock","12":"taxable","13":"shipping-taxable","14":"product-type-simple"},"acf":[],"_links":{"self":[{"href":"https:\/\/staging.nbg.eu\/fi\/wp-json\/wp\/v2\/product\/58833","targetHints":{"allow":["GET"]}}],"collection":[{"href":"https:\/\/staging.nbg.eu\/fi\/wp-json\/wp\/v2\/product"}],"about":[{"href":"https:\/\/staging.nbg.eu\/fi\/wp-json\/wp\/v2\/types\/product"}],"wp:featuredmedia":[{"embeddable":true,"href":"https:\/\/staging.nbg.eu\/fi\/wp-json\/wp\/v2\/media\/58834"}],"wp:attachment":[{"href":"https:\/\/staging.nbg.eu\/fi\/wp-json\/wp\/v2\/media?parent=58833"}],"wp:term":[{"taxonomy":"product_brand","embeddable":true,"href":"https:\/\/staging.nbg.eu\/fi\/wp-json\/wp\/v2\/product_brand?post=58833"},{"taxonomy":"product_cat","embeddable":true,"href":"https:\/\/staging.nbg.eu\/fi\/wp-json\/wp\/v2\/product_cat?post=58833"},{"taxonomy":"product_tag","embeddable":true,"href":"https:\/\/staging.nbg.eu\/fi\/wp-json\/wp\/v2\/product_tag?post=58833"}],"curies":[{"name":"wp","href":"https:\/\/api.w.org\/{rel}","templated":true}]}}