{"id":583501,"date":"2025-10-08T23:38:14","date_gmt":"2025-10-08T20:38:14","guid":{"rendered":"https:\/\/staging.nbg.eu\/product\/bipod-harris-s-brm-notch-rotate-6-9\/"},"modified":"2025-10-16T14:45:39","modified_gmt":"2025-10-16T11:45:39","slug":"kaksjalka-harris-s-brm-lovi-kierto-6-9","status":"publish","type":"product","link":"https:\/\/staging.nbg.eu\/fi\/tuote\/kaksjalka-harris-s-brm-lovi-kierto-6-9\/","title":{"rendered":"Kaksjalka Harris &#8211; S &#8211; BRM Lovi Kierto 6-9&#8243;"},"content":{"rendered":"<div class=\"product-description\">\n<h2>Harris 6&#8243; &#8211; 9&#8243; K\u00e4\u00e4ntyv\u00e4 Tukijalka Jalkalovilla BRM-S<\/h2>\n<p>Harris 6&#8243; &#8211; 9&#8243; K\u00e4\u00e4ntyv\u00e4 Tukijalka (BRM-S) ominaisuudet:<\/p>\n<ul>\n<li>S\u00e4\u00e4dett\u00e4v\u00e4t jalat 6&#8243; &#8211; 9&#8243;<\/li>\n<li>Penkkituki vakautta varten<\/li>\n<li>K\u00e4\u00e4ntyv\u00e4 ominaisuus ep\u00e4tasaiselle maastolle<\/li>\n<li>Jalkalovia tarkkaa korkeuden s\u00e4\u00e4t\u00f6\u00e4 varten<\/li>\n<\/ul>\n<p>Suljettu leveys 2 3\/4&#8243; ja avoin leveys 7 1\/4&#8243;, paino 8 unssia. Sopii erilaisiin ampuma-asentoihin. Harris BRM-S tukijalka on kest\u00e4v\u00e4 ja toiminnallinen lis\u00e4varuste mets\u00e4st\u00e4jille ja kilpa-ampujille.<\/p>\n<p>SKU: Harris-BRM-S | UPC: 051156113090 | MPN: S-BRM<\/p>\n<\/div>\n","protected":false},"excerpt":{"rendered":"<p>S\u00e4\u00e4dett\u00e4v\u00e4 6-9 tuuman k\u00e4\u00e4ntyv\u00e4 kaksijalka lovitetuilla jaloilla. Valmis ampumap\u00f6yt\u00e4k\u00e4ytt\u00f6\u00f6n.<\/p>\n","protected":false},"featured_media":583538,"template":"","meta":{"_acf_changed":false},"product_brand":[12014],"product_cat":[13218],"product_tag":[],"class_list":{"0":"post-583501","1":"product","2":"type-product","3":"status-publish","4":"has-post-thumbnail","6":"product_brand-harris-bipods","7":"product_cat-jalustakiinnikkeet","9":"first","10":"outofstock","11":"taxable","12":"shipping-taxable","13":"purchasable","14":"product-type-simple"},"acf":[],"_links":{"self":[{"href":"https:\/\/staging.nbg.eu\/fi\/wp-json\/wp\/v2\/product\/583501","targetHints":{"allow":["GET"]}}],"collection":[{"href":"https:\/\/staging.nbg.eu\/fi\/wp-json\/wp\/v2\/product"}],"about":[{"href":"https:\/\/staging.nbg.eu\/fi\/wp-json\/wp\/v2\/types\/product"}],"wp:featuredmedia":[{"embeddable":true,"href":"https:\/\/staging.nbg.eu\/fi\/wp-json\/wp\/v2\/media\/583538"}],"wp:attachment":[{"href":"https:\/\/staging.nbg.eu\/fi\/wp-json\/wp\/v2\/media?parent=583501"}],"wp:term":[{"taxonomy":"product_brand","embeddable":true,"href":"https:\/\/staging.nbg.eu\/fi\/wp-json\/wp\/v2\/product_brand?post=583501"},{"taxonomy":"product_cat","embeddable":true,"href":"https:\/\/staging.nbg.eu\/fi\/wp-json\/wp\/v2\/product_cat?post=583501"},{"taxonomy":"product_tag","embeddable":true,"href":"https:\/\/staging.nbg.eu\/fi\/wp-json\/wp\/v2\/product_tag?post=583501"}],"curies":[{"name":"wp","href":"https:\/\/api.w.org\/{rel}","templated":true}]}}