{"id":58272,"date":"2024-02-20T19:05:47","date_gmt":"2024-02-20T19:05:47","guid":{"rendered":"https:\/\/staging.nbg.eu\/product\/grovtec-heavy-duty-push-button-qd-sling-swivel\/"},"modified":"2024-09-13T15:04:50","modified_gmt":"2024-09-13T15:04:50","slug":"grovtec-raskaan-sarjan-painonappi-qd-hihnapyoerivae","status":"publish","type":"product","link":"https:\/\/staging.nbg.eu\/fi\/tuote\/grovtec-raskaan-sarjan-painonappi-qd-hihnapyoerivae\/","title":{"rendered":"GROVTEC Raskaan Sarjan Painonappi QD Hihnapy\u00f6riv\u00e4"},"content":{"rendered":"<p>GROVTEC QD-hihnapikakiinnike on lis\u00e4varuste 1-1\/4 tuuman hihnoille. T\u00e4m\u00e4 yksitt\u00e4in pakattu kiinnike sis\u00e4lt\u00e4\u00e4:<\/p>\n<ul>\n<li>Vetotestattu 450 paunaan asti<\/li>\n<li>Heijastamaton mangaanifosfaattipinta<\/li>\n<li>Painonappimekanismi nopeaa irrottamista varten<\/li>\n<li>Kest\u00e4v\u00e4 rakenne pitk\u00e4aikaista k\u00e4ytt\u00f6\u00e4 varten<\/li>\n<\/ul>\n<p>T\u00e4m\u00e4 kiinnike on lis\u00e4varuste ampuma-aseeseen.<\/p>\n","protected":false},"excerpt":{"rendered":"<p>Kest\u00e4v\u00e4 1,25 tuuman asehihnan kiinnike, 450 paunan kuormituksella testattu, pikairrotettava painonapilla, mattaviimeistely.<\/p>\n","protected":false},"featured_media":58273,"template":"","meta":{"_acf_changed":false},"product_brand":[],"product_cat":[13188,13225],"product_tag":[],"class_list":{"0":"post-58272","1":"product","2":"type-product","3":"status-publish","4":"has-post-thumbnail","6":"product_cat-hihnat","7":"product_cat-kivaeaeri","9":"first","10":"instock","11":"taxable","12":"shipping-taxable","13":"product-type-simple"},"acf":[],"_links":{"self":[{"href":"https:\/\/staging.nbg.eu\/fi\/wp-json\/wp\/v2\/product\/58272","targetHints":{"allow":["GET"]}}],"collection":[{"href":"https:\/\/staging.nbg.eu\/fi\/wp-json\/wp\/v2\/product"}],"about":[{"href":"https:\/\/staging.nbg.eu\/fi\/wp-json\/wp\/v2\/types\/product"}],"wp:featuredmedia":[{"embeddable":true,"href":"https:\/\/staging.nbg.eu\/fi\/wp-json\/wp\/v2\/media\/58273"}],"wp:attachment":[{"href":"https:\/\/staging.nbg.eu\/fi\/wp-json\/wp\/v2\/media?parent=58272"}],"wp:term":[{"taxonomy":"product_brand","embeddable":true,"href":"https:\/\/staging.nbg.eu\/fi\/wp-json\/wp\/v2\/product_brand?post=58272"},{"taxonomy":"product_cat","embeddable":true,"href":"https:\/\/staging.nbg.eu\/fi\/wp-json\/wp\/v2\/product_cat?post=58272"},{"taxonomy":"product_tag","embeddable":true,"href":"https:\/\/staging.nbg.eu\/fi\/wp-json\/wp\/v2\/product_tag?post=58272"}],"curies":[{"name":"wp","href":"https:\/\/api.w.org\/{rel}","templated":true}]}}