{"id":582577,"date":"2025-10-10T18:10:11","date_gmt":"2025-10-10T15:10:11","guid":{"rendered":"https:\/\/staging.nbg.eu\/product\/daa-gripz-grip-enhancer-75-ml\/"},"modified":"2025-10-16T13:57:09","modified_gmt":"2025-10-16T10:57:09","slug":"daa-gripz-pidon-parantaja-75-ml","status":"publish","type":"product","link":"https:\/\/staging.nbg.eu\/fi\/tuote\/daa-gripz-pidon-parantaja-75-ml\/","title":{"rendered":"DAA GRIPZ &#8211; Pidon parantaja 75 ml"},"content":{"rendered":"<div class=\"product-description\">\n<h2>DAA GRIPZ &#8211; Otteen parantaja 75 ml<\/h2>\n<p>DAA GRIPZ on otetta parantava voide IPSC- ja USPSA-pistooliammuntaan. T\u00e4m\u00e4 75 ml:n pullo auttaa varmistamaan pit\u00e4v\u00e4n otteen m\u00e4riss\u00e4 olosuhteissa ja kuumassa s\u00e4\u00e4ss\u00e4.<\/p>\n<ul>\n<li>Silikapohjainen koostumus, jossa on alkoholia ja stabilointiaineita<\/li>\n<li>K\u00e4yt\u00e4nn\u00f6llinen &#8221;Snap-cap&#8221;-suljin yhdell\u00e4 k\u00e4dell\u00e4 k\u00e4ytt\u00f6\u00e4 varten<\/li>\n<li>Siistimpi levitys &#8211; ei kuivu valkoiseksi tai tartu helposti vaatteisiin ja pistoolinper\u00e4\u00e4n<\/li>\n<li>Sopii k\u00e4mmenten pit\u00e4miseen kuivana ja varman otteen saamiseen nopeassa ja tarkassa ammunnassa<\/li>\n<\/ul>\n<p>DAA GRIPZ voi auttaa parantamaan ammuntasuoritusta.<\/p>\n<\/div>\n","protected":false},"excerpt":{"rendered":"<p>DAA GRIPZ: Parantaa otetta tarkkaa ammuntaa varten. 75 ml:n pullo.<\/p>\n","protected":false},"featured_media":582654,"template":"","meta":{"_acf_changed":false},"product_brand":[],"product_cat":[13241],"product_tag":[],"class_list":{"0":"post-582577","1":"product","2":"type-product","3":"status-publish","4":"has-post-thumbnail","6":"product_cat-luokittelematon","8":"first","9":"instock","10":"taxable","11":"shipping-taxable","12":"purchasable","13":"product-type-simple"},"acf":[],"_links":{"self":[{"href":"https:\/\/staging.nbg.eu\/fi\/wp-json\/wp\/v2\/product\/582577","targetHints":{"allow":["GET"]}}],"collection":[{"href":"https:\/\/staging.nbg.eu\/fi\/wp-json\/wp\/v2\/product"}],"about":[{"href":"https:\/\/staging.nbg.eu\/fi\/wp-json\/wp\/v2\/types\/product"}],"wp:featuredmedia":[{"embeddable":true,"href":"https:\/\/staging.nbg.eu\/fi\/wp-json\/wp\/v2\/media\/582654"}],"wp:attachment":[{"href":"https:\/\/staging.nbg.eu\/fi\/wp-json\/wp\/v2\/media?parent=582577"}],"wp:term":[{"taxonomy":"product_brand","embeddable":true,"href":"https:\/\/staging.nbg.eu\/fi\/wp-json\/wp\/v2\/product_brand?post=582577"},{"taxonomy":"product_cat","embeddable":true,"href":"https:\/\/staging.nbg.eu\/fi\/wp-json\/wp\/v2\/product_cat?post=582577"},{"taxonomy":"product_tag","embeddable":true,"href":"https:\/\/staging.nbg.eu\/fi\/wp-json\/wp\/v2\/product_tag?post=582577"}],"curies":[{"name":"wp","href":"https:\/\/api.w.org\/{rel}","templated":true}]}}