{"id":582265,"date":"2025-10-10T18:10:10","date_gmt":"2025-10-10T15:10:10","guid":{"rendered":"https:\/\/staging.nbg.eu\/product\/daa-magnet-inc-screw-and-thermal-nut-for-racer-pouch\/"},"modified":"2025-10-16T13:40:09","modified_gmt":"2025-10-16T10:40:09","slug":"daa-magneetti-sis-ruuvi-ja-laempoemutteri-kilpailupussiin","status":"publish","type":"product","link":"https:\/\/staging.nbg.eu\/fi\/tuote\/daa-magneetti-sis-ruuvi-ja-laempoemutteri-kilpailupussiin\/","title":{"rendered":"DAA Magneetti sis. ruuvi ja l\u00e4mp\u00f6mutteri kilpailupussiin"},"content":{"rendered":"<div class=\"product-description\">\n<h2>DAA Magneettisarja Single Stack Racer -lipastaskuille<\/h2>\n<p>P\u00e4ivit\u00e4 DAA Single Stack Racer -lipastaskusi t\u00e4ll\u00e4 magneettikiinnitysratkaisulla. Sarja sis\u00e4lt\u00e4\u00e4:<\/p>\n<ul>\n<li>Suuri 42mm N42 magneetti<\/li>\n<li>Upotettu M5-mutteri<\/li>\n<li>12mm M5-ruuvi<\/li>\n<\/ul>\n<p>Asennus on nopeaa ja helppoa, hy\u00f6dynt\u00e4en taskun ulkosivulla olevaa reik\u00e4\u00e4. Parhaan tuloksen saavuttamiseksi:<\/p>\n<ol>\n<li>M\u00e4\u00e4rit\u00e4 ja lukitse haluttu taskun kulma ennen asennusta<\/li>\n<li>Asenna magneetti mukana tulevilla osilla<\/li>\n<\/ol>\n<p><strong>Huomio:<\/strong> Asennuksen j\u00e4lkeen p\u00e4\u00e4sy keskikiinnitysruuviin voi olla rajoitettu. Harkitse mukautetun 3mm:n kuusiokoloavaimen valmistamista lyhyell\u00e4 varrella tulevia s\u00e4\u00e4t\u00f6j\u00e4 varten.<\/p>\n<p>Paranna taskusi monik\u00e4ytt\u00f6isyytt\u00e4 t\u00e4ll\u00e4 magneettikiinnityssarjalla.<\/p>\n<\/div>\n","protected":false},"excerpt":{"rendered":"<p>Magneettikiinnityssarja DAA Single Stack Racer -lipastaskuille. Helppo asentaa.<\/p>\n","protected":false},"featured_media":582303,"template":"","meta":{"_acf_changed":false},"product_brand":[],"product_cat":[13183,13195,13192],"product_tag":[],"class_list":{"0":"post-582265","1":"product","2":"type-product","3":"status-publish","4":"has-post-thumbnail","6":"product_cat-pussit","7":"product_cat-urheiluvyoet","8":"product_cat-varusteet","10":"first","11":"instock","12":"taxable","13":"shipping-taxable","14":"purchasable","15":"product-type-simple"},"acf":[],"_links":{"self":[{"href":"https:\/\/staging.nbg.eu\/fi\/wp-json\/wp\/v2\/product\/582265","targetHints":{"allow":["GET"]}}],"collection":[{"href":"https:\/\/staging.nbg.eu\/fi\/wp-json\/wp\/v2\/product"}],"about":[{"href":"https:\/\/staging.nbg.eu\/fi\/wp-json\/wp\/v2\/types\/product"}],"wp:featuredmedia":[{"embeddable":true,"href":"https:\/\/staging.nbg.eu\/fi\/wp-json\/wp\/v2\/media\/582303"}],"wp:attachment":[{"href":"https:\/\/staging.nbg.eu\/fi\/wp-json\/wp\/v2\/media?parent=582265"}],"wp:term":[{"taxonomy":"product_brand","embeddable":true,"href":"https:\/\/staging.nbg.eu\/fi\/wp-json\/wp\/v2\/product_brand?post=582265"},{"taxonomy":"product_cat","embeddable":true,"href":"https:\/\/staging.nbg.eu\/fi\/wp-json\/wp\/v2\/product_cat?post=582265"},{"taxonomy":"product_tag","embeddable":true,"href":"https:\/\/staging.nbg.eu\/fi\/wp-json\/wp\/v2\/product_tag?post=582265"}],"curies":[{"name":"wp","href":"https:\/\/api.w.org\/{rel}","templated":true}]}}