{"id":582055,"date":"2025-10-10T18:10:00","date_gmt":"2025-10-10T15:10:00","guid":{"rendered":"https:\/\/staging.nbg.eu\/product\/daa-magnet-with-m4-screw-for-x-ray-pouches\/"},"modified":"2025-10-16T11:53:45","modified_gmt":"2025-10-16T08:53:45","slug":"daa-magneetti-m4-ruuvilla-x-ray-pusseihin","status":"publish","type":"product","link":"https:\/\/staging.nbg.eu\/fi\/tuote\/daa-magneetti-m4-ruuvilla-x-ray-pusseihin\/","title":{"rendered":"DAA Magneetti M4 Ruuvilla X-Ray Pusseihin"},"content":{"rendered":"<div class=\"product-description\">\n<h2>DAA Magneetti M4-ruuvilla r\u00f6ntgenpusseja varten<\/h2>\n<p>Magneetti alumiini- ja muovir\u00f6ntgenpusseihin. Suunniteltu pit\u00e4m\u00e4\u00e4n poimintavaiheet ja lippaat paikallaan. Magneeteissa on M4-kierreholkki, joka sopii r\u00f6ntgenpussien kierrereik\u00e4\u00e4n.<\/p>\n<h3>Ominaisuudet:<\/h3>\n<ul>\n<li>Ohut N54-magneetti: 8 mm paksu ja 90 g painava<\/li>\n<li>Uudistettu malli: 30 % ohuempi ja kevyempi, pit\u00e4en saman vahvuuden<\/li>\n<li>Yhteensopiva DAA-magneettisuojan kanssa<\/li>\n<\/ul>\n<h3>Pakkaus sis\u00e4lt\u00e4\u00e4:<\/h3>\n<ul>\n<li>48 mm ohut N54-magneetti<\/li>\n<li>Leve\u00e4p\u00e4inen M4 Torx-ruuvi<\/li>\n<li>Suuri M4-aluslevy<\/li>\n<\/ul>\n<p><strong>Huomio:<\/strong> K\u00e4yt\u00e4 aluslevy\u00e4 vain muovipusseissa. K\u00e4yt\u00e4 Loctitea kiinnitykseen. \u00c4l\u00e4 kirist\u00e4 liikaa.<\/p>\n<\/div>\n","protected":false},"excerpt":{"rendered":"<p>Eritt\u00e4in ohut N54-magneetti r\u00f6ntgenpusseja varten. Turvallinen ja kevyt kiinnitys.<\/p>\n","protected":false},"featured_media":582109,"template":"","meta":{"_acf_changed":false},"product_brand":[],"product_cat":[13217,13195,13192],"product_tag":[],"class_list":{"0":"post-582055","1":"product","2":"type-product","3":"status-publish","4":"has-post-thumbnail","6":"product_cat-urheilukotelot","7":"product_cat-urheiluvyoet","8":"product_cat-varusteet","10":"first","11":"instock","12":"taxable","13":"shipping-taxable","14":"purchasable","15":"product-type-simple"},"acf":[],"_links":{"self":[{"href":"https:\/\/staging.nbg.eu\/fi\/wp-json\/wp\/v2\/product\/582055","targetHints":{"allow":["GET"]}}],"collection":[{"href":"https:\/\/staging.nbg.eu\/fi\/wp-json\/wp\/v2\/product"}],"about":[{"href":"https:\/\/staging.nbg.eu\/fi\/wp-json\/wp\/v2\/types\/product"}],"wp:featuredmedia":[{"embeddable":true,"href":"https:\/\/staging.nbg.eu\/fi\/wp-json\/wp\/v2\/media\/582109"}],"wp:attachment":[{"href":"https:\/\/staging.nbg.eu\/fi\/wp-json\/wp\/v2\/media?parent=582055"}],"wp:term":[{"taxonomy":"product_brand","embeddable":true,"href":"https:\/\/staging.nbg.eu\/fi\/wp-json\/wp\/v2\/product_brand?post=582055"},{"taxonomy":"product_cat","embeddable":true,"href":"https:\/\/staging.nbg.eu\/fi\/wp-json\/wp\/v2\/product_cat?post=582055"},{"taxonomy":"product_tag","embeddable":true,"href":"https:\/\/staging.nbg.eu\/fi\/wp-json\/wp\/v2\/product_tag?post=582055"}],"curies":[{"name":"wp","href":"https:\/\/api.w.org\/{rel}","templated":true}]}}