{"id":581571,"date":"2025-10-10T18:09:59","date_gmt":"2025-10-10T15:09:59","guid":{"rendered":"https:\/\/staging.nbg.eu\/product\/daa-x-ray-polymer-pouch-black\/"},"modified":"2025-10-16T11:21:58","modified_gmt":"2025-10-16T08:21:58","slug":"daa-x-ray-polymeeri-pussi-musta","status":"publish","type":"product","link":"https:\/\/staging.nbg.eu\/fi\/tuote\/daa-x-ray-polymeeri-pussi-musta\/","title":{"rendered":"DAA X-Ray Polymeeri Pussi &#8211; Musta"},"content":{"rendered":"<h2>DAA X-Ray Polymeerikotelo &#8211; Musta<\/h2>\n<p>DAA X-Ray Polymeerikotelo on kilpailuk\u00e4ytt\u00f6\u00f6n tarkoitettu lipaskotelo. Sen ominaisuuksia ovat:<\/p>\n<ul>\n<li>Kevyt rakenne ja l\u00e4pin\u00e4kyv\u00e4 ulkoasu<\/li>\n<li>8 kiinnityskohtaa molempik\u00e4tiseen k\u00e4ytt\u00f6\u00f6n ja monipuoliseen sijoitteluun<\/li>\n<li>3 v\u00e4likesarjaa, sopii useimpiin kaksirivisten lippaiden kanssa<\/li>\n<li>Kuituvahvistettu polymeerirakenne<\/li>\n<li>Muotoiltu yl\u00e4reuna helpottaa lippaan asettamista<\/li>\n<li>Lukitusruuvi est\u00e4\u00e4 tahattoman avautumisen<\/li>\n<li>13 mm pallonivel parantaa vakautta<\/li>\n<li>J\u00e4nnityksen s\u00e4\u00e4t\u00f6 ilman ty\u00f6kaluja s\u00e4\u00e4t\u00f6py\u00f6r\u00e4ll\u00e4<\/li>\n<\/ul>\n<p>DAA X-Ray Polymeerikotelo on suunniteltu k\u00e4ytett\u00e4v\u00e4ksi ampumaradalla.<\/p>\n","protected":false},"excerpt":{"rendered":"<p>DAA X-Ray -polymeeripussi: Tyylik\u00e4s, monik\u00e4ytt\u00f6inen ja turvallinen lipaspidike kilpailijoille.<\/p>\n","protected":false},"featured_media":581606,"template":"","meta":{"_acf_changed":false},"product_brand":[],"product_cat":[13183,13217,13195,13192],"product_tag":[],"class_list":{"0":"post-581571","1":"product","2":"type-product","3":"status-publish","4":"has-post-thumbnail","6":"product_cat-pussit","7":"product_cat-urheilukotelot","8":"product_cat-urheiluvyoet","9":"product_cat-varusteet","11":"first","12":"instock","13":"taxable","14":"shipping-taxable","15":"purchasable","16":"product-type-simple"},"acf":[],"_links":{"self":[{"href":"https:\/\/staging.nbg.eu\/fi\/wp-json\/wp\/v2\/product\/581571","targetHints":{"allow":["GET"]}}],"collection":[{"href":"https:\/\/staging.nbg.eu\/fi\/wp-json\/wp\/v2\/product"}],"about":[{"href":"https:\/\/staging.nbg.eu\/fi\/wp-json\/wp\/v2\/types\/product"}],"wp:featuredmedia":[{"embeddable":true,"href":"https:\/\/staging.nbg.eu\/fi\/wp-json\/wp\/v2\/media\/581606"}],"wp:attachment":[{"href":"https:\/\/staging.nbg.eu\/fi\/wp-json\/wp\/v2\/media?parent=581571"}],"wp:term":[{"taxonomy":"product_brand","embeddable":true,"href":"https:\/\/staging.nbg.eu\/fi\/wp-json\/wp\/v2\/product_brand?post=581571"},{"taxonomy":"product_cat","embeddable":true,"href":"https:\/\/staging.nbg.eu\/fi\/wp-json\/wp\/v2\/product_cat?post=581571"},{"taxonomy":"product_tag","embeddable":true,"href":"https:\/\/staging.nbg.eu\/fi\/wp-json\/wp\/v2\/product_tag?post=581571"}],"curies":[{"name":"wp","href":"https:\/\/api.w.org\/{rel}","templated":true}]}}