{"id":581433,"date":"2025-10-10T18:09:53","date_gmt":"2025-10-10T15:09:53","guid":{"rendered":"https:\/\/staging.nbg.eu\/product\/jack-556x45mm-223-rem-wood\/"},"modified":"2025-10-17T17:34:17","modified_gmt":"2025-10-17T14:34:17","slug":"jack-556x45mm223-rem-puu","status":"publish","type":"product","link":"https:\/\/staging.nbg.eu\/fi\/tuote\/jack-556x45mm223-rem-puu\/","title":{"rendered":"Jack 5,56x45mm\/.223 REM puu"},"content":{"rendered":"<h2>Jack 5,56x45mm\/.223 REM Puu<\/h2>\n<p>Jack 5,56x45mm\/.223 REM puukiv\u00e4\u00e4ri on puoliautomaattinen ase, joka yhdist\u00e4\u00e4 klassisen ulkon\u00e4\u00f6n ja nykyaikaisen suorituskyvyn.<\/p>\n<h2>T\u00e4rkeimm\u00e4t ominaisuudet:<\/h2>\n<ul>\n<li>Kaliiperi: 5.56x45mm \/.223 Rem<\/li>\n<li>Piipun pituus: 415mm<\/li>\n<li>Rihlanousu: 1:8<\/li>\n<li>Suujarrun kierre: 14\u00d71 vasen<\/li>\n<li>Paino tyhj\u00e4n\u00e4: 3.1kg<\/li>\n<li>Luodin l\u00e4ht\u00f6nopeus: 920 m\/s<\/li>\n<li>Toimintaperiaate: kiertolukko<\/li>\n<li>Tyyppi: puoliautomaattinen (t\u00e4ysautomaattinen versio saatavilla valtuutetuille tahoille)<\/li>\n<\/ul>\n<h2>Rakenne ja toiminnallisuus:<\/h2>\n<p>Jack 5,56x45mm\/.223 REM puukiv\u00e4\u00e4riss\u00e4 on jyrsitty sivukisko optiikan kiinnitt\u00e4mist\u00e4 varten, joka on niitattu suoraan lukkorunkoon. Puiset osat, kuten tukki, k\u00e4sisija ja kaasunpoistoputken suojus, antavat klassisen ulkon\u00e4\u00f6n.<\/p>\n<h2>K\u00e4ytett\u00e4vyys:<\/h2>\n<ul>\n<li>Suurennettu tulenvalitsin<\/li>\n<li>Suurennettu lippaanvapautin<\/li>\n<li>Kisko sivukokoojassa (lohenpyrst\u00f6) lis\u00e4varusteita varten<\/li>\n<\/ul>\n","protected":false},"excerpt":{"rendered":"<p>Puoliautomaattinen kiv\u00e4\u00e4ri puuosilla, 415 mm:n piippu, paino 3,1 kg. Jyrsitty kisko optiikkaa varten. Suunopeudeltaan 920 m\/s.<\/p>\n","protected":false},"featured_media":581519,"template":"","meta":{"_acf_changed":false},"product_brand":[],"product_cat":[13222,13225],"product_tag":[],"class_list":{"0":"post-581433","1":"product","2":"type-product","3":"status-publish","4":"has-post-thumbnail","6":"product_cat-karbiinit","7":"product_cat-kivaeaeri","9":"first","10":"outofstock","11":"taxable","12":"shipping-taxable","13":"product-type-simple"},"acf":[],"_links":{"self":[{"href":"https:\/\/staging.nbg.eu\/fi\/wp-json\/wp\/v2\/product\/581433","targetHints":{"allow":["GET"]}}],"collection":[{"href":"https:\/\/staging.nbg.eu\/fi\/wp-json\/wp\/v2\/product"}],"about":[{"href":"https:\/\/staging.nbg.eu\/fi\/wp-json\/wp\/v2\/types\/product"}],"wp:featuredmedia":[{"embeddable":true,"href":"https:\/\/staging.nbg.eu\/fi\/wp-json\/wp\/v2\/media\/581519"}],"wp:attachment":[{"href":"https:\/\/staging.nbg.eu\/fi\/wp-json\/wp\/v2\/media?parent=581433"}],"wp:term":[{"taxonomy":"product_brand","embeddable":true,"href":"https:\/\/staging.nbg.eu\/fi\/wp-json\/wp\/v2\/product_brand?post=581433"},{"taxonomy":"product_cat","embeddable":true,"href":"https:\/\/staging.nbg.eu\/fi\/wp-json\/wp\/v2\/product_cat?post=581433"},{"taxonomy":"product_tag","embeddable":true,"href":"https:\/\/staging.nbg.eu\/fi\/wp-json\/wp\/v2\/product_tag?post=581433"}],"curies":[{"name":"wp","href":"https:\/\/api.w.org\/{rel}","templated":true}]}}