{"id":58120,"date":"2024-02-20T19:21:46","date_gmt":"2024-09-13T15:01:26","guid":{"rendered":"https:\/\/staging.nbg.eu\/product\/geissele-super-precision-compm5s-series-optic-mounts-black-absolute-co-witness\/"},"modified":"2024-09-13T15:02:12","modified_gmt":"2024-09-13T15:02:12","slug":"geissele-super-precision-compm5s-sarjan-optiikkakiinnikkeet-musta-absolute-co-witness","status":"publish","type":"product","link":"https:\/\/staging.nbg.eu\/fi\/tuote\/geissele-super-precision-compm5s-sarjan-optiikkakiinnikkeet-musta-absolute-co-witness\/","title":{"rendered":"Geissele Super Precision\u00ae &#8211; CompM5s Sarjan Optiikkakiinnikkeet, Musta (Absolute Co-Witness)"},"content":{"rendered":"<h2>Geissele Super Precision\u00ae &#8211; CompM5s-sarjan optiikkakiinnikkeet<\/h2>\n<h3>Musta (T\u00e4ydellinen yhteist\u00e4ht\u00e4ys)<\/h3>\n<p>Geissele Super Precision\u00ae CompM5s-sarjan optiikkakiinnike on suunniteltu Aimpoint CompM5s ja vastaavanlaisille punapistet\u00e4ht\u00e4imille.<\/p>\n<ul>\n<li>Valmistettu yhdest\u00e4 kappaleesta 7075-T6 alumiinia<\/li>\n<li>T\u00e4ydellinen yhteist\u00e4ht\u00e4yskorkeus<\/li>\n<li>Mutteri- ja pulttikiinnitys 1 400 paunan puristusvoimalla<\/li>\n<li>3 leikkausuraa j\u00e4ykkyyden ja nollapisteen paluun varmistamiseksi<\/li>\n<li>Tyypin 3 anodisoitu pintak\u00e4sittely mustana<\/li>\n<\/ul>\n<p>Geissele tarjoaa optiikkakiinnikkeit\u00e4 aseen suorituskyvyn ja luotettavuuden parantamiseksi.<\/p>\n","protected":false},"excerpt":{"rendered":"<p>Tarkkuuskoneistettu jalusta Aimpoint CompM5s:lle. Kest\u00e4v\u00e4, j\u00e4ykk\u00e4 ja luotettava.<\/p>\n","protected":false},"featured_media":58121,"template":"","meta":{"_acf_changed":false},"product_brand":[11378],"product_cat":[13225],"product_tag":[],"class_list":{"0":"post-58120","1":"product","2":"type-product","3":"status-publish","4":"has-post-thumbnail","6":"product_brand-geissele","7":"product_cat-kivaeaeri","9":"first","10":"instock","11":"taxable","12":"shipping-taxable","13":"product-type-simple"},"acf":[],"_links":{"self":[{"href":"https:\/\/staging.nbg.eu\/fi\/wp-json\/wp\/v2\/product\/58120","targetHints":{"allow":["GET"]}}],"collection":[{"href":"https:\/\/staging.nbg.eu\/fi\/wp-json\/wp\/v2\/product"}],"about":[{"href":"https:\/\/staging.nbg.eu\/fi\/wp-json\/wp\/v2\/types\/product"}],"wp:featuredmedia":[{"embeddable":true,"href":"https:\/\/staging.nbg.eu\/fi\/wp-json\/wp\/v2\/media\/58121"}],"wp:attachment":[{"href":"https:\/\/staging.nbg.eu\/fi\/wp-json\/wp\/v2\/media?parent=58120"}],"wp:term":[{"taxonomy":"product_brand","embeddable":true,"href":"https:\/\/staging.nbg.eu\/fi\/wp-json\/wp\/v2\/product_brand?post=58120"},{"taxonomy":"product_cat","embeddable":true,"href":"https:\/\/staging.nbg.eu\/fi\/wp-json\/wp\/v2\/product_cat?post=58120"},{"taxonomy":"product_tag","embeddable":true,"href":"https:\/\/staging.nbg.eu\/fi\/wp-json\/wp\/v2\/product_tag?post=58120"}],"curies":[{"name":"wp","href":"https:\/\/api.w.org\/{rel}","templated":true}]}}