{"id":580949,"date":"2025-10-10T18:09:47","date_gmt":"2025-10-10T15:09:47","guid":{"rendered":"https:\/\/staging.nbg.eu\/product\/jack-762x39-mm-polymer\/"},"modified":"2025-10-17T17:28:52","modified_gmt":"2025-10-17T14:28:52","slug":"jack-762x39-mm-polymeeri","status":"publish","type":"product","link":"https:\/\/staging.nbg.eu\/fi\/tuote\/jack-762x39-mm-polymeeri\/","title":{"rendered":"Jack 7,62&#215;39 mm Polymeeri"},"content":{"rendered":"<div class=\"product-description\">\n<h2>Jack 7,62&#215;39 mm Polymeeri<\/h2>\n<p>Jack 7,62&#215;39 mm Polymeeri on puoliautomaattinen kiv\u00e4\u00e4ri, joka on suunniteltu tarkkuutta ja luotettavuutta varten. T\u00e4m\u00e4 ase yhdist\u00e4\u00e4 teknologian ergonomiseen muotoiluun.<\/p>\n<h2>Ominaisuudet:<\/h2>\n<ul>\n<li>Kaliiperi: 7,62x39mm<\/li>\n<li>Pituus: 880mm<\/li>\n<li>Piipun pituus: 415mm<\/li>\n<li>Paino tyhj\u00e4n\u00e4: 3,1kg<\/li>\n<li>Suunopeus: 715 m\/s<\/li>\n<li>Toimintatapa: Kiertolukitus<\/li>\n<li>Tyyppi: Puoliautomaattinen<\/li>\n<\/ul>\n<p>Jack 7,62&#215;39 mm Polymeerissa on jyrsitty sivukisko optiikoiden asennusta varten, joka on niitattu suoraan lukkopes\u00e4\u00e4n vakauden parantamiseksi. T\u00e4m\u00e4 ominaisuus mahdollistaa erilaisten optisten t\u00e4ht\u00e4imien kiinnitt\u00e4misen.<\/p>\n<h2>Komponentit:<\/h2>\n<ul>\n<li>Polymeerinen tukin etuosa<\/li>\n<li>Polymeerinen per\u00e4<\/li>\n<li>Polymeerinen kaasuputken suojus<\/li>\n<li>Suurennettu tulenvalitsin<\/li>\n<li>Suurennettu lippaan vapautin<\/li>\n<li>Kisko sivukokoopanon alla lis\u00e4varusteita varten<\/li>\n<\/ul>\n<\/div>\n","protected":false},"excerpt":{"rendered":"<p>Jack 7.62x39mm polymeeri: Polymeerikiv\u00e4\u00e4ri, 880 mm, puoliautomaattinen, jyrsitty kisko optiikkaa varten.<\/p>\n","protected":false},"featured_media":581020,"template":"","meta":{"_acf_changed":false},"product_brand":[],"product_cat":[13222,13225],"product_tag":[],"class_list":{"0":"post-580949","1":"product","2":"type-product","3":"status-publish","4":"has-post-thumbnail","6":"product_cat-karbiinit","7":"product_cat-kivaeaeri","9":"first","10":"outofstock","11":"taxable","12":"shipping-taxable","13":"product-type-simple"},"acf":[],"_links":{"self":[{"href":"https:\/\/staging.nbg.eu\/fi\/wp-json\/wp\/v2\/product\/580949","targetHints":{"allow":["GET"]}}],"collection":[{"href":"https:\/\/staging.nbg.eu\/fi\/wp-json\/wp\/v2\/product"}],"about":[{"href":"https:\/\/staging.nbg.eu\/fi\/wp-json\/wp\/v2\/types\/product"}],"wp:featuredmedia":[{"embeddable":true,"href":"https:\/\/staging.nbg.eu\/fi\/wp-json\/wp\/v2\/media\/581020"}],"wp:attachment":[{"href":"https:\/\/staging.nbg.eu\/fi\/wp-json\/wp\/v2\/media?parent=580949"}],"wp:term":[{"taxonomy":"product_brand","embeddable":true,"href":"https:\/\/staging.nbg.eu\/fi\/wp-json\/wp\/v2\/product_brand?post=580949"},{"taxonomy":"product_cat","embeddable":true,"href":"https:\/\/staging.nbg.eu\/fi\/wp-json\/wp\/v2\/product_cat?post=580949"},{"taxonomy":"product_tag","embeddable":true,"href":"https:\/\/staging.nbg.eu\/fi\/wp-json\/wp\/v2\/product_tag?post=580949"}],"curies":[{"name":"wp","href":"https:\/\/api.w.org\/{rel}","templated":true}]}}