{"id":579937,"date":"2025-10-10T18:09:46","date_gmt":"2025-10-10T15:09:46","guid":{"rendered":"https:\/\/staging.nbg.eu\/product\/mini-jack-556x45mm-223-rem-wbp-x-kruk\/"},"modified":"2025-10-17T17:24:16","modified_gmt":"2025-10-17T14:24:16","slug":"mini-jack-556x45mm223-rem-wbp-x-kruk","status":"publish","type":"product","link":"https:\/\/staging.nbg.eu\/fi\/tuote\/mini-jack-556x45mm223-rem-wbp-x-kruk\/","title":{"rendered":"Mini Jack 5,56x45mm\/.223 REM WBP X KRUK"},"content":{"rendered":"<div class=\"product-description\">\n<h2>Mini Jack 5,56x45mm\/.223 REM WBP X KRUK<\/h2>\n<p>Mini Jack 5,56x45mm\/.223 REM WBP X KRUK on kiv\u00e4\u00e4ri, joka on suunniteltu ammattilaisille ja harrastajille. T\u00e4m\u00e4 ase yhdist\u00e4\u00e4 suorituskyvyn ja edistyneet ominaisuudet.<\/p>\n<h2>T\u00e4rkeimm\u00e4t ominaisuudet:<\/h2>\n<ul>\n<li>Kiinte\u00e4 tukkilevy s\u00e4\u00e4dett\u00e4v\u00e4ll\u00e4 CRC 5002\/9035<\/li>\n<li>CRC 1U043 kaasuputkialusta ja p\u00e4\u00e4llys<\/li>\n<li>Ergonominen polymeerikahva<\/li>\n<li>Suurennettu tulityypin valitsin<\/li>\n<li>Suurennettu lippaanvapautin<\/li>\n<li>Kisko sivukiinnitykselle (p\u00e4\u00e4skynpyrst\u00f6)<\/li>\n<li>Jyrsitty sivukisko optiikan asennukseen<\/li>\n<\/ul>\n<h2>Tekniset tiedot:<\/h2>\n<ul>\n<li>Kaliiperi: 5.56\u00d745 mm\/.223 Rem<\/li>\n<li>Piipun pituus: 259mm<\/li>\n<li>Rihlanousu: 1:8<\/li>\n<li>Piipun suun kierre: 14\u00d71 vasen<\/li>\n<li>Toimintatapa: Kiertolukkoinen<\/li>\n<li>Tyyppi: Itselataava<\/li>\n<\/ul>\n<p>Mini Jack sopii kompaktin rakenteensa ansiosta erilaisiin k\u00e4ytt\u00f6tarkoituksiin.<\/p>\n<p>Kiv\u00e4\u00e4riss\u00e4 on niitattu kisko lukkorunkoon optiikan kiinnitt\u00e4mist\u00e4 varten. Suurennettu tulityypin valitsin ja lippaanvapautin parantavat ergonomiaa ja nopeuttavat k\u00e4sittely\u00e4.<\/p>\n<\/div>\n","protected":false},"excerpt":{"rendered":"<p>Kompakti 5,56 mm:n puoliautomaattinen kiv\u00e4\u00e4ri s\u00e4\u00e4dett\u00e4v\u00e4ll\u00e4 per\u00e4ll\u00e4, muovisella pistoolikahvalla ja optisella kiskolla. Monipuolinen ja muokattavissa.<\/p>\n","protected":false},"featured_media":580017,"template":"","meta":{"_acf_changed":false},"product_brand":[],"product_cat":[13222,13225],"product_tag":[],"class_list":{"0":"post-579937","1":"product","2":"type-product","3":"status-publish","4":"has-post-thumbnail","6":"product_cat-karbiinit","7":"product_cat-kivaeaeri","9":"first","10":"outofstock","11":"taxable","12":"shipping-taxable","13":"product-type-simple"},"acf":[],"_links":{"self":[{"href":"https:\/\/staging.nbg.eu\/fi\/wp-json\/wp\/v2\/product\/579937","targetHints":{"allow":["GET"]}}],"collection":[{"href":"https:\/\/staging.nbg.eu\/fi\/wp-json\/wp\/v2\/product"}],"about":[{"href":"https:\/\/staging.nbg.eu\/fi\/wp-json\/wp\/v2\/types\/product"}],"wp:featuredmedia":[{"embeddable":true,"href":"https:\/\/staging.nbg.eu\/fi\/wp-json\/wp\/v2\/media\/580017"}],"wp:attachment":[{"href":"https:\/\/staging.nbg.eu\/fi\/wp-json\/wp\/v2\/media?parent=579937"}],"wp:term":[{"taxonomy":"product_brand","embeddable":true,"href":"https:\/\/staging.nbg.eu\/fi\/wp-json\/wp\/v2\/product_brand?post=579937"},{"taxonomy":"product_cat","embeddable":true,"href":"https:\/\/staging.nbg.eu\/fi\/wp-json\/wp\/v2\/product_cat?post=579937"},{"taxonomy":"product_tag","embeddable":true,"href":"https:\/\/staging.nbg.eu\/fi\/wp-json\/wp\/v2\/product_tag?post=579937"}],"curies":[{"name":"wp","href":"https:\/\/api.w.org\/{rel}","templated":true}]}}