{"id":57953,"date":"2024-02-20T19:33:36","date_gmt":"2024-09-13T14:53:28","guid":{"rendered":"https:\/\/staging.nbg.eu\/product\/geissele-super-precision-compm5s-series-optic-mounts-black-1-93\/"},"modified":"2024-09-13T14:54:13","modified_gmt":"2024-09-13T14:54:13","slug":"geissele-super-precision-compm5s-sarjan-optiikkakiinnikkeet-musta-193","status":"publish","type":"product","link":"https:\/\/staging.nbg.eu\/fi\/tuote\/geissele-super-precision-compm5s-sarjan-optiikkakiinnikkeet-musta-193\/","title":{"rendered":"Geissele Super Precision\u00ae &#8211; CompM5s Sarjan Optiikkakiinnikkeet, Musta (1.93&#8243;)"},"content":{"rendered":"<div class=\"product-description\">\n<h2>Geissele Super Precision\u00ae &#8211; CompM5s -sarjan optiikkakiinnikkeet, musta (1,93&#8243;)<\/h2>\n<p>Geissele Super Precision\u00ae CompM5s -sarjan optiikkakiinnike on suunniteltu Aimpoint CompM5s:lle ja vastaaville punapistet\u00e4ht\u00e4imille. T\u00e4m\u00e4 kiinnike tarjoaa tarkkuutta ja kest\u00e4vyytt\u00e4.<\/p>\n<ul>\n<li>Valmistettu yhdest\u00e4 kappaleesta 7075-T6 alumiinia<\/li>\n<li>1,93&#8243; korkeus<\/li>\n<li>Kiinnitysmenetelm\u00e4 mutterilla ja pultilla, 1 400 paunan puristusvoima<\/li>\n<li>3 leikkauskorvaketta j\u00e4ykkyyden ja nollapisteen paluun varmistamiseksi<\/li>\n<li>Musta tyypin 3 kova anodisoitu pinta<\/li>\n<\/ul>\n<p>T\u00e4m\u00e4 optiikkakiinnike tarjoaa luotettavuutta ja suorituskyky\u00e4.<\/p>\n<\/div>\n","protected":false},"excerpt":{"rendered":"<p>Tarkkuusty\u00f6stetty jalusta Aimpoint CompM5s:lle, eritt\u00e4in turvallinen ja kest\u00e4v\u00e4.<\/p>\n","protected":false},"featured_media":57954,"template":"","meta":{"_acf_changed":false},"product_brand":[11378],"product_cat":[13225],"product_tag":[],"class_list":{"0":"post-57953","1":"product","2":"type-product","3":"status-publish","4":"has-post-thumbnail","6":"product_brand-geissele","7":"product_cat-kivaeaeri","9":"first","10":"instock","11":"taxable","12":"shipping-taxable","13":"product-type-simple"},"acf":[],"_links":{"self":[{"href":"https:\/\/staging.nbg.eu\/fi\/wp-json\/wp\/v2\/product\/57953","targetHints":{"allow":["GET"]}}],"collection":[{"href":"https:\/\/staging.nbg.eu\/fi\/wp-json\/wp\/v2\/product"}],"about":[{"href":"https:\/\/staging.nbg.eu\/fi\/wp-json\/wp\/v2\/types\/product"}],"wp:featuredmedia":[{"embeddable":true,"href":"https:\/\/staging.nbg.eu\/fi\/wp-json\/wp\/v2\/media\/57954"}],"wp:attachment":[{"href":"https:\/\/staging.nbg.eu\/fi\/wp-json\/wp\/v2\/media?parent=57953"}],"wp:term":[{"taxonomy":"product_brand","embeddable":true,"href":"https:\/\/staging.nbg.eu\/fi\/wp-json\/wp\/v2\/product_brand?post=57953"},{"taxonomy":"product_cat","embeddable":true,"href":"https:\/\/staging.nbg.eu\/fi\/wp-json\/wp\/v2\/product_cat?post=57953"},{"taxonomy":"product_tag","embeddable":true,"href":"https:\/\/staging.nbg.eu\/fi\/wp-json\/wp\/v2\/product_tag?post=57953"}],"curies":[{"name":"wp","href":"https:\/\/api.w.org\/{rel}","templated":true}]}}