{"id":578759,"date":"2025-10-10T18:09:29","date_gmt":"2025-10-10T15:09:29","guid":{"rendered":"https:\/\/staging.nbg.eu\/product\/mini-jack-762x39-mm-wbp-x-kruk\/"},"modified":"2025-10-17T16:52:10","modified_gmt":"2025-10-17T13:52:10","slug":"mini-jack-762x39-mm-wbp-x-kruk","status":"publish","type":"product","link":"https:\/\/staging.nbg.eu\/fi\/tuote\/mini-jack-762x39-mm-wbp-x-kruk\/","title":{"rendered":"Mini Jack 7,62&#215;39 mm WBP X KRUK"},"content":{"rendered":"<h2>Mini Jack 7,62&#215;39 mm WBP X KRUK<\/h2>\n<p>Mini Jack 7,62&#215;39 mm WBP X KRUK on kiv\u00e4\u00e4ri, joka on suunniteltu sek\u00e4 siviileille ett\u00e4 valtuutetuille tahoille. T\u00e4m\u00e4 ase yhdist\u00e4\u00e4 voiman, tarkkuuden ja ergonomian kompaktissa paketissa.<\/p>\n<h2>Ominaisuudet:<\/h2>\n<ul>\n<li><strong>S\u00e4\u00e4dett\u00e4v\u00e4 per\u00e4:<\/strong> CRC 5002\/9035 kiinte\u00e4 per\u00e4 tarjoaa vakaan tuen ja s\u00e4\u00e4dett\u00e4v\u00e4n pituuden.<\/li>\n<li><strong>Kest\u00e4v\u00e4 rakenne:<\/strong> Tukeva runko ja CRC 1U043 kaasuputken p\u00e4\u00e4llys kest\u00e4v\u00e4t intensiivist\u00e4 k\u00e4ytt\u00f6\u00e4.<\/li>\n<li><strong>Ergonominen muotoilu:<\/strong> Kevyt polymeerikahva parantaa k\u00e4ytt\u00f6mukavuutta ja hallintaa.<\/li>\n<li><strong>Parannetut hallintalaitteet:<\/strong> Suurennettu tulenvalitsin ja lippaanvapautin mahdollistavat nopean k\u00e4yt\u00f6n my\u00f6s hanskat k\u00e4dess\u00e4.<\/li>\n<li><strong>Monipuoliset kiinnitysmahdollisuudet:<\/strong> Sivulle ty\u00f6stetty &#8221;p\u00e4\u00e4skynpyrst\u00f6&#8221;-kisko on niitattu suoraan lukon pes\u00e4\u00e4n optisia ja pime\u00e4n\u00e4k\u00f6t\u00e4ht\u00e4imi\u00e4 varten.<\/li>\n<\/ul>\n<h2>Tekniset tiedot:<\/h2>\n<ul>\n<li>Kaliiperi: 7,62 x 39 mm<\/li>\n<li>Piipun pituus: 259 mm<\/li>\n<li>Piipun rihlannousu: 1:8<\/li>\n<li>Piipun kierteet: 14\u00d71 vasen<\/li>\n<li>Lukitusmekanismi: Kiertolukko<\/li>\n<li>Toimintatapa: Itselataava<\/li>\n<li>Rakennetyyppi: Itselataava kiv\u00e4\u00e4ri<\/li>\n<\/ul>\n<p>Mini Jack 7,62&#215;39 mm WBP X KRUK sopii sek\u00e4 siviiliampujille ett\u00e4 valtuutetuille tahoille ammattik\u00e4ytt\u00f6\u00f6n.<\/p>\n<p>Mini Jack 7,62&#215;39 mm WBP X KRUK on saatavilla tilauksesta.<\/p>\n","protected":false},"excerpt":{"rendered":"<p>Mini Jack 7.62x39mm: Kompakti, ergonominen kiv\u00e4\u00e4ri parannelluilla ominaisuuksilla siviili- ja viranomaisk\u00e4ytt\u00f6\u00f6n.<\/p>\n","protected":false},"featured_media":578828,"template":"","meta":{"_acf_changed":false},"product_brand":[],"product_cat":[13222,13225],"product_tag":[],"class_list":{"0":"post-578759","1":"product","2":"type-product","3":"status-publish","4":"has-post-thumbnail","6":"product_cat-karbiinit","7":"product_cat-kivaeaeri","9":"first","10":"outofstock","11":"taxable","12":"shipping-taxable","13":"product-type-simple"},"acf":[],"_links":{"self":[{"href":"https:\/\/staging.nbg.eu\/fi\/wp-json\/wp\/v2\/product\/578759","targetHints":{"allow":["GET"]}}],"collection":[{"href":"https:\/\/staging.nbg.eu\/fi\/wp-json\/wp\/v2\/product"}],"about":[{"href":"https:\/\/staging.nbg.eu\/fi\/wp-json\/wp\/v2\/types\/product"}],"wp:featuredmedia":[{"embeddable":true,"href":"https:\/\/staging.nbg.eu\/fi\/wp-json\/wp\/v2\/media\/578828"}],"wp:attachment":[{"href":"https:\/\/staging.nbg.eu\/fi\/wp-json\/wp\/v2\/media?parent=578759"}],"wp:term":[{"taxonomy":"product_brand","embeddable":true,"href":"https:\/\/staging.nbg.eu\/fi\/wp-json\/wp\/v2\/product_brand?post=578759"},{"taxonomy":"product_cat","embeddable":true,"href":"https:\/\/staging.nbg.eu\/fi\/wp-json\/wp\/v2\/product_cat?post=578759"},{"taxonomy":"product_tag","embeddable":true,"href":"https:\/\/staging.nbg.eu\/fi\/wp-json\/wp\/v2\/product_tag?post=578759"}],"curies":[{"name":"wp","href":"https:\/\/api.w.org\/{rel}","templated":true}]}}