{"id":577959,"date":"2025-10-10T18:01:49","date_gmt":"2025-10-10T15:01:49","guid":{"rendered":"https:\/\/staging.nbg.eu\/product\/x-ray-pcc-spacer-rh\/"},"modified":"2025-10-15T12:42:38","modified_gmt":"2025-10-15T09:42:38","slug":"x-ray-pcc-vaelike-oikea","status":"publish","type":"product","link":"https:\/\/staging.nbg.eu\/fi\/tuote\/x-ray-pcc-vaelike-oikea\/","title":{"rendered":"X-Ray PCC V\u00e4like Oikea"},"content":{"rendered":"<h2>X-Ray PCC pidennetyn lippaan v\u00e4likappale oikeak\u00e4tisille<\/h2>\n<p>X-Ray PCC pidennetyn lippaan v\u00e4likappale oikeak\u00e4tisille ampujille. Suunniteltu k\u00e4ytett\u00e4v\u00e4ksi pidennettyjen Glock-lippaiden kanssa DAA X-Ray -lippaanpidikkeiss\u00e4. T\u00e4m\u00e4 v\u00e4likappale korvaa vakioversion ja mahdollistaa pitkien lippaiden ulottumisen pidikkeen pohjan l\u00e4pi.<\/p>\n<h2>Ominaisuudet:<\/h2>\n<ul>\n<li>Yhteensopiva alumiinisten ja muovisten DAA X-Ray -pidikkeiden kanssa<\/li>\n<li>Suunniteltu erityisesti pidennetyille Glock PCC -lippaille<\/li>\n<li>Tukivarsi sijoitettu lippaan taakse<\/li>\n<li>Parantaa tasapainoa ja pitoa<\/li>\n<li>Helppo asentaa<\/li>\n<\/ul>\n<p>Huomaa: Keskikokoinen takakappale suositeltava (sis\u00e4ltyy X-Ray-pidikkeisiin). Lippaanpidike ja lipas eiv\u00e4t sis\u00e4lly. Vain yksi v\u00e4likappale.<\/p>\n","protected":false},"excerpt":{"rendered":"<p>Kiinnit\u00e4 pidennetyt PCC-lippaat turvallisesti DAA X-Ray -koteloihin. Oikeak\u00e4tinen versio.<\/p>\n","protected":false},"featured_media":578077,"template":"","meta":{"_acf_changed":false},"product_brand":[],"product_cat":[13183,13192],"product_tag":[],"class_list":{"0":"post-577959","1":"product","2":"type-product","3":"status-publish","4":"has-post-thumbnail","6":"product_cat-pussit","7":"product_cat-varusteet","9":"first","10":"instock","11":"taxable","12":"shipping-taxable","13":"purchasable","14":"product-type-simple"},"acf":[],"_links":{"self":[{"href":"https:\/\/staging.nbg.eu\/fi\/wp-json\/wp\/v2\/product\/577959","targetHints":{"allow":["GET"]}}],"collection":[{"href":"https:\/\/staging.nbg.eu\/fi\/wp-json\/wp\/v2\/product"}],"about":[{"href":"https:\/\/staging.nbg.eu\/fi\/wp-json\/wp\/v2\/types\/product"}],"wp:featuredmedia":[{"embeddable":true,"href":"https:\/\/staging.nbg.eu\/fi\/wp-json\/wp\/v2\/media\/578077"}],"wp:attachment":[{"href":"https:\/\/staging.nbg.eu\/fi\/wp-json\/wp\/v2\/media?parent=577959"}],"wp:term":[{"taxonomy":"product_brand","embeddable":true,"href":"https:\/\/staging.nbg.eu\/fi\/wp-json\/wp\/v2\/product_brand?post=577959"},{"taxonomy":"product_cat","embeddable":true,"href":"https:\/\/staging.nbg.eu\/fi\/wp-json\/wp\/v2\/product_cat?post=577959"},{"taxonomy":"product_tag","embeddable":true,"href":"https:\/\/staging.nbg.eu\/fi\/wp-json\/wp\/v2\/product_tag?post=577959"}],"curies":[{"name":"wp","href":"https:\/\/api.w.org\/{rel}","templated":true}]}}