{"id":577748,"date":"2025-10-10T16:07:00","date_gmt":"2025-10-10T13:07:00","guid":{"rendered":"https:\/\/staging.nbg.eu\/product\/polymer-magazine-762x39-mm-for-akm-rifle-10-rounds\/"},"modified":"2025-10-15T12:35:54","modified_gmt":"2025-10-15T09:35:54","slug":"polymeerikertalipas-762x39-mm-akm-kivaeaerille-10-patruunaa","status":"publish","type":"product","link":"https:\/\/staging.nbg.eu\/fi\/tuote\/polymeerikertalipas-762x39-mm-akm-kivaeaerille-10-patruunaa\/","title":{"rendered":"Polymeerikertalipas 7,62&#215;39 mm AKM-kiv\u00e4\u00e4rille 10 patruunaa"},"content":{"rendered":"<h2>Magpul PMAG 10 AK\/AKM MOE -lipas<\/h2>\n<h2>7.62x39mm | 10 patruunan kapasiteetti<\/h2>\n<p>Magpul PMAG 10 AK\/AKM MOE -lipas on suunniteltu AK-tyyppisille kiv\u00e4\u00e4reille. T\u00e4m\u00e4 muovinen lipas sopii 7.62x39mm kaliiperin Kalashnikov-mallisiin aseisiin, kuten AK-47, AKM, AKS ja SIG556R.<\/p>\n<h3>Ominaisuudet:<\/h3>\n<ul>\n<li>Kest\u00e4v\u00e4 muovirakenne<\/li>\n<li>10 patruunan kapasiteetti<\/li>\n<li>Kaareva muotoilu<\/li>\n<li>Ruostumaton ter\u00e4sjousi<\/li>\n<li>Luotettava sy\u00f6tt\u00f6levy<\/li>\n<li>Irrotettava pohjalevy<\/li>\n<li>Uritettu tartuntapinta<\/li>\n<li>Merkint\u00e4ruudukko tunnistamista varten<\/li>\n<li>Lasketaan kolmeksi US 922(r) -yhteensopivaksi osaksi<\/li>\n<\/ul>\n<p>T\u00e4m\u00e4 kompakti lipas sopii makuu- ja penkkirata-ammuntaan. Se tarjoaa samanlaisen toimintavarmuuden kuin metallilippaat.<\/p>\n<p><em>Valmistettu Yhdysvalloissa<\/em><\/p>\n","protected":false},"excerpt":{"rendered":"<p>Luotettava 10-patruunan 7.62x39mm AKM-lipas. Kevyt polymeeri, valmistettu Yhdysvalloissa.<\/p>\n","protected":false},"featured_media":577833,"template":"","meta":{"_acf_changed":false},"product_brand":[],"product_cat":[13225,13208],"product_tag":[],"class_list":{"0":"post-577748","1":"product","2":"type-product","3":"status-publish","4":"has-post-thumbnail","6":"product_cat-kivaeaeri","7":"product_cat-kivaeaerin-lippaat","9":"first","10":"outofstock","11":"taxable","12":"shipping-taxable","13":"product-type-simple"},"acf":[],"_links":{"self":[{"href":"https:\/\/staging.nbg.eu\/fi\/wp-json\/wp\/v2\/product\/577748","targetHints":{"allow":["GET"]}}],"collection":[{"href":"https:\/\/staging.nbg.eu\/fi\/wp-json\/wp\/v2\/product"}],"about":[{"href":"https:\/\/staging.nbg.eu\/fi\/wp-json\/wp\/v2\/types\/product"}],"wp:featuredmedia":[{"embeddable":true,"href":"https:\/\/staging.nbg.eu\/fi\/wp-json\/wp\/v2\/media\/577833"}],"wp:attachment":[{"href":"https:\/\/staging.nbg.eu\/fi\/wp-json\/wp\/v2\/media?parent=577748"}],"wp:term":[{"taxonomy":"product_brand","embeddable":true,"href":"https:\/\/staging.nbg.eu\/fi\/wp-json\/wp\/v2\/product_brand?post=577748"},{"taxonomy":"product_cat","embeddable":true,"href":"https:\/\/staging.nbg.eu\/fi\/wp-json\/wp\/v2\/product_cat?post=577748"},{"taxonomy":"product_tag","embeddable":true,"href":"https:\/\/staging.nbg.eu\/fi\/wp-json\/wp\/v2\/product_tag?post=577748"}],"curies":[{"name":"wp","href":"https:\/\/api.w.org\/{rel}","templated":true}]}}