{"id":577610,"date":"2025-10-10T16:06:59","date_gmt":"2025-10-10T13:06:59","guid":{"rendered":"https:\/\/staging.nbg.eu\/product\/polymer-magazine-556x45-mm-for-akm-rifles-10-rounds\/"},"modified":"2025-10-15T12:30:29","modified_gmt":"2025-10-15T09:30:29","slug":"polymeerikertalipas-556x45-mm-akm-kivaeaereille-10-patruunaa","status":"publish","type":"product","link":"https:\/\/staging.nbg.eu\/fi\/tuote\/polymeerikertalipas-556x45-mm-akm-kivaeaereille-10-patruunaa\/","title":{"rendered":"Polymeerikertalipas 5,56&#215;45 mm AKM-kiv\u00e4\u00e4reille 10 patruunaa"},"content":{"rendered":"<h2>Muovilipas AK:lle 5,56&#215;45 mm \/ .223 Rem &#8211; 10 patruunaa<\/h2>\n<p>WBP Rog\u00f3win valmistama muovilipas AK-kiv\u00e4\u00e4rille. Suunniteltu 5,56&#215;45 mm \/ .223 Rem kaliiperin patruunoille, 10 patruunan lipas on yhteensopiva Jack, Mini Jack, Beryl ja Mini Beryl karabiinien kanssa.<\/p>\n<h2>Ominaisuudet:<\/h2>\n<ul>\n<li>Muovirakenne<\/li>\n<li>Kevyt<\/li>\n<li>Osittain l\u00e4pin\u00e4kyv\u00e4 runko patruunam\u00e4\u00e4r\u00e4n tarkistamiseksi<\/li>\n<li>Ter\u00e4ksinen pohjalevy<\/li>\n<\/ul>\n<h2>Tekniset tiedot:<\/h2>\n<ul>\n<li>Runko: Muovi<\/li>\n<li>Nostin: Ter\u00e4s<\/li>\n<li>Kaliiperi: 5,56&#215;45 mm \/ .223 Rem<\/li>\n<li>Kapasiteetti: 10 patruunaa<\/li>\n<li>Paino: 103 g<\/li>\n<li>V\u00e4ri: L\u00e4pin\u00e4kyv\u00e4<\/li>\n<\/ul>\n<p>T\u00e4m\u00e4 lipas on saatavilla AK-kiv\u00e4\u00e4rillesi.<\/p>\n","protected":false},"excerpt":{"rendered":"<p>Polymeerinen AK-lipas, 10 patruunaa, 5,56&#215;45\/.223, puolil\u00e4pin\u00e4kyv\u00e4, WBP Rog\u00f3w<\/p>\n","protected":false},"featured_media":577677,"template":"","meta":{"_acf_changed":false},"product_brand":[],"product_cat":[13225,13208],"product_tag":[],"class_list":{"0":"post-577610","1":"product","2":"type-product","3":"status-publish","4":"has-post-thumbnail","6":"product_cat-kivaeaeri","7":"product_cat-kivaeaerin-lippaat","9":"first","10":"outofstock","11":"taxable","12":"shipping-taxable","13":"product-type-simple"},"acf":[],"_links":{"self":[{"href":"https:\/\/staging.nbg.eu\/fi\/wp-json\/wp\/v2\/product\/577610","targetHints":{"allow":["GET"]}}],"collection":[{"href":"https:\/\/staging.nbg.eu\/fi\/wp-json\/wp\/v2\/product"}],"about":[{"href":"https:\/\/staging.nbg.eu\/fi\/wp-json\/wp\/v2\/types\/product"}],"wp:featuredmedia":[{"embeddable":true,"href":"https:\/\/staging.nbg.eu\/fi\/wp-json\/wp\/v2\/media\/577677"}],"wp:attachment":[{"href":"https:\/\/staging.nbg.eu\/fi\/wp-json\/wp\/v2\/media?parent=577610"}],"wp:term":[{"taxonomy":"product_brand","embeddable":true,"href":"https:\/\/staging.nbg.eu\/fi\/wp-json\/wp\/v2\/product_brand?post=577610"},{"taxonomy":"product_cat","embeddable":true,"href":"https:\/\/staging.nbg.eu\/fi\/wp-json\/wp\/v2\/product_cat?post=577610"},{"taxonomy":"product_tag","embeddable":true,"href":"https:\/\/staging.nbg.eu\/fi\/wp-json\/wp\/v2\/product_tag?post=577610"}],"curies":[{"name":"wp","href":"https:\/\/api.w.org\/{rel}","templated":true}]}}