{"id":577178,"date":"2025-10-10T16:06:54","date_gmt":"2025-10-10T13:06:54","guid":{"rendered":"https:\/\/staging.nbg.eu\/product\/polymer-magazine-556x45-mm-for-akm-rifles-30-rounds\/"},"modified":"2025-10-15T12:22:40","modified_gmt":"2025-10-15T09:22:40","slug":"polymeerikertalipas-556x45-mm-akm-kivaeaereille-30-patruunaa","status":"publish","type":"product","link":"https:\/\/staging.nbg.eu\/fi\/tuote\/polymeerikertalipas-556x45-mm-akm-kivaeaereille-30-patruunaa\/","title":{"rendered":"Polymeerikertalipas 5,56&#215;45 mm AKM-kiv\u00e4\u00e4reille 30 patruunaa"},"content":{"rendered":"<div class=\"product-description\">\n<h2>WBP\u00ae Polymeerimakasiini AKM-kiv\u00e4\u00e4reille &#8211; 5,56x45mm (30 patruunaa)<\/h2>\n<p>AK\/AKM-kiv\u00e4\u00e4rin makasiini WBP\u00ae:lt\u00e4. Valmistettu l\u00e4pin\u00e4kyv\u00e4st\u00e4 polymeerist\u00e4:<\/p>\n<ul>\n<li>Patruunoiden m\u00e4\u00e4r\u00e4n tarkistus<\/li>\n<li>Kevyt ja kest\u00e4v\u00e4 rakenne<\/li>\n<li>Vahvistettu ter\u00e4spohja<\/li>\n<li>Yhteensopiva useimpien 5,56\u00d745mm AK-alustojen kanssa<\/li>\n<\/ul>\n<p>Puolalainen suunnittelu ja erikoisjoukkojen testaus. WBP on perheyritys, joka valmistaa tuotteet itse ja valvoo laatua.<\/p>\n<p>Makasiini sopii harrastajille ja ammattilaisille.<\/p>\n<\/div>\n","protected":false},"excerpt":{"rendered":"<p>Kest\u00e4v\u00e4 30 patruunan 5.56x45mm AKM-lipas. Kirkas polymeeri, ter\u00e4spohja.<\/p>\n","protected":false},"featured_media":577229,"template":"","meta":{"_acf_changed":false},"product_brand":[],"product_cat":[13225,13208],"product_tag":[],"class_list":{"0":"post-577178","1":"product","2":"type-product","3":"status-publish","4":"has-post-thumbnail","6":"product_cat-kivaeaeri","7":"product_cat-kivaeaerin-lippaat","9":"first","10":"outofstock","11":"taxable","12":"shipping-taxable","13":"product-type-simple"},"acf":[],"_links":{"self":[{"href":"https:\/\/staging.nbg.eu\/fi\/wp-json\/wp\/v2\/product\/577178","targetHints":{"allow":["GET"]}}],"collection":[{"href":"https:\/\/staging.nbg.eu\/fi\/wp-json\/wp\/v2\/product"}],"about":[{"href":"https:\/\/staging.nbg.eu\/fi\/wp-json\/wp\/v2\/types\/product"}],"wp:featuredmedia":[{"embeddable":true,"href":"https:\/\/staging.nbg.eu\/fi\/wp-json\/wp\/v2\/media\/577229"}],"wp:attachment":[{"href":"https:\/\/staging.nbg.eu\/fi\/wp-json\/wp\/v2\/media?parent=577178"}],"wp:term":[{"taxonomy":"product_brand","embeddable":true,"href":"https:\/\/staging.nbg.eu\/fi\/wp-json\/wp\/v2\/product_brand?post=577178"},{"taxonomy":"product_cat","embeddable":true,"href":"https:\/\/staging.nbg.eu\/fi\/wp-json\/wp\/v2\/product_cat?post=577178"},{"taxonomy":"product_tag","embeddable":true,"href":"https:\/\/staging.nbg.eu\/fi\/wp-json\/wp\/v2\/product_tag?post=577178"}],"curies":[{"name":"wp","href":"https:\/\/api.w.org\/{rel}","templated":true}]}}