{"id":576851,"date":"2025-10-10T16:06:53","date_gmt":"2025-10-10T13:06:53","guid":{"rendered":"https:\/\/staging.nbg.eu\/product\/polymer-magazine-545x39-mm-fo-akm-rifles-30-rounds\/"},"modified":"2025-10-15T12:16:07","modified_gmt":"2025-10-15T09:16:07","slug":"polymeerikertalipas-545x39-mm-akm-kivaeaereille-30-patruunaa","status":"publish","type":"product","link":"https:\/\/staging.nbg.eu\/fi\/tuote\/polymeerikertalipas-545x39-mm-akm-kivaeaereille-30-patruunaa\/","title":{"rendered":"Polymeerikertalipas 5,45&#215;39 mm AKM-kiv\u00e4\u00e4reille 30 patruunaa"},"content":{"rendered":"<div class=\"product-description\">\n<h2>Polymeerimakasiini AK 5,45&#215;39 mm &#8211; 30 patruunaa<\/h2>\n<h2>WBP Rog\u00f3w puolil\u00e4pin\u00e4kyv\u00e4 makasiini<\/h2>\n<p>AK-74 tai Tantal-kiv\u00e4\u00e4rille tarkoitettu polymeerimakasiini WBP Rog\u00f3wilta. Suunniteltu 5,45&#215;39 mm kaliiperin patruunoille, 30 patruunan kapasiteetti.<\/p>\n<h3>Ominaisuudet:<\/h3>\n<ul>\n<li>Kest\u00e4v\u00e4 polymeerinen rakenne<\/li>\n<li>Puolil\u00e4pin\u00e4kyv\u00e4 runko patruunam\u00e4\u00e4r\u00e4n tarkistamiseen<\/li>\n<li>Ter\u00e4svahvistettu pohjalevy<\/li>\n<li>Paino 153 grammaa<\/li>\n<li>Yhteensopiva AK-74 ja Tantal-kiv\u00e4\u00e4reiden kanssa<\/li>\n<\/ul>\n<h3>Tekniset tiedot:<\/h3>\n<ul>\n<li>Kaliiperi: 5,45&#215;39 mm<\/li>\n<li>Kapasiteetti: 30 patruunaa<\/li>\n<li>Runko ja seuraaja: Polymeeri<\/li>\n<li>Pohjalevy: Ter\u00e4s<\/li>\n<li>V\u00e4ri: Puolil\u00e4pin\u00e4kyv\u00e4<\/li>\n<\/ul>\n<p>WBP Rog\u00f3win polymeerimakasiini AK-alustaisille aseille.<\/p>\n<\/div>\n","protected":false},"excerpt":{"rendered":"<p>Puolil\u00e4pin\u00e4kyv\u00e4 30 patruunan AK-lipas, 5.45x39mm, valmistaja WBP Rog\u00f3w<\/p>\n","protected":false},"featured_media":576920,"template":"","meta":{"_acf_changed":false},"product_brand":[],"product_cat":[13225,13208],"product_tag":[],"class_list":{"0":"post-576851","1":"product","2":"type-product","3":"status-publish","4":"has-post-thumbnail","6":"product_cat-kivaeaeri","7":"product_cat-kivaeaerin-lippaat","9":"first","10":"outofstock","11":"taxable","12":"shipping-taxable","13":"product-type-simple"},"acf":[],"_links":{"self":[{"href":"https:\/\/staging.nbg.eu\/fi\/wp-json\/wp\/v2\/product\/576851","targetHints":{"allow":["GET"]}}],"collection":[{"href":"https:\/\/staging.nbg.eu\/fi\/wp-json\/wp\/v2\/product"}],"about":[{"href":"https:\/\/staging.nbg.eu\/fi\/wp-json\/wp\/v2\/types\/product"}],"wp:featuredmedia":[{"embeddable":true,"href":"https:\/\/staging.nbg.eu\/fi\/wp-json\/wp\/v2\/media\/576920"}],"wp:attachment":[{"href":"https:\/\/staging.nbg.eu\/fi\/wp-json\/wp\/v2\/media?parent=576851"}],"wp:term":[{"taxonomy":"product_brand","embeddable":true,"href":"https:\/\/staging.nbg.eu\/fi\/wp-json\/wp\/v2\/product_brand?post=576851"},{"taxonomy":"product_cat","embeddable":true,"href":"https:\/\/staging.nbg.eu\/fi\/wp-json\/wp\/v2\/product_cat?post=576851"},{"taxonomy":"product_tag","embeddable":true,"href":"https:\/\/staging.nbg.eu\/fi\/wp-json\/wp\/v2\/product_tag?post=576851"}],"curies":[{"name":"wp","href":"https:\/\/api.w.org\/{rel}","templated":true}]}}