{"id":576699,"date":"2025-10-10T15:52:39","date_gmt":"2025-10-10T12:52:39","guid":{"rendered":"https:\/\/staging.nbg.eu\/product\/adapter-single-arta435-52-52mm\/"},"modified":"2025-10-15T12:10:51","modified_gmt":"2025-10-15T09:10:51","slug":"sovitin-yksittaeinen-arta435-52-52mm","status":"publish","type":"product","link":"https:\/\/staging.nbg.eu\/fi\/tuote\/sovitin-yksittaeinen-arta435-52-52mm\/","title":{"rendered":"Sovitin yksitt\u00e4inen ARTA435-52, 52mm"},"content":{"rendered":"<div class=\"product-description\">\n<h2>Sovitin yksitt\u00e4inen ARTA435-52, 52mm<\/h2>\n<p>ARTA435-52 on pikakiinnitteinen kellosovitinrengas Guide TA &amp; TB l\u00e4mp\u00f6kuvauslaitteille. T\u00e4m\u00e4 52mm sovitin yhdist\u00e4\u00e4 p\u00e4iv\u00e4kiikarit l\u00e4mp\u00f6kuvauslaitteeseen.<\/p>\n<h2>Ominaisuudet:<\/h2>\n<ul>\n<li>Yhteensopiva M33.5&#215;0.75 kierteell\u00e4<\/li>\n<li>Valmistettu alumiinista<\/li>\n<li>Liikkuvat osat karkaistua ter\u00e4st\u00e4<\/li>\n<li>Sis\u00e4pinnassa suojaava pinnoite<\/li>\n<li>Varmistaa pit\u00e4v\u00e4n otteen ja suojaa optiikkaa<\/li>\n<li>Pikakiinnitysmekanismi helppoon kiinnitykseen<\/li>\n<\/ul>\n<h2>Yhteensopivuus:<\/h2>\n<p>T\u00e4m\u00e4 sovitin on yhteensopiva seuraavien l\u00e4mp\u00f6kuvauslaitteiden kanssa:<\/p>\n<ul>\n<li>Guide TB &amp; TA -sarja<\/li>\n<li>Athlon Cronus ATS Pro<\/li>\n<li>Burris BTC50, BTC35 v2 &amp; v3<\/li>\n<li>Steiner Nighthunter C35 Gen I &amp; Gen II<\/li>\n<li>Konus Fiery<\/li>\n<li>Nitehog Viper<\/li>\n<\/ul>\n<p>Varmista, ett\u00e4 kiikarisi objektiivin ulkohalkaisija on 52mm ennen ostoa. Vaihtoehtoisina kiinnitysratkaisuina on saatavilla Picatinny-kiskosovittimia eri korkeuksilla.<\/p>\n<p>Rusan-Mikronin valmistama sovitin sopii l\u00e4mp\u00f6kuvauslaitteistoosi. ARTA435-52 sovitin on tarkoitettu mets\u00e4stys- ja taktiseen k\u00e4ytt\u00f6\u00f6n.<\/p>\n<\/div>\n","protected":false},"excerpt":{"rendered":"<p>52 mm:n Rusan-adapteri Guide-l\u00e4mp\u00f6kameralaitteille. Pikakiinnitys, alumiinia.<\/p>\n","protected":false},"featured_media":576780,"template":"","meta":{"_acf_changed":false},"product_brand":[],"product_cat":[13156,13201,13158],"product_tag":[],"class_list":{"0":"post-576699","1":"product","2":"type-product","3":"status-publish","4":"has-post-thumbnail","6":"product_cat-laempoe","7":"product_cat-taehtaeys","8":"product_cat-taehtaeystarvikkeet","10":"first","11":"outofstock","12":"taxable","13":"shipping-taxable","14":"purchasable","15":"product-type-simple"},"acf":[],"_links":{"self":[{"href":"https:\/\/staging.nbg.eu\/fi\/wp-json\/wp\/v2\/product\/576699","targetHints":{"allow":["GET"]}}],"collection":[{"href":"https:\/\/staging.nbg.eu\/fi\/wp-json\/wp\/v2\/product"}],"about":[{"href":"https:\/\/staging.nbg.eu\/fi\/wp-json\/wp\/v2\/types\/product"}],"wp:featuredmedia":[{"embeddable":true,"href":"https:\/\/staging.nbg.eu\/fi\/wp-json\/wp\/v2\/media\/576780"}],"wp:attachment":[{"href":"https:\/\/staging.nbg.eu\/fi\/wp-json\/wp\/v2\/media?parent=576699"}],"wp:term":[{"taxonomy":"product_brand","embeddable":true,"href":"https:\/\/staging.nbg.eu\/fi\/wp-json\/wp\/v2\/product_brand?post=576699"},{"taxonomy":"product_cat","embeddable":true,"href":"https:\/\/staging.nbg.eu\/fi\/wp-json\/wp\/v2\/product_cat?post=576699"},{"taxonomy":"product_tag","embeddable":true,"href":"https:\/\/staging.nbg.eu\/fi\/wp-json\/wp\/v2\/product_tag?post=576699"}],"curies":[{"name":"wp","href":"https:\/\/api.w.org\/{rel}","templated":true}]}}