{"id":575642,"date":"2025-10-10T12:35:07","date_gmt":"2025-10-10T09:35:07","guid":{"rendered":"https:\/\/staging.nbg.eu\/product\/grips-kmr-l-dotmatrix-ergo-short-for-orca-emiq-pink\/"},"modified":"2025-10-15T11:49:20","modified_gmt":"2025-10-15T08:49:20","slug":"kahvat-kmr-l-pistemattisi-ergo-lyhyt-orcalle-emiq-pinkki","status":"publish","type":"product","link":"https:\/\/staging.nbg.eu\/fi\/tuote\/kahvat-kmr-l-pistemattisi-ergo-lyhyt-orcalle-emiq-pinkki\/","title":{"rendered":"Kahvat KMR L pistemattisi ergo lyhyt ORCA:lle, EMIQ pinkki"},"content":{"rendered":"<h2>GRIPS KMR L DOTMATRIX ERGO SHORT ORCA- ja EMIQ-malleille &#8211; PINKKI<\/h2>\n<p>GRIPS KMR L DOTMATRIX ERGO SHORT ORCA- ja EMIQ-malleille pinkkin\u00e4. N\u00e4m\u00e4 duralumiiniset kahvat sis\u00e4lt\u00e4v\u00e4t golfpallokuvioinnin.<\/p>\n<h2>Ominaisuudet:<\/h2>\n<ul>\n<li>Tuotenumero: 0611-03204-0110<\/li>\n<li>Merkki: KMR Precision Arms<\/li>\n<li>Koko: Lyhyt<\/li>\n<li>Materiaali: Anodisoitu duralumiini<\/li>\n<li>Kuvio: Golfpallo (Dotmatrix Ergo)<\/li>\n<li>K\u00e4ytt\u00f6: Lipasohjaimen kanssa<\/li>\n<li>Sis\u00e4lt\u00e4\u00e4: Torx-ruuvit<\/li>\n<\/ul>\n<p>Sopii pistoolin p\u00e4ivitt\u00e4miseen tai kilpa-aseen suunnitteluun. Yhteensopiva mallien KMR L-02 EMIQ, KMR L-02 EMIQ (OR) ja KMR L-02 ORCA (vuoteen 2023 asti) kanssa.<\/p>\n","protected":false},"excerpt":{"rendered":"<p>Vaaleanpunaiset duralumiinista valmistetut kahvat ORCA\/EMIQ-malleille. Golfpallon kuviointi. Lyhyet ja ergonomiset.<\/p>\n","protected":false},"featured_media":575673,"template":"","meta":{"_acf_changed":false},"product_brand":[],"product_cat":[13177],"product_tag":[],"class_list":{"0":"post-575642","1":"product","2":"type-product","3":"status-publish","4":"has-post-thumbnail","6":"product_cat-kmr-osat","8":"first","9":"outofstock","10":"taxable","11":"shipping-taxable","12":"purchasable","13":"product-type-simple"},"acf":[],"_links":{"self":[{"href":"https:\/\/staging.nbg.eu\/fi\/wp-json\/wp\/v2\/product\/575642","targetHints":{"allow":["GET"]}}],"collection":[{"href":"https:\/\/staging.nbg.eu\/fi\/wp-json\/wp\/v2\/product"}],"about":[{"href":"https:\/\/staging.nbg.eu\/fi\/wp-json\/wp\/v2\/types\/product"}],"wp:featuredmedia":[{"embeddable":true,"href":"https:\/\/staging.nbg.eu\/fi\/wp-json\/wp\/v2\/media\/575673"}],"wp:attachment":[{"href":"https:\/\/staging.nbg.eu\/fi\/wp-json\/wp\/v2\/media?parent=575642"}],"wp:term":[{"taxonomy":"product_brand","embeddable":true,"href":"https:\/\/staging.nbg.eu\/fi\/wp-json\/wp\/v2\/product_brand?post=575642"},{"taxonomy":"product_cat","embeddable":true,"href":"https:\/\/staging.nbg.eu\/fi\/wp-json\/wp\/v2\/product_cat?post=575642"},{"taxonomy":"product_tag","embeddable":true,"href":"https:\/\/staging.nbg.eu\/fi\/wp-json\/wp\/v2\/product_tag?post=575642"}],"curies":[{"name":"wp","href":"https:\/\/api.w.org\/{rel}","templated":true}]}}