{"id":575382,"date":"2025-10-10T12:34:58","date_gmt":"2025-10-10T09:34:58","guid":{"rendered":"https:\/\/staging.nbg.eu\/product\/grips-kmr-l-dotmatrix-short-for-orca-emiq-pink\/"},"modified":"2025-10-15T11:40:27","modified_gmt":"2025-10-15T08:40:27","slug":"kahvat-kmr-l-pistemattisi-lyhyt-orcalle-emiq-pinkki","status":"publish","type":"product","link":"https:\/\/staging.nbg.eu\/fi\/tuote\/kahvat-kmr-l-pistemattisi-lyhyt-orcalle-emiq-pinkki\/","title":{"rendered":"Kahvat KMR L pistemattisi lyhyt ORCA:lle, EMIQ pinkki"},"content":{"rendered":"<div class=\"product-description\">\n<h2>GRIPS KMR L DOTMATRIX SHORT ORCA- ja EMIQ-malleille &#8211; PINKKI<\/h2>\n<p>KMR Precision Arms:in duralumiinikahvat. Golfpallo-kuviointi tarjoaa hyv\u00e4n otteen.<\/p>\n<ul>\n<li>Viite: 0611-03202-0110<\/li>\n<li>V\u00e4ri: Pinkki<\/li>\n<li>Koko: Lyhyt<\/li>\n<li>Materiaali: Anodisoitu duralumiini<\/li>\n<li>Kuvio: Dotmatrix (golfpallo)<\/li>\n<li>K\u00e4ytt\u00f6: Lipasohjaimen kanssa<\/li>\n<li>Sis\u00e4lt\u00e4\u00e4: Torx-ruuvit<\/li>\n<\/ul>\n<p>Sopii pistoolin p\u00e4ivitt\u00e4miseen tai kilpa-aseen rakentamiseen. Yhteensopiva mallien KMR L-02 EMIQ, KMR L-02 EMIQ (OR) ja KMR L-02 ORCA (vuoteen 2023 asti) kanssa.<\/p>\n<p>Karhea pinta tarjoaa varman otteen. KMR Precision Arms:in tuote.<\/p>\n<\/div>\n","protected":false},"excerpt":{"rendered":"<p>Vaaleanpunaiset KMR-duralumiini kahvat ORCA:lle ja EMIQ:lle. Golfpallokuviointi, lyhyet.<\/p>\n","protected":false},"featured_media":575411,"template":"","meta":{"_acf_changed":false},"product_brand":[],"product_cat":[13177],"product_tag":[],"class_list":{"0":"post-575382","1":"product","2":"type-product","3":"status-publish","4":"has-post-thumbnail","6":"product_cat-kmr-osat","8":"first","9":"instock","10":"taxable","11":"shipping-taxable","12":"purchasable","13":"product-type-simple"},"acf":[],"_links":{"self":[{"href":"https:\/\/staging.nbg.eu\/fi\/wp-json\/wp\/v2\/product\/575382","targetHints":{"allow":["GET"]}}],"collection":[{"href":"https:\/\/staging.nbg.eu\/fi\/wp-json\/wp\/v2\/product"}],"about":[{"href":"https:\/\/staging.nbg.eu\/fi\/wp-json\/wp\/v2\/types\/product"}],"wp:featuredmedia":[{"embeddable":true,"href":"https:\/\/staging.nbg.eu\/fi\/wp-json\/wp\/v2\/media\/575411"}],"wp:attachment":[{"href":"https:\/\/staging.nbg.eu\/fi\/wp-json\/wp\/v2\/media?parent=575382"}],"wp:term":[{"taxonomy":"product_brand","embeddable":true,"href":"https:\/\/staging.nbg.eu\/fi\/wp-json\/wp\/v2\/product_brand?post=575382"},{"taxonomy":"product_cat","embeddable":true,"href":"https:\/\/staging.nbg.eu\/fi\/wp-json\/wp\/v2\/product_cat?post=575382"},{"taxonomy":"product_tag","embeddable":true,"href":"https:\/\/staging.nbg.eu\/fi\/wp-json\/wp\/v2\/product_tag?post=575382"}],"curies":[{"name":"wp","href":"https:\/\/api.w.org\/{rel}","templated":true}]}}