{"id":575270,"date":"2025-10-10T12:34:57","date_gmt":"2025-10-10T09:34:57","guid":{"rendered":"https:\/\/staging.nbg.eu\/product\/grips-kmr-l-waves-titan\/"},"modified":"2025-10-15T11:34:24","modified_gmt":"2025-10-15T08:34:24","slug":"kahvat-kmr-l-aallot-titaani","status":"publish","type":"product","link":"https:\/\/staging.nbg.eu\/fi\/tuote\/kahvat-kmr-l-aallot-titaani\/","title":{"rendered":"Kahvat KMR L aallot titaani"},"content":{"rendered":"<div class=\"product-description\">\n<h2>GRIPS KMR L WAVES TITAN<\/h2>\n<p>GRIPS KMR L WAVES TITAN (Viite: 0611-05001-0107) on KMR Precision Arms -yhti\u00f6n tuote. N\u00e4m\u00e4 t\u00e4ysikokoiset kahvat on suunniteltu hallintaa ja tarkkuutta varten, ja niiss\u00e4 on WAVES-pintakuviointi.<\/p>\n<h2>Ominaisuudet:<\/h2>\n<ul>\n<li>Yhteensopiva KMR L-02 SPECTRA ja UMBRA -mallien kanssa<\/li>\n<li>T\u00e4ysikokoinen kahva ilman lipaskaivoa<\/li>\n<li>WAVES-pintakuviointi<\/li>\n<li>Titaanin v\u00e4rinen<\/li>\n<\/ul>\n<p>GRIPS KMR L WAVES TITAN tarjoaa tarkkuutta ja mukavuutta.<\/p>\n<\/div>\n","protected":false},"excerpt":{"rendered":"<p>GRIPS KMR L WAVES TITAN: Paranna hallintaa ja tarkkuutta titaaninv\u00e4risell\u00e4 otteella.<\/p>\n","protected":false},"featured_media":575293,"template":"","meta":{"_acf_changed":false},"product_brand":[],"product_cat":[13177],"product_tag":[],"class_list":{"0":"post-575270","1":"product","2":"type-product","3":"status-publish","4":"has-post-thumbnail","6":"product_cat-kmr-osat","8":"first","9":"instock","10":"taxable","11":"shipping-taxable","12":"purchasable","13":"product-type-simple"},"acf":[],"_links":{"self":[{"href":"https:\/\/staging.nbg.eu\/fi\/wp-json\/wp\/v2\/product\/575270","targetHints":{"allow":["GET"]}}],"collection":[{"href":"https:\/\/staging.nbg.eu\/fi\/wp-json\/wp\/v2\/product"}],"about":[{"href":"https:\/\/staging.nbg.eu\/fi\/wp-json\/wp\/v2\/types\/product"}],"wp:featuredmedia":[{"embeddable":true,"href":"https:\/\/staging.nbg.eu\/fi\/wp-json\/wp\/v2\/media\/575293"}],"wp:attachment":[{"href":"https:\/\/staging.nbg.eu\/fi\/wp-json\/wp\/v2\/media?parent=575270"}],"wp:term":[{"taxonomy":"product_brand","embeddable":true,"href":"https:\/\/staging.nbg.eu\/fi\/wp-json\/wp\/v2\/product_brand?post=575270"},{"taxonomy":"product_cat","embeddable":true,"href":"https:\/\/staging.nbg.eu\/fi\/wp-json\/wp\/v2\/product_cat?post=575270"},{"taxonomy":"product_tag","embeddable":true,"href":"https:\/\/staging.nbg.eu\/fi\/wp-json\/wp\/v2\/product_tag?post=575270"}],"curies":[{"name":"wp","href":"https:\/\/api.w.org\/{rel}","templated":true}]}}