{"id":574878,"date":"2025-10-10T12:34:48","date_gmt":"2025-10-10T09:34:48","guid":{"rendered":"https:\/\/staging.nbg.eu\/product\/trigger-kmr-sa-da-from-2024\/"},"modified":"2025-10-15T11:24:57","modified_gmt":"2025-10-15T08:24:57","slug":"liipaisin-kmr-sada-vuodesta-2024","status":"publish","type":"product","link":"https:\/\/staging.nbg.eu\/fi\/tuote\/liipaisin-kmr-sada-vuodesta-2024\/","title":{"rendered":"Liipaisin KMR SA\/DA (vuodesta 2024)"},"content":{"rendered":"<h2>LIIPAISIN KMR SA\/DA (vuodesta 2024 alkaen)<\/h2>\n<h2>Viite: 0861-01503-0900 | Merkki: KMR Precision Arms<\/h2>\n<p>Korvaava liipaisin KMR-pistooliin. Suunniteltu kaikille KMR:n alumiini- ja ter\u00e4srunkoisille pistooleille, jotka on valmistettu vuodesta 2024 alkaen. T\u00e4m\u00e4 SA\/DA-ter\u00e4sliipaisin sopii k\u00e4ytett\u00e4v\u00e4ksi.<\/p>\n<ul>\n<li>Yhteensopiva 3 mm:n liipaisintapin kanssa<\/li>\n<li>Toimii L SA\/DA tai W SA\/DA liipaisinvivun kanssa<\/li>\n<li>Tehtaan liipasinmuoto urilla<\/li>\n<li>Sopii KMR L-02 SPECTRA ja UMBRA -malleihin (vuodesta 2024 alkaen)<\/li>\n<li>Yhteensopiva KMR S-01 LANCE (OR) ja S-02 (vuoteen 2023 asti) kanssa<\/li>\n<li>Sopii KMR W-02 UMBRA:an<\/li>\n<\/ul>\n<p>KMR-liipaisin.<\/p>\n","protected":false},"excerpt":{"rendered":"<p>Korvaava SA\/DA-ter\u00e4sliipaisin KMR-pistooleille, uritettu malli.<\/p>\n","protected":false},"featured_media":574904,"template":"","meta":{"_acf_changed":false},"product_brand":[],"product_cat":[13177],"product_tag":[],"class_list":{"0":"post-574878","1":"product","2":"type-product","3":"status-publish","4":"has-post-thumbnail","6":"product_cat-kmr-osat","8":"first","9":"instock","10":"taxable","11":"shipping-taxable","12":"purchasable","13":"product-type-simple"},"acf":[],"_links":{"self":[{"href":"https:\/\/staging.nbg.eu\/fi\/wp-json\/wp\/v2\/product\/574878","targetHints":{"allow":["GET"]}}],"collection":[{"href":"https:\/\/staging.nbg.eu\/fi\/wp-json\/wp\/v2\/product"}],"about":[{"href":"https:\/\/staging.nbg.eu\/fi\/wp-json\/wp\/v2\/types\/product"}],"wp:featuredmedia":[{"embeddable":true,"href":"https:\/\/staging.nbg.eu\/fi\/wp-json\/wp\/v2\/media\/574904"}],"wp:attachment":[{"href":"https:\/\/staging.nbg.eu\/fi\/wp-json\/wp\/v2\/media?parent=574878"}],"wp:term":[{"taxonomy":"product_brand","embeddable":true,"href":"https:\/\/staging.nbg.eu\/fi\/wp-json\/wp\/v2\/product_brand?post=574878"},{"taxonomy":"product_cat","embeddable":true,"href":"https:\/\/staging.nbg.eu\/fi\/wp-json\/wp\/v2\/product_cat?post=574878"},{"taxonomy":"product_tag","embeddable":true,"href":"https:\/\/staging.nbg.eu\/fi\/wp-json\/wp\/v2\/product_tag?post=574878"}],"curies":[{"name":"wp","href":"https:\/\/api.w.org\/{rel}","templated":true}]}}