{"id":574729,"date":"2025-10-10T12:34:45","date_gmt":"2025-10-10T09:34:45","guid":{"rendered":"https:\/\/staging.nbg.eu\/product\/trigger-kmr-sa-da-straight-from-2024\/"},"modified":"2025-10-15T11:10:41","modified_gmt":"2025-10-15T08:10:41","slug":"liipaisin-kmr-sada-suora-vuodesta-2024","status":"publish","type":"product","link":"https:\/\/staging.nbg.eu\/fi\/tuote\/liipaisin-kmr-sada-suora-vuodesta-2024\/","title":{"rendered":"Liipaisin KMR SA\/DA suora (vuodesta 2024)"},"content":{"rendered":"<h2>LIIPAISIN KMR SA\/DA SUORA (vuodesta 2024)<\/h2>\n<h2>Viite: 0861-02301-0900<\/h2>\n<h3>Merkki: KMR Precision Arms<\/h3>\n<p>LIIPAISIN KMR SA\/DA SUORA on suunniteltu KMR-pistooleihin, jotka on valmistettu vuodesta 2024 alkaen. T\u00e4m\u00e4 vaihtoliipaisin sopii sek\u00e4 alumiini- ett\u00e4 ter\u00e4srunkoisiin malleihin.<\/p>\n<ul>\n<li>Suora liipaisinmuotoilu<\/li>\n<li>Yhteensopiva 3 mm:n liipaisintapin kanssa<\/li>\n<li>Toimii L SA\/DA tai W SA\/DA liipaisinvivun kanssa<\/li>\n<li>Valmistettu ter\u00e4ksest\u00e4<\/li>\n<li>Sopii KMR-malleihin: L-02 SPECTRA, L-02 UMBRA, S-01 LANCE (OR), S-02 ja W-02 UMBRA<\/li>\n<\/ul>\n<p>T\u00e4m\u00e4 suora liipaisin on suunniteltu toimimaan sek\u00e4 yksitoimisessa ett\u00e4 kaksitoimisessa tilassa.<\/p>\n","protected":false},"excerpt":{"rendered":"<p>Suora SA\/DA-ter\u00e4sliipaisin KMR-pistooleille vuodesta 2024 alkaen. Yhteensopiva 3 mm:n tapin kanssa.<\/p>\n","protected":false},"featured_media":574758,"template":"","meta":{"_acf_changed":false},"product_brand":[],"product_cat":[13177],"product_tag":[],"class_list":{"0":"post-574729","1":"product","2":"type-product","3":"status-publish","4":"has-post-thumbnail","6":"product_cat-kmr-osat","8":"first","9":"instock","10":"taxable","11":"shipping-taxable","12":"purchasable","13":"product-type-simple"},"acf":[],"_links":{"self":[{"href":"https:\/\/staging.nbg.eu\/fi\/wp-json\/wp\/v2\/product\/574729","targetHints":{"allow":["GET"]}}],"collection":[{"href":"https:\/\/staging.nbg.eu\/fi\/wp-json\/wp\/v2\/product"}],"about":[{"href":"https:\/\/staging.nbg.eu\/fi\/wp-json\/wp\/v2\/types\/product"}],"wp:featuredmedia":[{"embeddable":true,"href":"https:\/\/staging.nbg.eu\/fi\/wp-json\/wp\/v2\/media\/574758"}],"wp:attachment":[{"href":"https:\/\/staging.nbg.eu\/fi\/wp-json\/wp\/v2\/media?parent=574729"}],"wp:term":[{"taxonomy":"product_brand","embeddable":true,"href":"https:\/\/staging.nbg.eu\/fi\/wp-json\/wp\/v2\/product_brand?post=574729"},{"taxonomy":"product_cat","embeddable":true,"href":"https:\/\/staging.nbg.eu\/fi\/wp-json\/wp\/v2\/product_cat?post=574729"},{"taxonomy":"product_tag","embeddable":true,"href":"https:\/\/staging.nbg.eu\/fi\/wp-json\/wp\/v2\/product_tag?post=574729"}],"curies":[{"name":"wp","href":"https:\/\/api.w.org\/{rel}","templated":true}]}}