{"id":57438,"date":"2024-02-20T19:53:48","date_gmt":"2024-09-13T14:33:02","guid":{"rendered":"https:\/\/staging.nbg.eu\/product\/geissele-ar15-super-precision-30mm-extended\/"},"modified":"2024-09-13T14:33:54","modified_gmt":"2024-09-13T14:33:54","slug":"geissele-ar15-super-precision-30mm-pidennetty","status":"publish","type":"product","link":"https:\/\/staging.nbg.eu\/fi\/tuote\/geissele-ar15-super-precision-30mm-pidennetty\/","title":{"rendered":"Geissele AR15 Super Precision\u00ae 30mm, Pidennetty"},"content":{"rendered":"<div class=\"product-description\">\n<h2>Geissele AR15 Super Precision\u00ae 30mm, Jatkettu<\/h2>\n<p>Suunniteltu AR-15\/M4 ylempien osien kanssa k\u00e4ytett\u00e4v\u00e4ksi, Geissele Super Precision\u00ae 30mm Jatkettu Kiinnitys tarjoaa vakauden ja tarkkuuden. Ominaisuudet:<\/p>\n<ul>\n<li>7-osainen picatinny-kisko, jossa 4 leikkauskorvaketta turvalliseen kiinnitykseen<\/li>\n<li>Mutteri- ja pulttikiinnitysj\u00e4rjestelm\u00e4, joka tuottaa 1400 paunaa voimaa per sarja<\/li>\n<li>Valmistettu yhdest\u00e4 kappaleesta 7075-T6 korkealujuuksista alumiinia<\/li>\n<li>Vahvistettu rakenne taskutuksen ja rimoituksen avulla<\/li>\n<li>Tarkkuusporatut suojukset t\u00e4ht\u00e4imen sopivuutta ja suojaa varten<\/li>\n<li>Monipuoliset suojusten sijainnit eri t\u00e4ht\u00e4inmalleja varten<\/li>\n<\/ul>\n<p>T\u00e4m\u00e4 t\u00e4ht\u00e4inkiinnitys tarjoaa tarkan paluun nollapisteeseen ja kest\u00e4vyytt\u00e4 vaativissa olosuhteissa.<\/p>\n<\/div>\n","protected":false},"excerpt":{"rendered":"<p>Tarkka 30 mm:n AR-15-kiikarit\u00e4ht\u00e4imen jalusta. Turvallinen, kest\u00e4v\u00e4, valmistettu 7075-T6-alumiinista.<\/p>\n","protected":false},"featured_media":57439,"template":"","meta":{"_acf_changed":false},"product_brand":[11378],"product_cat":[13225],"product_tag":[],"class_list":{"0":"post-57438","1":"product","2":"type-product","3":"status-publish","4":"has-post-thumbnail","6":"product_brand-geissele","7":"product_cat-kivaeaeri","9":"first","10":"instock","11":"taxable","12":"shipping-taxable","13":"product-type-variable","14":"wvs-archive-product-wrapper"},"acf":[],"_links":{"self":[{"href":"https:\/\/staging.nbg.eu\/fi\/wp-json\/wp\/v2\/product\/57438","targetHints":{"allow":["GET"]}}],"collection":[{"href":"https:\/\/staging.nbg.eu\/fi\/wp-json\/wp\/v2\/product"}],"about":[{"href":"https:\/\/staging.nbg.eu\/fi\/wp-json\/wp\/v2\/types\/product"}],"wp:featuredmedia":[{"embeddable":true,"href":"https:\/\/staging.nbg.eu\/fi\/wp-json\/wp\/v2\/media\/57439"}],"wp:attachment":[{"href":"https:\/\/staging.nbg.eu\/fi\/wp-json\/wp\/v2\/media?parent=57438"}],"wp:term":[{"taxonomy":"product_brand","embeddable":true,"href":"https:\/\/staging.nbg.eu\/fi\/wp-json\/wp\/v2\/product_brand?post=57438"},{"taxonomy":"product_cat","embeddable":true,"href":"https:\/\/staging.nbg.eu\/fi\/wp-json\/wp\/v2\/product_cat?post=57438"},{"taxonomy":"product_tag","embeddable":true,"href":"https:\/\/staging.nbg.eu\/fi\/wp-json\/wp\/v2\/product_tag?post=57438"}],"curies":[{"name":"wp","href":"https:\/\/api.w.org\/{rel}","templated":true}]}}