{"id":572758,"date":"2025-10-10T23:44:24","date_gmt":"2025-10-10T20:44:24","guid":{"rendered":"https:\/\/staging.nbg.eu\/product\/e-arthur-brown-company-inc-knob-s-lever-for-harris-type-bipods\/"},"modified":"2025-10-15T00:50:03","modified_gmt":"2025-10-14T21:50:03","slug":"e-arthur-brown-company-inc-nuppi-s-vipu-harris-tyyppisiae-jalustoja-varten","status":"publish","type":"product","link":"https:\/\/staging.nbg.eu\/fi\/tuote\/e-arthur-brown-company-inc-nuppi-s-vipu-harris-tyyppisiae-jalustoja-varten\/","title":{"rendered":"E. ARTHUR BROWN COMPANY, INC. nuppi S-vipu Harris-tyyppisi\u00e4 jalustoja varten"},"content":{"rendered":"<h2>E. Arthur Brown Company S-Lever\u00ae Kiristin<\/h2>\n<p>P\u00e4ivit\u00e4 Harris-tyyppinen tai Caldwell XLA -kaksoisjalka S-Lever\u00ae -kiristimell\u00e4. T\u00e4m\u00e4 korvaava osa tavallisen kitkakytkimen tilalle tarjoaa:<\/p>\n<ul>\n<li>Parempi hallinta ja vipuvoima kallistuksen s\u00e4\u00e4t\u00f6\u00f6n<\/li>\n<li>Hienos\u00e4\u00e4t\u00f6mahdollisuudet tarkkaan asetteluun<\/li>\n<li>Kest\u00e4v\u00e4 kuituvahvistettu nylonrakenne<\/li>\n<li>Turvaominaisuus: joustaa tai murtuu \u00e4\u00e4rimm\u00e4isess\u00e4 rasituksessa<\/li>\n<li>Helppo asennus ohjeiden kanssa<\/li>\n<li>Valmistettu Yhdysvalloissa<\/li>\n<\/ul>\n<p>Suunniteltu S-tyyppisille Harris- ja Caldwell XLA -kaksoisjaloille, t\u00e4m\u00e4 musta alumiinivipu mahdollistaa nopeat s\u00e4\u00e4d\u00f6t kent\u00e4ll\u00e4. E. Arthur Brown Company S-Lever\u00ae -kiristin.<\/p>\n","protected":false},"excerpt":{"rendered":"<p>Ergonominen S-vipu helppoon kaksijalan kallistuksen s\u00e4\u00e4t\u00f6\u00f6n Harris-tyyppisiss\u00e4 kaksijalkatuissa.<\/p>\n","protected":false},"featured_media":572862,"template":"","meta":{"_acf_changed":false},"product_brand":[],"product_cat":[13218],"product_tag":[],"class_list":{"0":"post-572758","1":"product","2":"type-product","3":"status-publish","4":"has-post-thumbnail","6":"product_cat-jalustakiinnikkeet","8":"first","9":"instock","10":"taxable","11":"shipping-taxable","12":"purchasable","13":"product-type-simple"},"acf":[],"_links":{"self":[{"href":"https:\/\/staging.nbg.eu\/fi\/wp-json\/wp\/v2\/product\/572758","targetHints":{"allow":["GET"]}}],"collection":[{"href":"https:\/\/staging.nbg.eu\/fi\/wp-json\/wp\/v2\/product"}],"about":[{"href":"https:\/\/staging.nbg.eu\/fi\/wp-json\/wp\/v2\/types\/product"}],"wp:featuredmedia":[{"embeddable":true,"href":"https:\/\/staging.nbg.eu\/fi\/wp-json\/wp\/v2\/media\/572862"}],"wp:attachment":[{"href":"https:\/\/staging.nbg.eu\/fi\/wp-json\/wp\/v2\/media?parent=572758"}],"wp:term":[{"taxonomy":"product_brand","embeddable":true,"href":"https:\/\/staging.nbg.eu\/fi\/wp-json\/wp\/v2\/product_brand?post=572758"},{"taxonomy":"product_cat","embeddable":true,"href":"https:\/\/staging.nbg.eu\/fi\/wp-json\/wp\/v2\/product_cat?post=572758"},{"taxonomy":"product_tag","embeddable":true,"href":"https:\/\/staging.nbg.eu\/fi\/wp-json\/wp\/v2\/product_tag?post=572758"}],"curies":[{"name":"wp","href":"https:\/\/api.w.org\/{rel}","templated":true}]}}