{"id":56972,"date":"2024-02-20T20:01:55","date_gmt":"2024-09-13T14:29:12","guid":{"rendered":"https:\/\/staging.nbg.eu\/product\/geissele-ar15-super-precision-34mm-extended\/"},"modified":"2024-09-13T14:30:18","modified_gmt":"2024-09-13T14:30:18","slug":"geissele-ar15-super-precision-34mm-pidennetty","status":"publish","type":"product","link":"https:\/\/staging.nbg.eu\/fi\/tuote\/geissele-ar15-super-precision-34mm-pidennetty\/","title":{"rendered":"Geissele AR15 Super Precision\u00ae 34mm, Pidennetty"},"content":{"rendered":"<div class=\"product-description\">\n<h2>Geissele AR15 Super Precision\u00ae 34mm, Pidennetty<\/h2>\n<p>Geissele Super Precision\u00ae 34mm Pidennetty Kiikarit\u00e4ht\u00e4imen Jalusta AR-15\/M4:lle. T\u00e4m\u00e4n jalustan ominaisuudet:<\/p>\n<ul>\n<li>7 picatinny-osaa ja 4 leikkauskorvaketta vakauden parantamiseksi<\/li>\n<li>Mutteri- ja pulttikiinnitysj\u00e4rjestelm\u00e4, tuottaa 1 400 paunan voiman paria kohti<\/li>\n<li>Valmistettu yhdest\u00e4 kappaleesta 7075-T6 alumiinia<\/li>\n<li>J\u00e4ykkyytt\u00e4 lis\u00e4tty rakenteellisilla ratkaisuilla<\/li>\n<li>Linjaporatut kannet t\u00e4ht\u00e4imen sovitukseen ja suojaamiseen<\/li>\n<li>Sarjanumeroidut kannet kohdistuksen varmistamiseksi<\/li>\n<li>Sopii erilaisille kiikarit\u00e4ht\u00e4imille<\/li>\n<\/ul>\n<p>Geisselen valmistama jalusta tarjoaa tarkkuutta ja kest\u00e4vyytt\u00e4.<\/p>\n<\/div>\n","protected":false},"excerpt":{"rendered":"<p>Tarkkuusvalmistettu 34 mm:n AR-15-kiikarit\u00e4ht\u00e4imen jalusta ylivoimaiseen vakauteen.<\/p>\n","protected":false},"featured_media":56974,"template":"","meta":{"_acf_changed":false},"product_brand":[11378],"product_cat":[13225],"product_tag":[],"class_list":{"0":"post-56972","1":"product","2":"type-product","3":"status-publish","4":"has-post-thumbnail","6":"product_brand-geissele","7":"product_cat-kivaeaeri","9":"first","10":"instock","11":"taxable","12":"shipping-taxable","13":"product-type-variable","14":"wvs-archive-product-wrapper"},"acf":[],"_links":{"self":[{"href":"https:\/\/staging.nbg.eu\/fi\/wp-json\/wp\/v2\/product\/56972","targetHints":{"allow":["GET"]}}],"collection":[{"href":"https:\/\/staging.nbg.eu\/fi\/wp-json\/wp\/v2\/product"}],"about":[{"href":"https:\/\/staging.nbg.eu\/fi\/wp-json\/wp\/v2\/types\/product"}],"wp:featuredmedia":[{"embeddable":true,"href":"https:\/\/staging.nbg.eu\/fi\/wp-json\/wp\/v2\/media\/56974"}],"wp:attachment":[{"href":"https:\/\/staging.nbg.eu\/fi\/wp-json\/wp\/v2\/media?parent=56972"}],"wp:term":[{"taxonomy":"product_brand","embeddable":true,"href":"https:\/\/staging.nbg.eu\/fi\/wp-json\/wp\/v2\/product_brand?post=56972"},{"taxonomy":"product_cat","embeddable":true,"href":"https:\/\/staging.nbg.eu\/fi\/wp-json\/wp\/v2\/product_cat?post=56972"},{"taxonomy":"product_tag","embeddable":true,"href":"https:\/\/staging.nbg.eu\/fi\/wp-json\/wp\/v2\/product_tag?post=56972"}],"curies":[{"name":"wp","href":"https:\/\/api.w.org\/{rel}","templated":true}]}}