{"id":56641,"date":"2024-02-20T20:12:58","date_gmt":"2024-09-13T13:32:09","guid":{"rendered":"https:\/\/staging.nbg.eu\/product\/geissele-super-precision-scope-mount-30mm-for-ar-15-vortex-1-6\/"},"modified":"2024-09-13T13:32:59","modified_gmt":"2024-09-13T13:32:59","slug":"geissele-super-precision-kiikarikannatin-30mm-ar-15lle-vortex-1-6","status":"publish","type":"product","link":"https:\/\/staging.nbg.eu\/fi\/tuote\/geissele-super-precision-kiikarikannatin-30mm-ar-15lle-vortex-1-6\/","title":{"rendered":"Geissele Super Precision Kiikarikannatin 30mm, AR-15:lle (Vortex 1-6)"},"content":{"rendered":"<div class=\"description-text\">\n<div class=\"exerpt\">\n<p>T\u00e4m\u00e4 AR-15-kiikarit\u00e4ht\u00e4imen jalusta on osa Geissele SOPMOD -sertifioitua sarjaa, joka sis\u00e4lt\u00e4\u00e4 Geisselen tuotteita, joita k\u00e4ytet\u00e4\u00e4n t\u00e4ll\u00e4 hetkell\u00e4 Yhdysvaltain erikoisjoukkojen komentokeskuksen (USSOCOM) huipputason sotilas- ja terrorisminvastaisissa yksik\u00f6iss\u00e4. SOPMOD on USSOCOM-ohjelma, joka mahdollistaa erikoisjoukkojen henkil\u00f6st\u00f6n aseasetusten mukauttamisen yksil\u00f6llisiin mieltymyksiin ja teht\u00e4v\u00e4vaatimuksiin. Ohjelma on hyv\u00e4ksytty lis\u00e4varustej\u00e4rjestelm\u00e4 M4A1-karbiinille, FN SCAR Mk 16\/17:lle ja muille USSOCOM:n k\u00e4ytt\u00e4mille aseille. Jokainen Geissele SOPMOD -sarjassa tarjottu tuote on l\u00e4p\u00e4issyt tiukat Yhdysvaltain hallituksen testit ja USSOCOM:n sertifioinnin. N\u00e4m\u00e4 optiset jalustaat on koneistettu yhdest\u00e4 4,5 paunan lentokoneluokan 7075-T6 alumiiniaihiosta.<\/p>\n<p>Yksil\u00f6llisesti numeroidut t\u00e4ht\u00e4insuojukset on linjaporattu rungon kanssa ja valmistettu yhdell\u00e4 toimenpiteell\u00e4, mik\u00e4 luo parhaan mahdollisen istuvuuden optiikan runkoon. Geissele-jalustat lukitaan paikalleen k\u00e4ytt\u00e4en klassista, hyv\u00e4ksi todettua mutteri- ja kiinnitinj\u00e4rjestelm\u00e4\u00e4, joka tarjoaa 1400 paunan kiinnitysvoiman mutteria kohden. T\u00e4m\u00e4 j\u00e4rjestelm\u00e4 tarjoaa jopa 3 kertaa enemm\u00e4n kiinnitysvoimaa kuin mik\u00e4\u00e4n vipuj\u00e4rjestelm\u00e4, kun taas tarkkuuskoneistetut leikkauskorvakkeet auttavat lukitsemaan optiikan paikalleen vastaanottimeen rekyylin aikana. Kiinnityspinta kattaa 8 picatinny-osaa.<\/p>\n<h2 style=\"text-align: center\"><strong>&#8212; TEKNISET TIEDOT &#8212;<\/strong><\/h2>\n<table border=\"1\">\n<tbody>\n<tr>\n<td><strong>MATERIAALI: <\/strong><\/td>\n<td> 7075-T6<\/td>\n<\/tr>\n<tr>\n<td><strong>V\u00c4RI: <\/strong><\/td>\n<td> Musta<\/td>\n<\/tr>\n<tr>\n<td><strong>VIIMEISTELY: <\/strong><\/td>\n<td> Tyyppi-3 kovapinnoitettu anodisointi<\/td>\n<\/tr>\n<tr>\n<td><strong>PAINO: <\/strong><\/td>\n<td> 7,1 unssia<\/td>\n<\/tr>\n<tr>\n<td><strong>RENKAAN KOKO: <\/strong><\/td>\n<td> 30mm<\/td>\n<\/tr>\n<\/tbody>\n<\/table>\n<\/div>\n<\/div>\n","protected":false},"excerpt":{"rendered":"<p><strong>Osa Geissele SOPMOD -sertifioitua sarjaa<\/strong><\/p>\n","protected":false},"featured_media":56642,"template":"","meta":{"_acf_changed":false},"product_brand":[11378],"product_cat":[13225],"product_tag":[],"class_list":{"0":"post-56641","1":"product","2":"type-product","3":"status-publish","4":"has-post-thumbnail","6":"product_brand-geissele","7":"product_cat-kivaeaeri","9":"first","10":"instock","11":"taxable","12":"shipping-taxable","13":"product-type-variable","14":"wvs-archive-product-wrapper"},"acf":[],"_links":{"self":[{"href":"https:\/\/staging.nbg.eu\/fi\/wp-json\/wp\/v2\/product\/56641","targetHints":{"allow":["GET"]}}],"collection":[{"href":"https:\/\/staging.nbg.eu\/fi\/wp-json\/wp\/v2\/product"}],"about":[{"href":"https:\/\/staging.nbg.eu\/fi\/wp-json\/wp\/v2\/types\/product"}],"wp:featuredmedia":[{"embeddable":true,"href":"https:\/\/staging.nbg.eu\/fi\/wp-json\/wp\/v2\/media\/56642"}],"wp:attachment":[{"href":"https:\/\/staging.nbg.eu\/fi\/wp-json\/wp\/v2\/media?parent=56641"}],"wp:term":[{"taxonomy":"product_brand","embeddable":true,"href":"https:\/\/staging.nbg.eu\/fi\/wp-json\/wp\/v2\/product_brand?post=56641"},{"taxonomy":"product_cat","embeddable":true,"href":"https:\/\/staging.nbg.eu\/fi\/wp-json\/wp\/v2\/product_cat?post=56641"},{"taxonomy":"product_tag","embeddable":true,"href":"https:\/\/staging.nbg.eu\/fi\/wp-json\/wp\/v2\/product_tag?post=56641"}],"curies":[{"name":"wp","href":"https:\/\/api.w.org\/{rel}","templated":true}]}}