{"id":56492,"date":"2024-02-20T20:21:46","date_gmt":"2024-09-13T13:26:41","guid":{"rendered":"https:\/\/staging.nbg.eu\/product\/geissele-super-precision-zero-compromise-scope-mount-36mm-black\/"},"modified":"2024-09-13T13:27:27","modified_gmt":"2024-09-13T13:27:27","slug":"geissele-super-precision-zero-compromise-kiikarikannatin-36mm-musta","status":"publish","type":"product","link":"https:\/\/staging.nbg.eu\/fi\/tuote\/geissele-super-precision-zero-compromise-kiikarikannatin-36mm-musta\/","title":{"rendered":"Geissele Super Precision\u00ae &#8211; Zero Compromise Kiikarikannatin, 36mm &#8211; Musta"},"content":{"rendered":"<div class=\"product-description\">\n<h2>Geissele Super Precision\u00ae &#8211; Kiikarit\u00e4ht\u00e4imen jalusta, 36mm &#8211; Musta<\/h2>\n<p>Suunniteltu Zero Compromise ZC420 -optiikkasarjalle. Ominaisuudet:<\/p>\n<ul>\n<li>20 MOA (5,7 MIL) sis\u00e4\u00e4nrakennettu kallistus<\/li>\n<li>2,5&#8243; pidennetty ulokemalli<\/li>\n<li>Koneistetut leikkausliitokset<\/li>\n<li>1400 lbs kiinnitysvoima p\u00e4ivitetyll\u00e4 mutteri- ja pulttij\u00e4rjestelm\u00e4ll\u00e4<\/li>\n<li>Asennus ja irrotus tavallisilla ty\u00f6kaluilla<\/li>\n<li>Palautus nollapisteeseen<\/li>\n<li>Kompakti rakenne<\/li>\n<\/ul>\n<p>Geissele Super Precision\u00ae Zero Compromise -kiikarit\u00e4ht\u00e4imen jalusta.<\/p>\n<\/div>\n","protected":false},"excerpt":{"rendered":"<p>Kest\u00e4v\u00e4 36 mm:n kiikarit\u00e4ht\u00e4imen jalusta \u00e4\u00e4rimm\u00e4isen pitk\u00e4n matkan tarkkuusammuntaan.<\/p>\n","protected":false},"featured_media":56493,"template":"","meta":{"_acf_changed":false},"product_brand":[11378],"product_cat":[13225],"product_tag":[],"class_list":{"0":"post-56492","1":"product","2":"type-product","3":"status-publish","4":"has-post-thumbnail","6":"product_brand-geissele","7":"product_cat-kivaeaeri","9":"first","10":"instock","11":"taxable","12":"shipping-taxable","13":"product-type-simple"},"acf":[],"_links":{"self":[{"href":"https:\/\/staging.nbg.eu\/fi\/wp-json\/wp\/v2\/product\/56492","targetHints":{"allow":["GET"]}}],"collection":[{"href":"https:\/\/staging.nbg.eu\/fi\/wp-json\/wp\/v2\/product"}],"about":[{"href":"https:\/\/staging.nbg.eu\/fi\/wp-json\/wp\/v2\/types\/product"}],"wp:featuredmedia":[{"embeddable":true,"href":"https:\/\/staging.nbg.eu\/fi\/wp-json\/wp\/v2\/media\/56493"}],"wp:attachment":[{"href":"https:\/\/staging.nbg.eu\/fi\/wp-json\/wp\/v2\/media?parent=56492"}],"wp:term":[{"taxonomy":"product_brand","embeddable":true,"href":"https:\/\/staging.nbg.eu\/fi\/wp-json\/wp\/v2\/product_brand?post=56492"},{"taxonomy":"product_cat","embeddable":true,"href":"https:\/\/staging.nbg.eu\/fi\/wp-json\/wp\/v2\/product_cat?post=56492"},{"taxonomy":"product_tag","embeddable":true,"href":"https:\/\/staging.nbg.eu\/fi\/wp-json\/wp\/v2\/product_tag?post=56492"}],"curies":[{"name":"wp","href":"https:\/\/api.w.org\/{rel}","templated":true}]}}