{"id":55975,"date":"2024-01-30T18:03:59","date_gmt":"2024-09-13T13:19:04","guid":{"rendered":"https:\/\/staging.nbg.eu\/product\/fox-classic-hunter-30-multiple-gr\/"},"modified":"2024-09-13T13:20:01","modified_gmt":"2024-09-13T13:20:01","slug":"fox-classic-hunter-30-useita-graineja","status":"publish","type":"product","link":"https:\/\/staging.nbg.eu\/fi\/tuote\/fox-classic-hunter-30-useita-graineja\/","title":{"rendered":"Fox Classic Hunter .30 (Useita graineja)"},"content":{"rendered":"<div class=\"product-description\">\n<h2>Fox Classic Hunter<\/h2>\n<p>Fox Classic Hunter on lyijyt\u00f6n luoti, joka on suunniteltu eurooppalaisille mets\u00e4st\u00e4jille erilaisiin mets\u00e4stystilanteisiin. T\u00e4m\u00e4 kupari-sinkkiseosluoti sopii villisian ajomets\u00e4stykseen ja vuoristokauriiden mets\u00e4stykseen.<\/p>\n<ul>\n<li>Lyijyt\u00f6n koostumus<\/li>\n<li>Muotoutuu tehokkaasti alhaisemmilla iskunopeuksilla (500 m\/s)<\/li>\n<li>Uritettu rakenne v\u00e4hent\u00e4\u00e4 piipun painetta ja lis\u00e4\u00e4 nopeutta<\/li>\n<li>L\u00e4mp\u00f6stabiili muovik\u00e4rki parantaa ballistiikkaa ja vaikutusta kohteessa<\/li>\n<li>Hallittu laajeneminen energian siirt\u00e4miseksi<\/li>\n<li>Sienim\u00e4inen muodonmuutos jopa kaksinkertaiseksi kaliiperin halkaisijaan n\u00e4hden<\/li>\n<li>Tehokas pys\u00e4ytysvoima v\u00e4h\u00e4isell\u00e4 lihan vahingoittumisella<\/li>\n<\/ul>\n<p>Fox Classic Hunter soveltuu mets\u00e4stykseen eri puolilla Eurooppaa.<\/p>\n<\/div>\n","protected":false},"excerpt":{"rendered":"<p>Lyijyt\u00f6n kupari-sinkkiluoti monipuoliseen mets\u00e4stykseen. Nopea laajeneminen, korkea tarkkuus.<\/p>\n","protected":false},"featured_media":55976,"template":"","meta":{"_acf_changed":false},"product_brand":[11335],"product_cat":[13221,13204],"product_tag":[],"class_list":{"0":"post-55975","1":"product","2":"type-product","3":"status-publish","4":"has-post-thumbnail","6":"product_brand-fox-bullets","7":"product_cat-lataaminen","8":"product_cat-luodit","10":"first","11":"instock","12":"taxable","13":"shipping-taxable","14":"purchasable","15":"product-type-variable","16":"wvs-archive-product-wrapper"},"acf":[],"_links":{"self":[{"href":"https:\/\/staging.nbg.eu\/fi\/wp-json\/wp\/v2\/product\/55975","targetHints":{"allow":["GET"]}}],"collection":[{"href":"https:\/\/staging.nbg.eu\/fi\/wp-json\/wp\/v2\/product"}],"about":[{"href":"https:\/\/staging.nbg.eu\/fi\/wp-json\/wp\/v2\/types\/product"}],"wp:featuredmedia":[{"embeddable":true,"href":"https:\/\/staging.nbg.eu\/fi\/wp-json\/wp\/v2\/media\/55976"}],"wp:attachment":[{"href":"https:\/\/staging.nbg.eu\/fi\/wp-json\/wp\/v2\/media?parent=55975"}],"wp:term":[{"taxonomy":"product_brand","embeddable":true,"href":"https:\/\/staging.nbg.eu\/fi\/wp-json\/wp\/v2\/product_brand?post=55975"},{"taxonomy":"product_cat","embeddable":true,"href":"https:\/\/staging.nbg.eu\/fi\/wp-json\/wp\/v2\/product_cat?post=55975"},{"taxonomy":"product_tag","embeddable":true,"href":"https:\/\/staging.nbg.eu\/fi\/wp-json\/wp\/v2\/product_tag?post=55975"}],"curies":[{"name":"wp","href":"https:\/\/api.w.org\/{rel}","templated":true}]}}