{"id":55630,"date":"2024-02-28T06:22:19","date_gmt":"2024-09-13T13:13:28","guid":{"rendered":"https:\/\/staging.nbg.eu\/product\/fox-ammunition-243win-80-gr\/"},"modified":"2024-09-13T13:14:19","modified_gmt":"2024-09-13T13:14:19","slug":"fox-ammunition-243win-80-gr","status":"publish","type":"product","link":"https:\/\/staging.nbg.eu\/fi\/tuote\/fox-ammunition-243win-80-gr\/","title":{"rendered":"Fox Ammunition .243win (80 gr)"},"content":{"rendered":"<div class=\"product-description\">\n<h2>Fox Classic Hunter -patruunat<\/h2>\n<p>Fox Classic Hunter -luodit ovat lyijytt\u00f6mi\u00e4 ja suunniteltu kaikkiin eurooppalaisiin mets\u00e4stystilanteisiin. Ne on valmistettu kupari-sinkkiseoksesta ja tarjoavat:<\/p>\n<ul>\n<li>Suorituskyky\u00e4 l\u00e4hiet\u00e4isyyden villisikajahdista pitk\u00e4n matkan vuoristolaukauksiin<\/li>\n<li>Luotettavan muodonmuutoksen alhaisemmissa iskunopeuksissa (500 m\/s)<\/li>\n<li>Uritettua muotoilua piipun paineen v\u00e4hent\u00e4miseksi ja nopeuden lis\u00e4\u00e4miseksi<\/li>\n<li>L\u00e4mp\u00f6stabiili muovik\u00e4rki parantamaan ballistiikkaa ja vaikutusta kohteessa<\/li>\n<li>Hallittu laajeneminen tehokkaaseen energian siirtoon ja pys\u00e4ytysvoimaan<\/li>\n<li>Sienim\u00e4inen muodonmuutos jopa kaksinkertaiseksi kaliiperin halkaisijaan n\u00e4hden<\/li>\n<li>95%+ massan s\u00e4ilyminen normaaleissa l\u00e4p\u00e4isyolosuhteissa<\/li>\n<li>Hyv\u00e4 lihan s\u00e4ilyvyys<\/li>\n<\/ul>\n<p>Fox Classic Hunter -patruunat tarjoavat suorituskyky\u00e4 ja eettist\u00e4 mets\u00e4styst\u00e4.<\/p>\n<\/div>\n","protected":false},"excerpt":{"rendered":"<p>Lyijyt\u00f6nt\u00e4 ammusta monipuoliseen eurooppalaiseen mets\u00e4stykseen. Tarkkaa ja tehokasta.<\/p>\n","protected":false},"featured_media":55631,"template":"","meta":{"_acf_changed":false},"product_brand":[11335],"product_cat":[13200,13237],"product_tag":[],"class_list":{"0":"post-55630","1":"product","2":"type-product","3":"status-publish","4":"has-post-thumbnail","6":"product_brand-fox-bullets","7":"product_cat-ammukset","8":"product_cat-kivaeaerin-ammukset","10":"first","11":"instock","12":"taxable","13":"shipping-taxable","14":"purchasable","15":"product-type-simple"},"acf":[],"_links":{"self":[{"href":"https:\/\/staging.nbg.eu\/fi\/wp-json\/wp\/v2\/product\/55630","targetHints":{"allow":["GET"]}}],"collection":[{"href":"https:\/\/staging.nbg.eu\/fi\/wp-json\/wp\/v2\/product"}],"about":[{"href":"https:\/\/staging.nbg.eu\/fi\/wp-json\/wp\/v2\/types\/product"}],"wp:featuredmedia":[{"embeddable":true,"href":"https:\/\/staging.nbg.eu\/fi\/wp-json\/wp\/v2\/media\/55631"}],"wp:attachment":[{"href":"https:\/\/staging.nbg.eu\/fi\/wp-json\/wp\/v2\/media?parent=55630"}],"wp:term":[{"taxonomy":"product_brand","embeddable":true,"href":"https:\/\/staging.nbg.eu\/fi\/wp-json\/wp\/v2\/product_brand?post=55630"},{"taxonomy":"product_cat","embeddable":true,"href":"https:\/\/staging.nbg.eu\/fi\/wp-json\/wp\/v2\/product_cat?post=55630"},{"taxonomy":"product_tag","embeddable":true,"href":"https:\/\/staging.nbg.eu\/fi\/wp-json\/wp\/v2\/product_tag?post=55630"}],"curies":[{"name":"wp","href":"https:\/\/api.w.org\/{rel}","templated":true}]}}