{"id":555046,"date":"2025-09-06T16:22:33","date_gmt":"2025-09-06T13:22:33","guid":{"rendered":"https:\/\/staging.nbg.eu\/product\/magnetospeed-llc-barrel-cooler\/"},"modified":"2025-10-01T16:52:36","modified_gmt":"2025-10-01T13:52:36","slug":"magnetospeed-llc-piipunjaeaehdytin","status":"publish","type":"product","link":"https:\/\/staging.nbg.eu\/fi\/tuote\/magnetospeed-llc-piipunjaeaehdytin\/","title":{"rendered":"MAGNETOSPEED LLC piipunj\u00e4\u00e4hdytin"},"content":{"rendered":"<div class=\"product-description\">\n<h2>MAGNETOSPEED LLC Piipun j\u00e4\u00e4hdytin<\/h2>\n<p>Pid\u00e4 aseesi piippu viile\u00e4n\u00e4 ja pidenn\u00e4 ampumasessioitasi MAGNETOSPEED LLC Piipun j\u00e4\u00e4hdyttimell\u00e4. T\u00e4m\u00e4 laite kiinnittyy piippuun ja auttaa l\u00e4mm\u00f6n haihduttamisessa parantaen tarkkuutta ja kest\u00e4vyytt\u00e4.<\/p>\n<ul>\n<li>Yhteensopiva useimpien kiv\u00e4\u00e4rien ja pistoolien piippujen kanssa<\/li>\n<li>Valmistettu alumiinista<\/li>\n<li>Magneettinen kiinnitysj\u00e4rjestelm\u00e4<\/li>\n<li>V\u00e4hent\u00e4\u00e4 piipun l\u00e4mp\u00f6tilaa jopa 50%<\/li>\n<li>Pienikokoinen ja kevyt<\/li>\n<\/ul>\n<p>MAGNETOSPEED LLC Piipun j\u00e4\u00e4hdytin auttaa yll\u00e4pit\u00e4m\u00e4\u00e4n aseen suorituskyky\u00e4 ampumaradalla tai kilpailuissa. T\u00e4m\u00e4 lis\u00e4varuste auttaa est\u00e4m\u00e4\u00e4n ylikuumenemisen aiheuttamat rajoitukset ampumakokemuksessa.<\/p>\n<\/div>\n","protected":false},"excerpt":{"rendered":"<p>Nopea aseen piipun j\u00e4\u00e4hdytyslaite. Pident\u00e4\u00e4 tarkkuutta ja k\u00e4ytt\u00f6ik\u00e4\u00e4.<\/p>\n","protected":false},"featured_media":499602,"template":"","meta":{"_acf_changed":false},"product_brand":[],"product_cat":[13225,13174],"product_tag":[],"class_list":{"0":"post-555046","1":"product","2":"type-product","3":"status-publish","4":"has-post-thumbnail","6":"product_cat-kivaeaeri","7":"product_cat-kivaeaerin-viritys","9":"first","10":"instock","11":"taxable","12":"shipping-taxable","13":"purchasable","14":"product-type-simple"},"acf":[],"_links":{"self":[{"href":"https:\/\/staging.nbg.eu\/fi\/wp-json\/wp\/v2\/product\/555046","targetHints":{"allow":["GET"]}}],"collection":[{"href":"https:\/\/staging.nbg.eu\/fi\/wp-json\/wp\/v2\/product"}],"about":[{"href":"https:\/\/staging.nbg.eu\/fi\/wp-json\/wp\/v2\/types\/product"}],"wp:featuredmedia":[{"embeddable":true,"href":"https:\/\/staging.nbg.eu\/fi\/wp-json\/wp\/v2\/media\/499602"}],"wp:attachment":[{"href":"https:\/\/staging.nbg.eu\/fi\/wp-json\/wp\/v2\/media?parent=555046"}],"wp:term":[{"taxonomy":"product_brand","embeddable":true,"href":"https:\/\/staging.nbg.eu\/fi\/wp-json\/wp\/v2\/product_brand?post=555046"},{"taxonomy":"product_cat","embeddable":true,"href":"https:\/\/staging.nbg.eu\/fi\/wp-json\/wp\/v2\/product_cat?post=555046"},{"taxonomy":"product_tag","embeddable":true,"href":"https:\/\/staging.nbg.eu\/fi\/wp-json\/wp\/v2\/product_tag?post=555046"}],"curies":[{"name":"wp","href":"https:\/\/api.w.org\/{rel}","templated":true}]}}