{"id":554455,"date":"2025-09-05T18:19:19","date_gmt":"2025-09-05T15:19:19","guid":{"rendered":"https:\/\/staging.nbg.eu\/product\/magpul-enhanced-ejection-port-cover-for-ar-15\/"},"modified":"2025-10-01T16:37:26","modified_gmt":"2025-10-01T13:37:26","slug":"magpul-parannettu-ulosheittoaukon-kansi-ar-15lle","status":"publish","type":"product","link":"https:\/\/staging.nbg.eu\/fi\/tuote\/magpul-parannettu-ulosheittoaukon-kansi-ar-15lle\/","title":{"rendered":"MAGPUL parannettu ulosheittoaukon kansi AR-15:lle"},"content":{"rendered":"<div class=\"product-description\">\n<h2>Magpul Paranneltu ulosheittoaukon kansi AR-15:lle<\/h2>\n<p>Magpul Paranneltu ulosheittoaukon kansi AR-15:lle on kest\u00e4v\u00e4 ja helppok\u00e4ytt\u00f6inen komponentti. T\u00e4m\u00e4n p\u00f6lysuojan ominaisuudet:<\/p>\n<ul>\n<li>Korroosionkest\u00e4v\u00e4 ja iskunkest\u00e4v\u00e4 ruiskuvalettu polymeerirakenne<\/li>\n<li>Helppo napsautusasennus ilman k\u00e4densuojan, piipun mutterin, c-kiinnikkeiden tai jousien poistamista<\/li>\n<li>Yhteensopiva .223 Remington\/5.56 kaliiberin AR-15 alustojen kanssa<\/li>\n<li>Musta viimeistely<\/li>\n<\/ul>\n<p>Magpul Paranneltu ulosheittoaukon kansi tarjoaa helpon asennuksen ja huoltoedut. T\u00e4m\u00e4 on hy\u00f6dyllinen lis\u00e4varuste AR-15:lle.<\/p>\n<\/div>\n","protected":false},"excerpt":{"rendered":"<p>Helposti kiinnitett\u00e4v\u00e4, korroosionkest\u00e4v\u00e4 AR-15-p\u00f6lysuoja. Helppo asentaa.<\/p>\n","protected":false},"featured_media":499443,"template":"","meta":{"_acf_changed":false},"product_brand":[],"product_cat":[13186,13225,13174],"product_tag":[],"class_list":{"0":"post-554455","1":"product","2":"type-product","3":"status-publish","4":"has-post-thumbnail","6":"product_cat-ar-viritys","7":"product_cat-kivaeaeri","8":"product_cat-kivaeaerin-viritys","10":"first","11":"instock","12":"taxable","13":"shipping-taxable","14":"purchasable","15":"product-type-simple"},"acf":[],"_links":{"self":[{"href":"https:\/\/staging.nbg.eu\/fi\/wp-json\/wp\/v2\/product\/554455","targetHints":{"allow":["GET"]}}],"collection":[{"href":"https:\/\/staging.nbg.eu\/fi\/wp-json\/wp\/v2\/product"}],"about":[{"href":"https:\/\/staging.nbg.eu\/fi\/wp-json\/wp\/v2\/types\/product"}],"wp:featuredmedia":[{"embeddable":true,"href":"https:\/\/staging.nbg.eu\/fi\/wp-json\/wp\/v2\/media\/499443"}],"wp:attachment":[{"href":"https:\/\/staging.nbg.eu\/fi\/wp-json\/wp\/v2\/media?parent=554455"}],"wp:term":[{"taxonomy":"product_brand","embeddable":true,"href":"https:\/\/staging.nbg.eu\/fi\/wp-json\/wp\/v2\/product_brand?post=554455"},{"taxonomy":"product_cat","embeddable":true,"href":"https:\/\/staging.nbg.eu\/fi\/wp-json\/wp\/v2\/product_cat?post=554455"},{"taxonomy":"product_tag","embeddable":true,"href":"https:\/\/staging.nbg.eu\/fi\/wp-json\/wp\/v2\/product_tag?post=554455"}],"curies":[{"name":"wp","href":"https:\/\/api.w.org\/{rel}","templated":true}]}}