{"id":554262,"date":"2025-09-06T16:21:27","date_gmt":"2025-09-06T13:21:27","guid":{"rendered":"https:\/\/staging.nbg.eu\/product\/armazone-q-r-viper-30mm\/"},"modified":"2025-10-01T16:26:03","modified_gmt":"2025-10-01T13:26:03","slug":"armazone-q-r-viper-30mm","status":"publish","type":"product","link":"https:\/\/staging.nbg.eu\/fi\/tuote\/armazone-q-r-viper-30mm\/","title":{"rendered":"# Armazone Q-R Viper 30mm"},"content":{"rendered":"<h2>Armazone Q-R Viper 30mm<\/h2>\n<p>Armazone Q-R Viper 30mm on QR-sovitin laitteille, joissa on M33.5\u00d70.75 kierre. T\u00e4m\u00e4 yksiosainen kiinnityssovitin mahdollistaa y\u00f6n\u00e4k\u00f6- tai l\u00e4mp\u00f6kuvauslaitteiden liitt\u00e4misen p\u00e4iv\u00e4kiikareihin.<\/p>\n<h2>Ominaisuudet:<\/h2>\n<ul>\n<li>Pikalukitusvipu helppoon kiinnitykseen ja irrotukseen<\/li>\n<li>S\u00e4\u00e4t\u00f6 ja asennus ilman ty\u00f6kaluja<\/li>\n<li>ArmaZone-teippi v\u00e4hent\u00e4\u00e4 \u00e4\u00e4nt\u00e4 kiinnityksen ja ampumisen aikana<\/li>\n<li>Yhteensopiva Nitehog-l\u00e4mp\u00f6kuvauslaitteiden kanssa<\/li>\n<li>Kompensoi jopa 1 mm:n alasp\u00e4in suuntautuvan poikkeaman<\/li>\n<\/ul>\n<p>Armazone Q-R Viper 30mm on ratkaisu ampujille ja mets\u00e4st\u00e4jille, jotka tarvitsevat parempaa n\u00e4kyvyytt\u00e4 y\u00f6ll\u00e4.<\/p>\n","protected":false},"excerpt":{"rendered":"<p>Pikakiinnitysadapteri l\u00e4mp\u00f6laitteille Nitehog-t\u00e4ht\u00e4imiin. Ei vaadi ty\u00f6kaluja.<\/p>\n","protected":false},"featured_media":499532,"template":"","meta":{"_acf_changed":false},"product_brand":[],"product_cat":[13156,13201,13158],"product_tag":[],"class_list":{"0":"post-554262","1":"product","2":"type-product","3":"status-publish","4":"has-post-thumbnail","6":"product_cat-laempoe","7":"product_cat-taehtaeys","8":"product_cat-taehtaeystarvikkeet","10":"first","11":"instock","12":"taxable","13":"shipping-taxable","14":"purchasable","15":"product-type-simple"},"acf":[],"_links":{"self":[{"href":"https:\/\/staging.nbg.eu\/fi\/wp-json\/wp\/v2\/product\/554262","targetHints":{"allow":["GET"]}}],"collection":[{"href":"https:\/\/staging.nbg.eu\/fi\/wp-json\/wp\/v2\/product"}],"about":[{"href":"https:\/\/staging.nbg.eu\/fi\/wp-json\/wp\/v2\/types\/product"}],"wp:featuredmedia":[{"embeddable":true,"href":"https:\/\/staging.nbg.eu\/fi\/wp-json\/wp\/v2\/media\/499532"}],"wp:attachment":[{"href":"https:\/\/staging.nbg.eu\/fi\/wp-json\/wp\/v2\/media?parent=554262"}],"wp:term":[{"taxonomy":"product_brand","embeddable":true,"href":"https:\/\/staging.nbg.eu\/fi\/wp-json\/wp\/v2\/product_brand?post=554262"},{"taxonomy":"product_cat","embeddable":true,"href":"https:\/\/staging.nbg.eu\/fi\/wp-json\/wp\/v2\/product_cat?post=554262"},{"taxonomy":"product_tag","embeddable":true,"href":"https:\/\/staging.nbg.eu\/fi\/wp-json\/wp\/v2\/product_tag?post=554262"}],"curies":[{"name":"wp","href":"https:\/\/api.w.org\/{rel}","templated":true}]}}