{"id":554016,"date":"2025-09-06T16:21:27","date_gmt":"2025-09-06T13:21:27","guid":{"rendered":"https:\/\/staging.nbg.eu\/product\/armazone-q-r-viper-48mm\/"},"modified":"2025-10-01T16:17:16","modified_gmt":"2025-10-01T13:17:16","slug":"armazone-q-r-viper-48mm","status":"publish","type":"product","link":"https:\/\/staging.nbg.eu\/fi\/tuote\/armazone-q-r-viper-48mm\/","title":{"rendered":"Armazone Q-R Viper 48mm"},"content":{"rendered":"<h2>Armazone Q-R Viper 48mm<\/h2>\n<p>Armazone Q-R Viper 48mm on adapteri l\u00e4mp\u00f6kuvauslaitteiden kiinnitt\u00e4miseen Nitehog-laitteisiin. Siin\u00e4 on pikakiinnitysmekanismi ja vipuj\u00e4rjestelm\u00e4.<\/p>\n<h2>Ominaisuudet:<\/h2>\n<ul>\n<li>Pikakiinnitysvipu helppoon asentamiseen ja irrottamiseen<\/li>\n<li>K\u00e4ytt\u00f6 ilman ty\u00f6kaluja s\u00e4\u00e4t\u00e4misen j\u00e4lkeen<\/li>\n<li>Yhteensopiva Nitehog-kiikarit\u00e4ht\u00e4imien kanssa<\/li>\n<li>Suunniteltu varmaan kiinnitykseen<\/li>\n<\/ul>\n<p><strong>Huomio:<\/strong> T\u00e4m\u00e4 adapteri voi kompensoida enint\u00e4\u00e4n 1 mm:n alasp\u00e4in suuntautuvan poikkeaman. Se ei ole yleisratkaisu kaikkiin kiinnitystilanteisiin.<\/p>\n<p>Armazone Q-R Viper 48mm soveltuu l\u00e4mp\u00f6kuvauslaitteiden k\u00e4ytt\u00f6\u00f6n.<\/p>\n","protected":false},"excerpt":{"rendered":"<p>Pikakiinnitett\u00e4v\u00e4 l\u00e4mp\u00f6sovitin Nitehog-t\u00e4ht\u00e4imille. Asennus ilman ty\u00f6kaluja.<\/p>\n","protected":false},"featured_media":499486,"template":"","meta":{"_acf_changed":false},"product_brand":[],"product_cat":[13156,13201,13158],"product_tag":[],"class_list":{"0":"post-554016","1":"product","2":"type-product","3":"status-publish","4":"has-post-thumbnail","6":"product_cat-laempoe","7":"product_cat-taehtaeys","8":"product_cat-taehtaeystarvikkeet","10":"first","11":"instock","12":"taxable","13":"shipping-taxable","14":"purchasable","15":"product-type-simple"},"acf":[],"_links":{"self":[{"href":"https:\/\/staging.nbg.eu\/fi\/wp-json\/wp\/v2\/product\/554016","targetHints":{"allow":["GET"]}}],"collection":[{"href":"https:\/\/staging.nbg.eu\/fi\/wp-json\/wp\/v2\/product"}],"about":[{"href":"https:\/\/staging.nbg.eu\/fi\/wp-json\/wp\/v2\/types\/product"}],"wp:featuredmedia":[{"embeddable":true,"href":"https:\/\/staging.nbg.eu\/fi\/wp-json\/wp\/v2\/media\/499486"}],"wp:attachment":[{"href":"https:\/\/staging.nbg.eu\/fi\/wp-json\/wp\/v2\/media?parent=554016"}],"wp:term":[{"taxonomy":"product_brand","embeddable":true,"href":"https:\/\/staging.nbg.eu\/fi\/wp-json\/wp\/v2\/product_brand?post=554016"},{"taxonomy":"product_cat","embeddable":true,"href":"https:\/\/staging.nbg.eu\/fi\/wp-json\/wp\/v2\/product_cat?post=554016"},{"taxonomy":"product_tag","embeddable":true,"href":"https:\/\/staging.nbg.eu\/fi\/wp-json\/wp\/v2\/product_tag?post=554016"}],"curies":[{"name":"wp","href":"https:\/\/api.w.org\/{rel}","templated":true}]}}