{"id":55008,"date":"2024-03-01T10:28:01","date_gmt":"2024-09-13T13:08:16","guid":{"rendered":"https:\/\/staging.nbg.eu\/product\/fox-ammunition-300winmag\/"},"modified":"2024-09-13T13:09:08","modified_gmt":"2024-09-13T13:09:08","slug":"fox-ammunition-300winmag","status":"publish","type":"product","link":"https:\/\/staging.nbg.eu\/fi\/tuote\/fox-ammunition-300winmag\/","title":{"rendered":"Fox Ammunition .300winmag"},"content":{"rendered":"<div class=\"product-description\">\n<h2>Fox Classic Hunter -patruunat<\/h2>\n<p>Fox Classic Hunter -luodit ovat lyijytt\u00f6mi\u00e4 ja suunniteltu kaikkiin eurooppalaisiin mets\u00e4stystilanteisiin. Ne on valmistettu kupari-sinkkiseoksesta ja tarjoavat:<\/p>\n<ul>\n<li>Tehokkuutta l\u00e4hiet\u00e4isyyden villisikajahdista pitk\u00e4n matkan vuoristolaukauksiin<\/li>\n<li>Luotettavan muodonmuutoksen alhaisemmilla iskunopeuksilla (500 m\/s)<\/li>\n<li>Uritettu muotoilu v\u00e4hent\u00e4\u00e4 piipun painetta ja lis\u00e4\u00e4 nopeutta<\/li>\n<li>L\u00e4mp\u00f6vakaa muovik\u00e4rki parantaa ballistiikkaa ja vaikutusta kohteessa<\/li>\n<li>Hallittu laajeneminen energian siirtoon ja pys\u00e4ytysvoimaan<\/li>\n<li>Sienim\u00e4inen muodonmuutos jopa kaksinkertaiseen kaliiperin halkaisijaan<\/li>\n<li>Yli 95% massan s\u00e4ilyminen normaaleissa l\u00e4p\u00e4isyolosuhteissa<\/li>\n<li>Hyv\u00e4 lihan s\u00e4ilyvyys<\/li>\n<\/ul>\n<p>Fox Classic Hunter -patruunat tarjoavat suorituskyky\u00e4 ja eettist\u00e4 mets\u00e4styst\u00e4.<\/p>\n<\/div>\n","protected":false},"excerpt":{"rendered":"<p>Lyijyt\u00f6nt\u00e4 patruunaa monipuoliseen eurooppalaiseen mets\u00e4stykseen. Tarkka ja tehokas.<\/p>\n","protected":false},"featured_media":55009,"template":"","meta":{"_acf_changed":false},"product_brand":[11335],"product_cat":[13200,13237],"product_tag":[],"class_list":{"0":"post-55008","1":"product","2":"type-product","3":"status-publish","4":"has-post-thumbnail","6":"product_brand-fox-bullets","7":"product_cat-ammukset","8":"product_cat-kivaeaerin-ammukset","10":"first","11":"instock","12":"taxable","13":"shipping-taxable","14":"purchasable","15":"product-type-simple"},"acf":[],"_links":{"self":[{"href":"https:\/\/staging.nbg.eu\/fi\/wp-json\/wp\/v2\/product\/55008","targetHints":{"allow":["GET"]}}],"collection":[{"href":"https:\/\/staging.nbg.eu\/fi\/wp-json\/wp\/v2\/product"}],"about":[{"href":"https:\/\/staging.nbg.eu\/fi\/wp-json\/wp\/v2\/types\/product"}],"wp:featuredmedia":[{"embeddable":true,"href":"https:\/\/staging.nbg.eu\/fi\/wp-json\/wp\/v2\/media\/55009"}],"wp:attachment":[{"href":"https:\/\/staging.nbg.eu\/fi\/wp-json\/wp\/v2\/media?parent=55008"}],"wp:term":[{"taxonomy":"product_brand","embeddable":true,"href":"https:\/\/staging.nbg.eu\/fi\/wp-json\/wp\/v2\/product_brand?post=55008"},{"taxonomy":"product_cat","embeddable":true,"href":"https:\/\/staging.nbg.eu\/fi\/wp-json\/wp\/v2\/product_cat?post=55008"},{"taxonomy":"product_tag","embeddable":true,"href":"https:\/\/staging.nbg.eu\/fi\/wp-json\/wp\/v2\/product_tag?post=55008"}],"curies":[{"name":"wp","href":"https:\/\/api.w.org\/{rel}","templated":true}]}}