{"id":54946,"date":"2024-03-01T10:36:26","date_gmt":"2024-03-01T10:36:26","guid":{"rendered":"https:\/\/staging.nbg.eu\/product\/fox-ammunition-93x62-220-gr\/"},"modified":"2024-09-13T13:07:43","modified_gmt":"2024-09-13T13:07:43","slug":"fox-ammunition-93x62-220-gr","status":"publish","type":"product","link":"https:\/\/staging.nbg.eu\/fi\/tuote\/fox-ammunition-93x62-220-gr\/","title":{"rendered":"Fox Ammunition 9,3&#215;62 &#8211; 220 gr"},"content":{"rendered":"<div class=\"product-description\">\n<h2>Fox Classic Hunter -patruunat<\/h2>\n<p>Fox Classic Hunter -luodit ovat lyijytt\u00f6mi\u00e4, suunniteltu kaikkiin eurooppalaisiin mets\u00e4stystilanteisiin. Valmistettu kupari-sinkkiseoksesta, ne tarjoavat:<\/p>\n<ul>\n<li>Suorituskyky\u00e4 l\u00e4hiet\u00e4isyyden villisikajahdista pitk\u00e4n matkan vuoristolaukauksiin<\/li>\n<li>Luotettavan muodonmuutoksen alhaisemmilla iskunopeuksilla (500 m\/s)<\/li>\n<li>Uritettu muotoilu piipun paineen v\u00e4hent\u00e4miseksi ja nopeuden lis\u00e4\u00e4miseksi<\/li>\n<li>L\u00e4mp\u00f6vakaa muovik\u00e4rki parantaa ballistiikkaa ja vaikutusta kohteessa<\/li>\n<li>Hallittu laajeneminen tehokkaaseen energian siirtoon ja pys\u00e4ytysvoimaan<\/li>\n<li>Sienim\u00e4inen muodonmuutos jopa kaksinkertaiseksi kaliiperin halkaisijaan n\u00e4hden<\/li>\n<li>95%+ massan s\u00e4ilyminen normaaleissa l\u00e4p\u00e4isyolosuhteissa<\/li>\n<li>Hyv\u00e4 lihan s\u00e4ilyminen<\/li>\n<\/ul>\n<p>Fox Classic Hunter -patruunat tarjoavat hyv\u00e4n suorituskyvyn ja eettisen mets\u00e4styksen.<\/p>\n<\/div>\n","protected":false},"excerpt":{"rendered":"<p>Lyijyt\u00f6nt\u00e4 ammusta monipuoliseen eurooppalaiseen mets\u00e4stykseen. Tarkka ja tehokas.<\/p>\n","protected":false},"featured_media":54947,"template":"","meta":{"_acf_changed":false},"product_brand":[11335],"product_cat":[13200,13237,13210],"product_tag":[],"class_list":{"0":"post-54946","1":"product","2":"type-product","3":"status-publish","4":"has-post-thumbnail","6":"product_brand-fox-bullets","7":"product_cat-ammukset","8":"product_cat-kivaeaerin-ammukset","9":"product_cat-lisensoitu","11":"first","12":"instock","13":"taxable","14":"shipping-taxable","15":"purchasable","16":"product-type-simple"},"acf":[],"_links":{"self":[{"href":"https:\/\/staging.nbg.eu\/fi\/wp-json\/wp\/v2\/product\/54946","targetHints":{"allow":["GET"]}}],"collection":[{"href":"https:\/\/staging.nbg.eu\/fi\/wp-json\/wp\/v2\/product"}],"about":[{"href":"https:\/\/staging.nbg.eu\/fi\/wp-json\/wp\/v2\/types\/product"}],"wp:featuredmedia":[{"embeddable":true,"href":"https:\/\/staging.nbg.eu\/fi\/wp-json\/wp\/v2\/media\/54947"}],"wp:attachment":[{"href":"https:\/\/staging.nbg.eu\/fi\/wp-json\/wp\/v2\/media?parent=54946"}],"wp:term":[{"taxonomy":"product_brand","embeddable":true,"href":"https:\/\/staging.nbg.eu\/fi\/wp-json\/wp\/v2\/product_brand?post=54946"},{"taxonomy":"product_cat","embeddable":true,"href":"https:\/\/staging.nbg.eu\/fi\/wp-json\/wp\/v2\/product_cat?post=54946"},{"taxonomy":"product_tag","embeddable":true,"href":"https:\/\/staging.nbg.eu\/fi\/wp-json\/wp\/v2\/product_tag?post=54946"}],"curies":[{"name":"wp","href":"https:\/\/api.w.org\/{rel}","templated":true}]}}