{"id":547123,"date":"2025-09-05T18:15:58","date_gmt":"2025-09-05T15:15:58","guid":{"rendered":"https:\/\/staging.nbg.eu\/product\/mount-arta435-34-34mm\/"},"modified":"2025-10-01T11:12:28","modified_gmt":"2025-10-01T08:12:28","slug":"kiinnike-arta435-34-34mm","status":"publish","type":"product","link":"https:\/\/staging.nbg.eu\/fi\/tuote\/kiinnike-arta435-34-34mm\/","title":{"rendered":"Kiinnike ARTA435-34, 34mm"},"content":{"rendered":"<div class=\"product-description\">\n<h2>XSKEL34TW Gen 2 Jatkettu Kevennetty 34mm MSR-kiinnike<\/h2>\n<p>XSKEL34TW Gen 2 on jatkettu kevennetty 34mm MSR-kiinnike, joka on suunniteltu AR15, AR10 -tyylisille kiv\u00e4\u00e4reille ja urheilukiv\u00e4\u00e4reille, joissa on 2,75&#8243; tai pidempi Picatinny-kisko.<\/p>\n<h2>Ominaisuudet:<\/h2>\n<ul>\n<li>MSR-ihannekorkeudella<\/li>\n<li>Yli 2 tuuman etuylitys<\/li>\n<li>Ter\u00e4ksiset kierreholkit ruuveille<\/li>\n<li>Kevyt mutta vahva kevennetty rakenne<\/li>\n<li>Valmistettu 6061 alumiinista CNC-koneistuksella<\/li>\n<li>1-osainen sivukiinnitys<\/li>\n<\/ul>\n<p>XSKEL34TW on suunniteltu suuremmille ja painavammille 34mm putkit\u00e4ht\u00e4imille, mukaan lukien muuttuvakertaimet ja pitk\u00e4n matkan t\u00e4ht\u00e4imet, joissa on jopa 56mm objektiivi. Se asettaa t\u00e4ht\u00e4imen ihanteelliselle korkeudelle ja et\u00e4isyydelle AR-alustalla.<\/p>\n<p>Yhteensopiva AR-15, M-4, SR-25, LR308, PTR-91 ja muiden MSR-aseiden kanssa, joissa on v\u00e4hint\u00e4\u00e4n 3 tuuman pituinen Picatinny-kisko. Sopii my\u00f6s taktisiin vipulukkokiv\u00e4\u00e4reihin.<\/p>\n<p>XSKEL34TW MSR\/AR-kiinnikett\u00e4 k\u00e4ytet\u00e4\u00e4n kilpailuissa, taktisissa teht\u00e4viss\u00e4 ja AR-mets\u00e4styksess\u00e4.<\/p>\n<p>XSKEL34TW Gen 2 jatkettu kevennetty 34mm MSR-kiinnike on kevyt ja kest\u00e4v\u00e4 t\u00e4ht\u00e4inkiinnikeratkaisu.<\/p>\n<\/div>\n","protected":false},"excerpt":{"rendered":"<p>Kevyt, kest\u00e4v\u00e4 34 mm:n AR-kiikarinjalusta. Ihanteellinen korkeus, 2&#8243; etujatke.<\/p>\n","protected":false},"featured_media":499248,"template":"","meta":{"_acf_changed":false},"product_brand":[],"product_cat":[13156,13201,13158],"product_tag":[],"class_list":{"0":"post-547123","1":"product","2":"type-product","3":"status-publish","4":"has-post-thumbnail","6":"product_cat-laempoe","7":"product_cat-taehtaeys","8":"product_cat-taehtaeystarvikkeet","10":"first","11":"instock","12":"taxable","13":"shipping-taxable","14":"purchasable","15":"product-type-simple"},"acf":[],"_links":{"self":[{"href":"https:\/\/staging.nbg.eu\/fi\/wp-json\/wp\/v2\/product\/547123","targetHints":{"allow":["GET"]}}],"collection":[{"href":"https:\/\/staging.nbg.eu\/fi\/wp-json\/wp\/v2\/product"}],"about":[{"href":"https:\/\/staging.nbg.eu\/fi\/wp-json\/wp\/v2\/types\/product"}],"wp:featuredmedia":[{"embeddable":true,"href":"https:\/\/staging.nbg.eu\/fi\/wp-json\/wp\/v2\/media\/499248"}],"wp:attachment":[{"href":"https:\/\/staging.nbg.eu\/fi\/wp-json\/wp\/v2\/media?parent=547123"}],"wp:term":[{"taxonomy":"product_brand","embeddable":true,"href":"https:\/\/staging.nbg.eu\/fi\/wp-json\/wp\/v2\/product_brand?post=547123"},{"taxonomy":"product_cat","embeddable":true,"href":"https:\/\/staging.nbg.eu\/fi\/wp-json\/wp\/v2\/product_cat?post=547123"},{"taxonomy":"product_tag","embeddable":true,"href":"https:\/\/staging.nbg.eu\/fi\/wp-json\/wp\/v2\/product_tag?post=547123"}],"curies":[{"name":"wp","href":"https:\/\/api.w.org\/{rel}","templated":true}]}}