{"id":546094,"date":"2025-09-05T18:15:45","date_gmt":"2025-09-05T15:15:45","guid":{"rendered":"https:\/\/staging.nbg.eu\/product\/rrs-sc-arc-harris-bipod-adapter-black\/"},"modified":"2025-10-01T10:58:04","modified_gmt":"2025-10-01T07:58:04","slug":"rrs-sc-arc-harris-jalustasovite-musta","status":"publish","type":"product","link":"https:\/\/staging.nbg.eu\/fi\/tuote\/rrs-sc-arc-harris-jalustasovite-musta\/","title":{"rendered":"RRS SC-ARC Harris Jalustasovite Musta"},"content":{"rendered":"<div class=\"product-description\">\n<h2>RRS SC-ARC Harris Bipod -adapteri musta<\/h2>\n<h2>Harris Bipod -adapteri<\/h2>\n<p>RRS SC-ARC Harris Bipod -adapteri on yhteensopiva Harris &#8217;S&#8217; Bipodien kanssa ja tarjoaa lis\u00e4toimintoja.<\/p>\n<h3>Ominaisuudet:<\/h3>\n<ul>\n<li><strong>Nopeat muutokset:<\/strong> Vaihda asetuksia nopeasti.<\/li>\n<li><strong>Tukevampi:<\/strong> Lis\u00e4\u00e4 vakautta.<\/li>\n<li><strong>Yhteensopivuus:<\/strong> Toimii RRS-kiinnikkeiden kuten BTC-Pro ja SC-ARC kanssa.<\/li>\n<\/ul>\n<p>Harris Bipod -adapteri yhdist\u00e4\u00e4 nykyisen kokoonpanosi RRS-laitteisiin.<\/p>\n<h3>Tekniset tiedot:<\/h3>\n<table>\n<tr>\n<td><strong>Pituus:<\/strong><\/td>\n<td>35,6 mm<\/td>\n<\/tr>\n<tr>\n<td><strong>Leveys:<\/strong><\/td>\n<td>33,8 mm<\/td>\n<\/tr>\n<tr>\n<td><strong>Korkeus:<\/strong><\/td>\n<td>34,3 mm<\/td>\n<\/tr>\n<tr>\n<td><strong>Paino:<\/strong><\/td>\n<td>34,7 g<\/td>\n<\/tr>\n<\/table>\n<p>RRS SC-ARC Harris Bipod -adapteri on suunniteltu parantamaan Harris &#8217;S&#8217; Bipodien toiminnallisuutta ja mahdollistamaan integroinnin RRS-kiinnikkeisiin. Adapteri sopii sek\u00e4 ammattilaisille ett\u00e4 harrastajille, ja se tarjoaa monipuolisuutta ja vakautta tarkkoja laukauksia ja nopeita s\u00e4\u00e4t\u00f6j\u00e4 varten.<\/p>\n<\/div>\n","protected":false},"excerpt":{"rendered":"<p>Paranna vakautta ja monipuolisuutta t\u00e4ll\u00e4 kevyell\u00e4 Harris-kaksijalkatelineen sovittimella.<\/p>\n","protected":false},"featured_media":499225,"template":"","meta":{"_acf_changed":false},"product_brand":[],"product_cat":[13218,13225],"product_tag":[],"class_list":{"0":"post-546094","1":"product","2":"type-product","3":"status-publish","4":"has-post-thumbnail","6":"product_cat-jalustakiinnikkeet","7":"product_cat-kivaeaeri","9":"first","10":"instock","11":"taxable","12":"shipping-taxable","13":"purchasable","14":"product-type-simple"},"acf":[],"_links":{"self":[{"href":"https:\/\/staging.nbg.eu\/fi\/wp-json\/wp\/v2\/product\/546094","targetHints":{"allow":["GET"]}}],"collection":[{"href":"https:\/\/staging.nbg.eu\/fi\/wp-json\/wp\/v2\/product"}],"about":[{"href":"https:\/\/staging.nbg.eu\/fi\/wp-json\/wp\/v2\/types\/product"}],"wp:featuredmedia":[{"embeddable":true,"href":"https:\/\/staging.nbg.eu\/fi\/wp-json\/wp\/v2\/media\/499225"}],"wp:attachment":[{"href":"https:\/\/staging.nbg.eu\/fi\/wp-json\/wp\/v2\/media?parent=546094"}],"wp:term":[{"taxonomy":"product_brand","embeddable":true,"href":"https:\/\/staging.nbg.eu\/fi\/wp-json\/wp\/v2\/product_brand?post=546094"},{"taxonomy":"product_cat","embeddable":true,"href":"https:\/\/staging.nbg.eu\/fi\/wp-json\/wp\/v2\/product_cat?post=546094"},{"taxonomy":"product_tag","embeddable":true,"href":"https:\/\/staging.nbg.eu\/fi\/wp-json\/wp\/v2\/product_tag?post=546094"}],"curies":[{"name":"wp","href":"https:\/\/api.w.org\/{rel}","templated":true}]}}