{"id":545987,"date":"2025-09-05T18:15:44","date_gmt":"2025-09-05T15:15:44","guid":{"rendered":"https:\/\/staging.nbg.eu\/product\/area-419-diving-board-for-tactical-one-piece-scope-mount\/"},"modified":"2025-10-01T10:49:04","modified_gmt":"2025-10-01T07:49:04","slug":"area-419-hyppylauta-tactical-one-piece-kiikarinpidikkeelle","status":"publish","type":"product","link":"https:\/\/staging.nbg.eu\/fi\/tuote\/area-419-hyppylauta-tactical-one-piece-kiikarinpidikkeelle\/","title":{"rendered":"AREA 419 HYPPYLAUTA TACTICAL ONE PIECE KIIKARINPIDIKKEELLE"},"content":{"rendered":"<div class=\"product-description\">\n<h2>AREA 419 LIS\u00c4ALUSTA TACTICAL ONE PIECE KIIKARIKISKOLLE<\/h2>\n<p>AREA 419 Lis\u00e4alusta on lis\u00e4varuste Tactical One-Piece kiikarikiskolle.<\/p>\n<h2>Ominaisuudet:<\/h2>\n<ul>\n<li>Kaksoiskartiokiinnityspiste<\/li>\n<li>Alusta vesivaaoille, ballistisille korteille, punapistet\u00e4ht\u00e4imille ja laseret\u00e4isyysmittareille<\/li>\n<li>Kest\u00e4v\u00e4 ja j\u00e4ykk\u00e4 rakenne<\/li>\n<li>Saatavana vakio- ja matalakorkuisena<\/li>\n<li>MIL-STD-1913 -kiskostandardi (10 uraa vakiomallissa, 6 matalamallissa)<\/li>\n<li>Tyyppi III kovapinnoitettu musta anodisointi<\/li>\n<li>CNC-koneistettu Amerikassa amerikkalaisesta 7075 alumiinista<\/li>\n<li>Kiinte\u00e4t asennusruuvit<\/li>\n<\/ul>\n<p>Vakiokorkeus (2,82 cm korkea, 70,9 g) tai matala korkeus (1,78 cm korkea, 42,5 g). Molemmissa vaihtoehdoissa on useita 1\/4 x 20 reiki\u00e4 lis\u00e4varusteiden kiinnitt\u00e4miseen.<\/p>\n<p>AREA 419 Lis\u00e4alusta on lis\u00e4varuste kiikarikiskolle.<\/p>\n<\/div>\n","protected":false},"excerpt":{"rendered":"<p>Turvallinen, monipuolinen kisko Tactical One-Piece -kiikarijalkaa varten.<\/p>\n","protected":false},"featured_media":499156,"template":"","meta":{"_acf_changed":false},"product_brand":[11033],"product_cat":[13201,13158],"product_tag":[],"class_list":{"0":"post-545987","1":"product","2":"type-product","3":"status-publish","4":"has-post-thumbnail","6":"product_brand-area-419","7":"product_cat-taehtaeys","8":"product_cat-taehtaeystarvikkeet","10":"first","11":"instock","12":"taxable","13":"shipping-taxable","14":"purchasable","15":"product-type-simple"},"acf":[],"_links":{"self":[{"href":"https:\/\/staging.nbg.eu\/fi\/wp-json\/wp\/v2\/product\/545987","targetHints":{"allow":["GET"]}}],"collection":[{"href":"https:\/\/staging.nbg.eu\/fi\/wp-json\/wp\/v2\/product"}],"about":[{"href":"https:\/\/staging.nbg.eu\/fi\/wp-json\/wp\/v2\/types\/product"}],"wp:featuredmedia":[{"embeddable":true,"href":"https:\/\/staging.nbg.eu\/fi\/wp-json\/wp\/v2\/media\/499156"}],"wp:attachment":[{"href":"https:\/\/staging.nbg.eu\/fi\/wp-json\/wp\/v2\/media?parent=545987"}],"wp:term":[{"taxonomy":"product_brand","embeddable":true,"href":"https:\/\/staging.nbg.eu\/fi\/wp-json\/wp\/v2\/product_brand?post=545987"},{"taxonomy":"product_cat","embeddable":true,"href":"https:\/\/staging.nbg.eu\/fi\/wp-json\/wp\/v2\/product_cat?post=545987"},{"taxonomy":"product_tag","embeddable":true,"href":"https:\/\/staging.nbg.eu\/fi\/wp-json\/wp\/v2\/product_tag?post=545987"}],"curies":[{"name":"wp","href":"https:\/\/api.w.org\/{rel}","templated":true}]}}