{"id":545539,"date":"2025-09-05T18:15:43","date_gmt":"2025-09-05T15:15:43","guid":{"rendered":"https:\/\/staging.nbg.eu\/product\/kmr-baseball-cap\/"},"modified":"2025-10-01T10:40:43","modified_gmt":"2025-10-01T07:40:43","slug":"kmr-baseball-lippis","status":"publish","type":"product","link":"https:\/\/staging.nbg.eu\/fi\/tuote\/kmr-baseball-lippis\/","title":{"rendered":"KMR Baseball Lippis"},"content":{"rendered":"<h2>KMR Lippalakki<\/h2>\n<h2>Tuotenumero: 0380-00501-0000<\/h2>\n<p>KMR Precision Armsin valmistama lippalakki. T\u00e4m\u00e4 laadukas lippalakki on suunniteltu k\u00e4ytett\u00e4v\u00e4ksi ampumaradalla tai maastossa. Lakissa on KMR-logo. Sopii ampumakilpailijoille ja aseharrastajille. S\u00e4\u00e4dett\u00e4v\u00e4 hihna varmistaa sopivan istuvuuden, ja hengitt\u00e4v\u00e4 kangas pit\u00e4\u00e4 p\u00e4\u00e4n viile\u00e4n\u00e4. KMR:n lis\u00e4varuste.<\/p>\n","protected":false},"excerpt":{"rendered":"<p>KMR-lippalakki: Tyylik\u00e4s kilpailup\u00e4\u00e4hine tarkkuusampujille.<\/p>\n","protected":false},"featured_media":499064,"template":"","meta":{"_acf_changed":false},"product_brand":[],"product_cat":[13241],"product_tag":[],"class_list":{"0":"post-545539","1":"product","2":"type-product","3":"status-publish","4":"has-post-thumbnail","6":"product_cat-luokittelematon","8":"first","9":"instock","10":"taxable","11":"shipping-taxable","12":"purchasable","13":"product-type-simple"},"acf":[],"_links":{"self":[{"href":"https:\/\/staging.nbg.eu\/fi\/wp-json\/wp\/v2\/product\/545539","targetHints":{"allow":["GET"]}}],"collection":[{"href":"https:\/\/staging.nbg.eu\/fi\/wp-json\/wp\/v2\/product"}],"about":[{"href":"https:\/\/staging.nbg.eu\/fi\/wp-json\/wp\/v2\/types\/product"}],"wp:featuredmedia":[{"embeddable":true,"href":"https:\/\/staging.nbg.eu\/fi\/wp-json\/wp\/v2\/media\/499064"}],"wp:attachment":[{"href":"https:\/\/staging.nbg.eu\/fi\/wp-json\/wp\/v2\/media?parent=545539"}],"wp:term":[{"taxonomy":"product_brand","embeddable":true,"href":"https:\/\/staging.nbg.eu\/fi\/wp-json\/wp\/v2\/product_brand?post=545539"},{"taxonomy":"product_cat","embeddable":true,"href":"https:\/\/staging.nbg.eu\/fi\/wp-json\/wp\/v2\/product_cat?post=545539"},{"taxonomy":"product_tag","embeddable":true,"href":"https:\/\/staging.nbg.eu\/fi\/wp-json\/wp\/v2\/product_tag?post=545539"}],"curies":[{"name":"wp","href":"https:\/\/api.w.org\/{rel}","templated":true}]}}