{"id":545358,"date":"2025-09-05T18:15:06","date_gmt":"2025-09-05T15:15:06","guid":{"rendered":"https:\/\/staging.nbg.eu\/product\/surefire-csp-09-weaponlight-switch\/"},"modified":"2025-10-01T10:32:48","modified_gmt":"2025-10-01T07:32:48","slug":"surefire-csp-09-asevalokytkin","status":"publish","type":"product","link":"https:\/\/staging.nbg.eu\/fi\/tuote\/surefire-csp-09-asevalokytkin\/","title":{"rendered":"Surefire CSP-09 Asevalokytkin"},"content":{"rendered":"<div class=\"product-description\">\n<h2>Surefire CSP-09 asevalokytkimen<\/h2>\n<h2>Picatinny-kiinnitteinen et\u00e4kytkin asevaloja varten<\/h2>\n<p>Surefire CSP-09 asevalokytkimen on suunniteltu aktivoimaan SureFiren asevaloja, joissa on kytkimen liit\u00e4nt\u00e4.<\/p>\n<h3>Ominaisuudet:<\/h3>\n<ul>\n<li>Kaksitoiminen kytkin hetkelliselle ja jatkuvalle k\u00e4yt\u00f6lle<\/li>\n<li>Kiinnitys Picatinny-kiskoon<\/li>\n<li>Pienikokoinen rakenne<\/li>\n<li>Valmistettu kest\u00e4v\u00e4st\u00e4 polymeerist\u00e4<\/li>\n<li>9 tuuman kaapeli sopii useimpiin kiv\u00e4\u00e4ri- ja karbiinisovelluksiin<\/li>\n<\/ul>\n<p>CSP-09:n k\u00e4ytt\u00f6: paina kevyesti hetkellist\u00e4 k\u00e4ytt\u00f6\u00e4 varten tai napsauta jatkuvaa k\u00e4ytt\u00f6\u00e4 varten. Asennus Picatinny-kiskoon ilman ty\u00f6kaluja.<\/p>\n<p>CSP-09 asevalokytkimen on yhteensopiva kaikkien SureFiren asevalojen kanssa, joissa on kytkimen liit\u00e4nt\u00e4.<\/p>\n<\/div>\n","protected":false},"excerpt":{"rendered":"<p>Kompakti et\u00e4kytkin SureFire-asevaloille. Helppo kiinnitys Picatinny-kiskoon.<\/p>\n","protected":false},"featured_media":499041,"template":"","meta":{"_acf_changed":false},"product_brand":[],"product_cat":[13176,13216,13240],"product_tag":[],"class_list":{"0":"post-545358","1":"product","2":"type-product","3":"status-publish","4":"has-post-thumbnail","6":"product_cat-kivaeaerin-valot","7":"product_cat-valot","8":"product_cat-valotarvikkeet","10":"first","11":"instock","12":"taxable","13":"shipping-taxable","14":"purchasable","15":"product-type-simple"},"acf":[],"_links":{"self":[{"href":"https:\/\/staging.nbg.eu\/fi\/wp-json\/wp\/v2\/product\/545358","targetHints":{"allow":["GET"]}}],"collection":[{"href":"https:\/\/staging.nbg.eu\/fi\/wp-json\/wp\/v2\/product"}],"about":[{"href":"https:\/\/staging.nbg.eu\/fi\/wp-json\/wp\/v2\/types\/product"}],"wp:featuredmedia":[{"embeddable":true,"href":"https:\/\/staging.nbg.eu\/fi\/wp-json\/wp\/v2\/media\/499041"}],"wp:attachment":[{"href":"https:\/\/staging.nbg.eu\/fi\/wp-json\/wp\/v2\/media?parent=545358"}],"wp:term":[{"taxonomy":"product_brand","embeddable":true,"href":"https:\/\/staging.nbg.eu\/fi\/wp-json\/wp\/v2\/product_brand?post=545358"},{"taxonomy":"product_cat","embeddable":true,"href":"https:\/\/staging.nbg.eu\/fi\/wp-json\/wp\/v2\/product_cat?post=545358"},{"taxonomy":"product_tag","embeddable":true,"href":"https:\/\/staging.nbg.eu\/fi\/wp-json\/wp\/v2\/product_tag?post=545358"}],"curies":[{"name":"wp","href":"https:\/\/api.w.org\/{rel}","templated":true}]}}