{"id":545064,"date":"2025-09-05T18:09:58","date_gmt":"2025-09-05T15:09:58","guid":{"rendered":"https:\/\/staging.nbg.eu\/product\/muzzle-break-vanward-pro-break-for-qd55\/"},"modified":"2025-10-01T10:23:40","modified_gmt":"2025-10-01T07:23:40","slug":"suujarru-vanward-pro-break-qd55lle","status":"publish","type":"product","link":"https:\/\/staging.nbg.eu\/fi\/tuote\/suujarru-vanward-pro-break-qd55lle\/","title":{"rendered":"Suujarru Vanward Pro-Break QD55:lle"},"content":{"rendered":"<div class=\"product-description\">\n<h2>Suujarru Vanward Pro-Break QD55:lle<\/h2>\n<p>Vanward Pro-Brake on kehittynyt versio Salamander Tacticalin Fafnirista. T\u00e4m\u00e4 suujarru tarjoaa:<\/p>\n<ul>\n<li>78% rekyylin v\u00e4hennys (Vaapentidingen testannut)<\/li>\n<li>Yhteensopiva Vanward QD55 \u00e4\u00e4nenvaimentimen kanssa<\/li>\n<li>Asennus ja kohdistus mukana tulevalla lukkomutterilla<\/li>\n<li>Paino 174 grammaa<\/li>\n<\/ul>\n<p>Tasapainottaa hylsyn 6.5&#215;47 kaliiperin laukauksen aikana. Sopii tarkkuusampujille, jotka tarvitsevat suorituskyky\u00e4 ja \u00e4\u00e4nenvaimentimen yhteensopivuutta. Vanward Pro-Brake on saatavilla nyt.<\/p>\n<\/div>\n","protected":false},"excerpt":{"rendered":"<p>Kehittynyt rekyylijarru QD55:lle, 78% v\u00e4hennys. Yhteensopiva \u00e4\u00e4nenvaimentimen kanssa.<\/p>\n","protected":false},"featured_media":498972,"template":"","meta":{"_acf_changed":false},"product_brand":[],"product_cat":[13197,13225,13178,13174],"product_tag":[],"class_list":{"0":"post-545064","1":"product","2":"type-product","3":"status-publish","4":"has-post-thumbnail","6":"product_cat-aeaenenvaimentimen-lisaevarusteet","7":"product_cat-kivaeaeri","8":"product_cat-kivaeaerin-aeaenenvaimentimet","9":"product_cat-kivaeaerin-viritys","11":"first","12":"outofstock","13":"taxable","14":"shipping-taxable","15":"product-type-simple"},"acf":[],"_links":{"self":[{"href":"https:\/\/staging.nbg.eu\/fi\/wp-json\/wp\/v2\/product\/545064","targetHints":{"allow":["GET"]}}],"collection":[{"href":"https:\/\/staging.nbg.eu\/fi\/wp-json\/wp\/v2\/product"}],"about":[{"href":"https:\/\/staging.nbg.eu\/fi\/wp-json\/wp\/v2\/types\/product"}],"wp:featuredmedia":[{"embeddable":true,"href":"https:\/\/staging.nbg.eu\/fi\/wp-json\/wp\/v2\/media\/498972"}],"wp:attachment":[{"href":"https:\/\/staging.nbg.eu\/fi\/wp-json\/wp\/v2\/media?parent=545064"}],"wp:term":[{"taxonomy":"product_brand","embeddable":true,"href":"https:\/\/staging.nbg.eu\/fi\/wp-json\/wp\/v2\/product_brand?post=545064"},{"taxonomy":"product_cat","embeddable":true,"href":"https:\/\/staging.nbg.eu\/fi\/wp-json\/wp\/v2\/product_cat?post=545064"},{"taxonomy":"product_tag","embeddable":true,"href":"https:\/\/staging.nbg.eu\/fi\/wp-json\/wp\/v2\/product_tag?post=545064"}],"curies":[{"name":"wp","href":"https:\/\/api.w.org\/{rel}","templated":true}]}}