{"id":544885,"date":"2025-09-05T18:09:58","date_gmt":"2025-09-05T15:09:58","guid":{"rendered":"https:\/\/staging.nbg.eu\/product\/magpul-rubber-butt-pad-0-70\/"},"modified":"2025-10-01T10:15:40","modified_gmt":"2025-10-01T07:15:40","slug":"magpul-kuminen-tukkilevyke-070","status":"publish","type":"product","link":"https:\/\/staging.nbg.eu\/fi\/tuote\/magpul-kuminen-tukkilevyke-070\/","title":{"rendered":"Magpul &#8211; Kuminen Tukkilevyke &#8211; 0.70&#8243;"},"content":{"rendered":"<div class=\"product-description\">\n<h2>Magpul Kuminen Per\u00e4levyn Jatke &#8211; 0,70&#8243;<\/h2>\n<p>Magpul kuminen per\u00e4levyn jatke. T\u00e4m\u00e4 0,70&#8243; jatke sopii useisiin Magpul-tukkeihin, mukaan lukien CTR\u00ae, MOE\u00ae Carbine Mil-Spec, UBR\u00ae, STR\u00ae, ACS-L\u2122 ja ACS-mallit.<\/p>\n<ul>\n<li>Parantaa olkatukea ja v\u00e4hent\u00e4\u00e4 rekyyli\u00e4<\/li>\n<li>Paksumpi, tuuletettu rakenne<\/li>\n<li>Sis\u00e4lt\u00e4\u00e4 kaikki kiinnitysosat<\/li>\n<li>Mitat: 13 x 4 x 1,6 cm (noin)<\/li>\n<li>Paino: 62 g (noin)<\/li>\n<li>Valmistettu Yhdysvalloissa<\/li>\n<\/ul>\n<p><strong>Huomio:<\/strong> Ei yhteensopiva MOE\u00ae Fixed Carbine Stock -mallin kanssa. Saattaa rajoittaa t\u00e4ytt\u00e4 kokoon taittumista Commercial MOE\u00ae\/CTR\u00ae -tukeissa pidennetyn, viistetyn takaosan vuoksi.<\/p>\n<\/div>\n","protected":false},"excerpt":{"rendered":"<p>Paranneltu 0,70 tuuman kuminen per\u00e4levy Magpul-tukeille. Parempi tuki.<\/p>\n","protected":false},"featured_media":498947,"template":"","meta":{"_acf_changed":false},"product_brand":[11552],"product_cat":[13192],"product_tag":[],"class_list":{"0":"post-544885","1":"product","2":"type-product","3":"status-publish","4":"has-post-thumbnail","6":"product_brand-magpul","7":"product_cat-varusteet","9":"first","10":"instock","11":"taxable","12":"shipping-taxable","13":"purchasable","14":"product-type-simple"},"acf":[],"_links":{"self":[{"href":"https:\/\/staging.nbg.eu\/fi\/wp-json\/wp\/v2\/product\/544885","targetHints":{"allow":["GET"]}}],"collection":[{"href":"https:\/\/staging.nbg.eu\/fi\/wp-json\/wp\/v2\/product"}],"about":[{"href":"https:\/\/staging.nbg.eu\/fi\/wp-json\/wp\/v2\/types\/product"}],"wp:featuredmedia":[{"embeddable":true,"href":"https:\/\/staging.nbg.eu\/fi\/wp-json\/wp\/v2\/media\/498947"}],"wp:attachment":[{"href":"https:\/\/staging.nbg.eu\/fi\/wp-json\/wp\/v2\/media?parent=544885"}],"wp:term":[{"taxonomy":"product_brand","embeddable":true,"href":"https:\/\/staging.nbg.eu\/fi\/wp-json\/wp\/v2\/product_brand?post=544885"},{"taxonomy":"product_cat","embeddable":true,"href":"https:\/\/staging.nbg.eu\/fi\/wp-json\/wp\/v2\/product_cat?post=544885"},{"taxonomy":"product_tag","embeddable":true,"href":"https:\/\/staging.nbg.eu\/fi\/wp-json\/wp\/v2\/product_tag?post=544885"}],"curies":[{"name":"wp","href":"https:\/\/api.w.org\/{rel}","templated":true}]}}