{"id":54268,"date":"2024-03-02T07:29:43","date_gmt":"2024-09-13T13:01:53","guid":{"rendered":"https:\/\/staging.nbg.eu\/product\/bore-tech-proof-positive-rifle-jag-multiple-calibers\/"},"modified":"2024-09-13T13:03:00","modified_gmt":"2024-09-13T13:03:00","slug":"bore-tech-proof-positive-kivaeaerin-jag-useita-kaliipereita","status":"publish","type":"product","link":"https:\/\/staging.nbg.eu\/fi\/tuote\/bore-tech-proof-positive-kivaeaerin-jag-useita-kaliipereita\/","title":{"rendered":"Bore Tech Proof-Positive kiv\u00e4\u00e4rin jag (useita kaliipereita)"},"content":{"rendered":"<div class=\"product-description\">\n<h2>Bore Tech Proof-Positive kiv\u00e4\u00e4rin puhdistusk\u00e4rki (Useita kaliipereita)<\/h2>\n<p>Bore Tech Proof-Positive kiv\u00e4\u00e4rin puhdistusk\u00e4rjet on valmistettu messinkivapaasta metalliseoksesta. Ominaisuudet:<\/p>\n<ul>\n<li>Kaksi sarjaa, joissa nelj\u00e4 kosketusrengasta<\/li>\n<li>Koneistettu tarkasti<\/li>\n<li>K\u00e4\u00e4nteinen kartiomuoto<\/li>\n<\/ul>\n<p>Sopii piipun puhdistamiseen.<\/p>\n<\/div>\n","protected":false},"excerpt":{"rendered":"<p>Innovatiivinen piipunpuhdistin est\u00e4\u00e4 v\u00e4\u00e4r\u00e4t kuparilikaantumisen merkit.<\/p>\n","protected":false},"featured_media":54269,"template":"","meta":{"_acf_changed":false},"product_brand":[11151],"product_cat":[13206,13233,13231],"product_tag":[],"class_list":{"0":"post-54268","1":"product","2":"type-product","3":"status-publish","4":"has-post-thumbnail","6":"product_brand-boretech","7":"product_cat-aseen-puhdistus","8":"product_cat-harjat","9":"product_cat-puhdistusnupit","11":"first","12":"instock","13":"taxable","14":"shipping-taxable","15":"purchasable","16":"product-type-variable","17":"wvs-archive-product-wrapper"},"acf":[],"_links":{"self":[{"href":"https:\/\/staging.nbg.eu\/fi\/wp-json\/wp\/v2\/product\/54268","targetHints":{"allow":["GET"]}}],"collection":[{"href":"https:\/\/staging.nbg.eu\/fi\/wp-json\/wp\/v2\/product"}],"about":[{"href":"https:\/\/staging.nbg.eu\/fi\/wp-json\/wp\/v2\/types\/product"}],"wp:featuredmedia":[{"embeddable":true,"href":"https:\/\/staging.nbg.eu\/fi\/wp-json\/wp\/v2\/media\/54269"}],"wp:attachment":[{"href":"https:\/\/staging.nbg.eu\/fi\/wp-json\/wp\/v2\/media?parent=54268"}],"wp:term":[{"taxonomy":"product_brand","embeddable":true,"href":"https:\/\/staging.nbg.eu\/fi\/wp-json\/wp\/v2\/product_brand?post=54268"},{"taxonomy":"product_cat","embeddable":true,"href":"https:\/\/staging.nbg.eu\/fi\/wp-json\/wp\/v2\/product_cat?post=54268"},{"taxonomy":"product_tag","embeddable":true,"href":"https:\/\/staging.nbg.eu\/fi\/wp-json\/wp\/v2\/product_tag?post=54268"}],"curies":[{"name":"wp","href":"https:\/\/api.w.org\/{rel}","templated":true}]}}