{"id":541216,"date":"2025-09-05T18:09:57","date_gmt":"2025-09-05T15:09:57","guid":{"rendered":"https:\/\/staging.nbg.eu\/product\/ase-utra-borelock-30-338-muzzle-brake-5-8x24-unef\/"},"modified":"2025-09-30T17:55:11","modified_gmt":"2025-09-30T14:55:11","slug":"ase-utra-borelock-30338-suujarru-58x24-unef","status":"publish","type":"product","link":"https:\/\/staging.nbg.eu\/fi\/tuote\/ase-utra-borelock-30338-suujarru-58x24-unef\/","title":{"rendered":"ASE UTRA BoreLock .30\/.338 suujarru 5\/8&#8243;x24 UNEF"},"content":{"rendered":"<h2>ASE UTRA BoreLock .30\/.338 Suujarru 5\/8&#8243;x24 UNEF<\/h2>\n<p>ASE UTRA BoreLock .30\/.338 Suujarru (Koodi: 365P-AU761). Kaksiosainen rakenne mahdollistaa asennuksen ilman aluslevyj\u00e4 tai v\u00e4lilevyj\u00e4.<\/p>\n<h2>Ominaisuudet:<\/h2>\n<ul>\n<li>Yhteensopiva .30 ja .338 kaliiperin aseiden kanssa<\/li>\n<li>5\/8&#8243;x24 UNEF-kierre<\/li>\n<li>Kaksiosainen BoreLock-rakenne asennusta varten<\/li>\n<li>Ei vaadi aluslevyj\u00e4 tai v\u00e4lilevyj\u00e4<\/li>\n<li>Tarkka kohdistus<\/li>\n<li>V\u00e4hent\u00e4\u00e4 rekyyli\u00e4 ja piipun nousua<\/li>\n<\/ul>\n<p>ASE UTRA BoreLock Suujarru on suunniteltu helppok\u00e4ytt\u00f6iseksi.<\/p>\n","protected":false},"excerpt":{"rendered":"<p>ASE UTRA BoreLock .30\/.338 suujarru: Nopea ja varma asennus, ei vaadi v\u00e4lilevyj\u00e4.<\/p>\n","protected":false},"featured_media":498917,"template":"","meta":{"_acf_changed":false},"product_brand":[],"product_cat":[13197,13225,13178,13174],"product_tag":[],"class_list":{"0":"post-541216","1":"product","2":"type-product","3":"status-publish","4":"has-post-thumbnail","6":"product_cat-aeaenenvaimentimen-lisaevarusteet","7":"product_cat-kivaeaeri","8":"product_cat-kivaeaerin-aeaenenvaimentimet","9":"product_cat-kivaeaerin-viritys","11":"first","12":"instock","13":"taxable","14":"shipping-taxable","15":"purchasable","16":"product-type-simple"},"acf":[],"_links":{"self":[{"href":"https:\/\/staging.nbg.eu\/fi\/wp-json\/wp\/v2\/product\/541216","targetHints":{"allow":["GET"]}}],"collection":[{"href":"https:\/\/staging.nbg.eu\/fi\/wp-json\/wp\/v2\/product"}],"about":[{"href":"https:\/\/staging.nbg.eu\/fi\/wp-json\/wp\/v2\/types\/product"}],"wp:featuredmedia":[{"embeddable":true,"href":"https:\/\/staging.nbg.eu\/fi\/wp-json\/wp\/v2\/media\/498917"}],"wp:attachment":[{"href":"https:\/\/staging.nbg.eu\/fi\/wp-json\/wp\/v2\/media?parent=541216"}],"wp:term":[{"taxonomy":"product_brand","embeddable":true,"href":"https:\/\/staging.nbg.eu\/fi\/wp-json\/wp\/v2\/product_brand?post=541216"},{"taxonomy":"product_cat","embeddable":true,"href":"https:\/\/staging.nbg.eu\/fi\/wp-json\/wp\/v2\/product_cat?post=541216"},{"taxonomy":"product_tag","embeddable":true,"href":"https:\/\/staging.nbg.eu\/fi\/wp-json\/wp\/v2\/product_tag?post=541216"}],"curies":[{"name":"wp","href":"https:\/\/api.w.org\/{rel}","templated":true}]}}